{"id":6755,"date":"2025-02-15T12:16:52","date_gmt":"2025-02-15T11:16:52","guid":{"rendered":"https:\/\/www.study-online-language.com\/?post_type=product&#038;p=6755"},"modified":"2025-02-15T12:20:47","modified_gmt":"2025-02-15T11:20:47","slug":"anglescina-modul-16","status":"publish","type":"product","link":"https:\/\/www.study-online-language.com\/en\/product\/anglescina-modul-16\/","title":{"rendered":"English: Module 16"},"content":{"rendered":"<p><span style=\"font-weight: 400;\">Small talk and change are the focus of this module \u2013 weather conditions, expressing your feelings and discussing changes in society. Make predictions and talk about the future with a mix of future tenses, talk about the past and present with <\/span><i><span style=\"font-weight: 400;\">used to<\/span><\/i><span style=\"font-weight: 400;\">, <\/span><i><span style=\"font-weight: 400;\">be used to<\/span><\/i><span style=\"font-weight: 400;\"> and <\/span><i><span style=\"font-weight: 400;\">get used to<\/span><\/i><span style=\"font-weight: 400;\">, and top it off with mixed conditionals. Completing this module will boost your confidence and you\u2019ll find yourself chatting more freely even about complex topics.<\/span><\/p>\n<p>Module 16 covers the last three chapters of the fourth level of English:<\/p>\n<p><strong>English 4j: Will it have stopped raining by then?<\/strong><\/p>\n<p>The weather! An endless topic for small talk. When was the last time you soaked up the sun or experienced torrential rain? Read about a freak storm and learn all about extreme weather conditions. Watch a video about the climate in 2050 and help make predictions using a mix of future tenses. Mastering the future continuous, future perfect simple and future perfect continuous make talking about future events super easy!<\/p>\n<p><strong>English 4k: Get used to lasting happiness!<\/strong><\/p>\n<p>Learn to talk about a myriad of feelings. From happy occasions to huge disappointments. Who is in high spirits? Who needs to keep their chin up? Why was Jenny worried sick? Read an advice column and learn more expressions to describe how you feel. Kathy\u2019s letter introduces you to the differences between used to, be used to and get used to. Let\u2019s go!<\/p>\n<p><strong>English 4l: Changes in the modern world<\/strong><\/p>\n<p>Things change every day, even though we don\u2019t always notice how much. Have you ever thought about a cashless society? Capital flow, snooping and making a move are only a few of the phrases you\u2019ll learn in the article. Watch a video about how recent events have led to a paradigm shift in work culture \u2013 has your office space changed radically too? Discuss the possibilities of a changing society using mixed conditionals.<\/p>","protected":false},"excerpt":{"rendered":"<p>Teme za \u010dvek in spremembe so osrednja tema tega modula \u2013 vremenske razmere, izra\u017eanje \u010dustev in razpravljanje o spremembah v dru\u017ebi. Naredi napovedi in govori o prihodnosti z me\u0161anico prihodnjih \u010dasov, govori o preteklosti in sedanjosti z used to, be used to in get used to, in vse skupaj zaklju\u010dimo z me\u0161animi pogojniki. Zaklju\u010dek tega [&hellip;]<\/p>","protected":false},"featured_media":6721,"comment_status":"open","ping_status":"closed","template":"","meta":{"content-type":"","jetpack_post_was_ever_published":false},"product_brand":[],"product_cat":[37,352],"product_tag":[168,373,372,374,375,358],"class_list":{"0":"post-6755","1":"product","2":"type-product","3":"status-publish","4":"has-post-thumbnail","6":"product_cat-anglescina","7":"product_cat-modul-16","8":"product_tag-anglescina","9":"product_tag-modul-16","10":"product_tag-poglavje-4j","11":"product_tag-poglavje-4k","12":"product_tag-poglavje-4l","13":"product_tag-stopnja-4","14":"wpbf-post","17":"instock","18":"sale","19":"virtual","20":"sold-individually","21":"taxable","22":"purchasable","23":"product-type-simple"},"_links":{"self":[{"href":"https:\/\/www.study-online-language.com\/en\/wp-json\/wp\/v2\/product\/6755","targetHints":{"allow":["GET"]}}],"collection":[{"href":"https:\/\/www.study-online-language.com\/en\/wp-json\/wp\/v2\/product"}],"about":[{"href":"https:\/\/www.study-online-language.com\/en\/wp-json\/wp\/v2\/types\/product"}],"replies":[{"embeddable":true,"href":"https:\/\/www.study-online-language.com\/en\/wp-json\/wp\/v2\/comments?post=6755"}],"wp:featuredmedia":[{"embeddable":true,"href":"https:\/\/www.study-online-language.com\/en\/wp-json\/wp\/v2\/media\/6721"}],"wp:attachment":[{"href":"https:\/\/www.study-online-language.com\/en\/wp-json\/wp\/v2\/media?parent=6755"}],"wp:term":[{"taxonomy":"product_brand","embeddable":true,"href":"https:\/\/www.study-online-language.com\/en\/wp-json\/wp\/v2\/product_brand?post=6755"},{"taxonomy":"product_cat","embeddable":true,"href":"https:\/\/www.study-online-language.com\/en\/wp-json\/wp\/v2\/product_cat?post=6755"},{"taxonomy":"product_tag","embeddable":true,"href":"https:\/\/www.study-online-language.com\/en\/wp-json\/wp\/v2\/product_tag?post=6755"}],"curies":[{"name":"wp","href":"https:\/\/api.w.org\/{rel}","templated":true}]}}