{"id":6754,"date":"2025-02-15T12:08:23","date_gmt":"2025-02-15T11:08:23","guid":{"rendered":"https:\/\/www.study-online-language.com\/?post_type=product&#038;p=6754"},"modified":"2025-02-15T12:13:24","modified_gmt":"2025-02-15T11:13:24","slug":"anglescina-modul-15","status":"publish","type":"product","link":"https:\/\/www.study-online-language.com\/en\/product\/anglescina-modul-15\/","title":{"rendered":"English: Module 15"},"content":{"rendered":"<p><span style=\"font-weight: 400;\">Start this module by talking about time \u2013 how to spend it, how to kill it and how to make the most of it. Relative clauses are a must and learning the difference between essential and non-essential information goes a long way towards writing like a native. Continue by planning your perfect road trip and learning driving phrasal verbs. Talk about accidents and what could have happened differently if the circumstances had been different (you\u2019ve guessed it - that\u2019s the third conditional). Finish with the tasty topic of food, one of the best ice-breakers around and learn about questions tags. It can\u2019t be that difficult, can it?<\/span><\/p>\n<p>Module 15 covers three chapters of the fourth level of English:<\/p>\n<p><strong>English 4g: The project I made time for<\/strong><\/p>\n<p>How often do you make time for friends and family? What are your favourite activities to kill time? How do you tell your boss that you ran out of time to complete his orders? Learn more phrases to talk about time with Jim, Henry and Steven. Whose prospects are better? Whom does Jim want to help? Adding essential and non-essential information is an important skill, and this unit teaches you much more than just the basics of using who, which, that, whom, whose and more.<\/p>\n<p><strong>Angle\u0161\u010dina 4h: If I hadn\u2019t pulled over \u2026<\/strong><\/p>\n<p>Do you know the difference between pull up, pull in and pull over? Learn a whole new set of phrases and phrasal verbs to talk about driving. Plan your perfect road trip and learn some useful tips and tricks along the way. Refresh your knowledge of irregular verbs and dive into changing the past with the third conditional. It\u2019s exciting to speculate about what could have happened differently, don\u2019t you think?<\/p>\n<p><strong>Angle\u0161\u010dina 4i: That smells good, doesn\u2019t it?<\/strong><\/p>\n<p>Don\u2019t we all just love to talk about food! Gourmet meals, refreshing drinks, pigging out and more tasty, food-related vocabulary awaits you in this unit. Do you eat three square meals a day because you have a healthy appetite? I sure hope so! Eating organic food is important, isn\u2019t it? Food additives aren\u2019t very healthy, are they? You do know what I\u2019m getting at, don\u2019t you? Yes, this unit teaches you all there is to know about question tags.<\/p>","protected":false},"excerpt":{"rendered":"<p>Za\u010dni ta modul z govorjenjem o \u010dasu \u2013 kako ga pre\u017eiveti, kako ga zapolniti in kako izkoristiti vsak trenutek. U\u010denje razlike med bistvenimi in nebistvenimi informacijami pa ti bo zelo pomagalo, da bo\u0161 pisal\/a kot naravni govorec. Nadaljuj z na\u010drtovanjem popolnega izleta in u\u010denjem naprednih fraz za vo\u017enjo. Pogovarjaj se o nesre\u010dah in tem, kaj [&hellip;]<\/p>","protected":false},"featured_media":6720,"comment_status":"open","ping_status":"closed","template":"","meta":{"content-type":"","jetpack_post_was_ever_published":false},"product_brand":[],"product_cat":[37,351],"product_tag":[168,367,368,369,370,358],"class_list":{"0":"post-6754","1":"product","2":"type-product","3":"status-publish","4":"has-post-thumbnail","6":"product_cat-anglescina","7":"product_cat-modul-15","8":"product_tag-anglescina","9":"product_tag-modul-15","10":"product_tag-poglavje-4g","11":"product_tag-poglavje-4h","12":"product_tag-poglavje-4i","13":"product_tag-stopnja-4","14":"wpbf-post","17":"instock","18":"sale","19":"virtual","20":"sold-individually","21":"taxable","22":"purchasable","23":"product-type-simple"},"_links":{"self":[{"href":"https:\/\/www.study-online-language.com\/en\/wp-json\/wp\/v2\/product\/6754","targetHints":{"allow":["GET"]}}],"collection":[{"href":"https:\/\/www.study-online-language.com\/en\/wp-json\/wp\/v2\/product"}],"about":[{"href":"https:\/\/www.study-online-language.com\/en\/wp-json\/wp\/v2\/types\/product"}],"replies":[{"embeddable":true,"href":"https:\/\/www.study-online-language.com\/en\/wp-json\/wp\/v2\/comments?post=6754"}],"wp:featuredmedia":[{"embeddable":true,"href":"https:\/\/www.study-online-language.com\/en\/wp-json\/wp\/v2\/media\/6720"}],"wp:attachment":[{"href":"https:\/\/www.study-online-language.com\/en\/wp-json\/wp\/v2\/media?parent=6754"}],"wp:term":[{"taxonomy":"product_brand","embeddable":true,"href":"https:\/\/www.study-online-language.com\/en\/wp-json\/wp\/v2\/product_brand?post=6754"},{"taxonomy":"product_cat","embeddable":true,"href":"https:\/\/www.study-online-language.com\/en\/wp-json\/wp\/v2\/product_cat?post=6754"},{"taxonomy":"product_tag","embeddable":true,"href":"https:\/\/www.study-online-language.com\/en\/wp-json\/wp\/v2\/product_tag?post=6754"}],"curies":[{"name":"wp","href":"https:\/\/api.w.org\/{rel}","templated":true}]}}