{"id":6751,"date":"2025-02-15T11:45:27","date_gmt":"2025-02-15T10:45:27","guid":{"rendered":"https:\/\/www.study-online-language.com\/?post_type=product&#038;p=6751"},"modified":"2025-02-15T12:41:30","modified_gmt":"2025-02-15T11:41:30","slug":"anglescina-4l-changes-in-the-modern-world","status":"publish","type":"product","link":"https:\/\/www.study-online-language.com\/en\/product\/anglescina-4l-changes-in-the-modern-world\/","title":{"rendered":"English 4l: Changes in the modern world"},"content":{"rendered":"<p><span style=\"font-weight: 400;\">Things change every day, even though we don\u2019t always notice how much. Have you ever thought about a cashless society? Capital flow, snooping and making a move are only a few of the phrases you\u2019ll learn in the article. Watch a video about how recent events have led to a paradigm shift in work culture \u2013 has your office space changed radically too? Discuss the possibilities of a changing society using mixed conditionals.<\/span><\/p>","protected":false},"excerpt":{"rendered":"<p>Stvari se spreminjajo vsak dan, \u010deprav ne opazimo vedno, kako zelo. Ste \u017ee kdaj pomislili na brezgotovinsko dru\u017ebo? Pretok kapitala, vohunjenje in sprejemanje ukrepov so le nekatere fraze, ki se jih boste nau\u010dili v \u010dlanku. Oglejte si video o tem, kako so nedavni dogodki povzro\u010dili spremembo paradigme v delovni kulturi \u2013 se je tudi va\u0161e [&hellip;]<\/p>","protected":false},"featured_media":6717,"comment_status":"open","ping_status":"closed","template":"","meta":{"content-type":"","jetpack_post_was_ever_published":false},"product_brand":[],"product_cat":[37,352],"product_tag":[168,373,375,358],"class_list":{"0":"post-6751","1":"product","2":"type-product","3":"status-publish","4":"has-post-thumbnail","6":"product_cat-anglescina","7":"product_cat-modul-16","8":"product_tag-anglescina","9":"product_tag-modul-16","10":"product_tag-poglavje-4l","11":"product_tag-stopnja-4","12":"wpbf-post","15":"instock","16":"virtual","17":"sold-individually","18":"taxable","19":"purchasable","20":"product-type-simple"},"_links":{"self":[{"href":"https:\/\/www.study-online-language.com\/en\/wp-json\/wp\/v2\/product\/6751","targetHints":{"allow":["GET"]}}],"collection":[{"href":"https:\/\/www.study-online-language.com\/en\/wp-json\/wp\/v2\/product"}],"about":[{"href":"https:\/\/www.study-online-language.com\/en\/wp-json\/wp\/v2\/types\/product"}],"replies":[{"embeddable":true,"href":"https:\/\/www.study-online-language.com\/en\/wp-json\/wp\/v2\/comments?post=6751"}],"wp:featuredmedia":[{"embeddable":true,"href":"https:\/\/www.study-online-language.com\/en\/wp-json\/wp\/v2\/media\/6717"}],"wp:attachment":[{"href":"https:\/\/www.study-online-language.com\/en\/wp-json\/wp\/v2\/media?parent=6751"}],"wp:term":[{"taxonomy":"product_brand","embeddable":true,"href":"https:\/\/www.study-online-language.com\/en\/wp-json\/wp\/v2\/product_brand?post=6751"},{"taxonomy":"product_cat","embeddable":true,"href":"https:\/\/www.study-online-language.com\/en\/wp-json\/wp\/v2\/product_cat?post=6751"},{"taxonomy":"product_tag","embeddable":true,"href":"https:\/\/www.study-online-language.com\/en\/wp-json\/wp\/v2\/product_tag?post=6751"}],"curies":[{"name":"wp","href":"https:\/\/api.w.org\/{rel}","templated":true}]}}