{"id":6748,"date":"2025-02-15T11:33:18","date_gmt":"2025-02-15T10:33:18","guid":{"rendered":"https:\/\/www.study-online-language.com\/?post_type=product&#038;p=6748"},"modified":"2025-02-15T12:39:58","modified_gmt":"2025-02-15T11:39:58","slug":"anglescina-4i-that-smells-good-doesnt-it","status":"publish","type":"product","link":"https:\/\/www.study-online-language.com\/en\/product\/anglescina-4i-that-smells-good-doesnt-it\/","title":{"rendered":"English 4i: That smells good, doesn\u2019t it?"},"content":{"rendered":"<p><span style=\"font-weight: 400;\">Don\u2019t we all just love to talk about food! Gourmet meals, refreshing drinks, pigging out and more tasty, food-related vocabulary awaits you in this unit. Do you eat three square meals a day because you have a healthy appetite? I sure hope so! Eating organic food is important, isn\u2019t it? Food additives aren\u2019t very healthy, are they? You do know what I\u2019m getting at, don\u2019t you? Yes, this unit teaches you all there is to know about question tags.<\/span><\/p>","protected":false},"excerpt":{"rendered":"<p>Vsi obo\u017eujemo govoriti o hrani, kajne? Gurmanske jedi, osve\u017eilni napitki in \u0161e ve\u010d okusnega besedi\u0161\u010da, povezanega s hrano, vas \u010daka v tej enoti. Jeste tri glavne obroke na dan, ker imate zdrav apetit? Upamo, da ja! Je pomembno jesti ekolo\u0161ko hrano? Hranila v hrani niso zelo zdrava? Vidite, na kaj namigujemo, kajne? Ja, ta enota [&hellip;]<\/p>","protected":false},"featured_media":6714,"comment_status":"open","ping_status":"closed","template":"","meta":{"content-type":"","jetpack_post_was_ever_published":false},"product_brand":[],"product_cat":[37,351],"product_tag":[168,367,370,358],"class_list":{"0":"post-6748","1":"product","2":"type-product","3":"status-publish","4":"has-post-thumbnail","6":"product_cat-anglescina","7":"product_cat-modul-15","8":"product_tag-anglescina","9":"product_tag-modul-15","10":"product_tag-poglavje-4i","11":"product_tag-stopnja-4","12":"wpbf-post","15":"instock","16":"virtual","17":"sold-individually","18":"taxable","19":"purchasable","20":"product-type-simple"},"_links":{"self":[{"href":"https:\/\/www.study-online-language.com\/en\/wp-json\/wp\/v2\/product\/6748","targetHints":{"allow":["GET"]}}],"collection":[{"href":"https:\/\/www.study-online-language.com\/en\/wp-json\/wp\/v2\/product"}],"about":[{"href":"https:\/\/www.study-online-language.com\/en\/wp-json\/wp\/v2\/types\/product"}],"replies":[{"embeddable":true,"href":"https:\/\/www.study-online-language.com\/en\/wp-json\/wp\/v2\/comments?post=6748"}],"wp:featuredmedia":[{"embeddable":true,"href":"https:\/\/www.study-online-language.com\/en\/wp-json\/wp\/v2\/media\/6714"}],"wp:attachment":[{"href":"https:\/\/www.study-online-language.com\/en\/wp-json\/wp\/v2\/media?parent=6748"}],"wp:term":[{"taxonomy":"product_brand","embeddable":true,"href":"https:\/\/www.study-online-language.com\/en\/wp-json\/wp\/v2\/product_brand?post=6748"},{"taxonomy":"product_cat","embeddable":true,"href":"https:\/\/www.study-online-language.com\/en\/wp-json\/wp\/v2\/product_cat?post=6748"},{"taxonomy":"product_tag","embeddable":true,"href":"https:\/\/www.study-online-language.com\/en\/wp-json\/wp\/v2\/product_tag?post=6748"}],"curies":[{"name":"wp","href":"https:\/\/api.w.org\/{rel}","templated":true}]}}