{"id":6747,"date":"2025-02-15T11:30:11","date_gmt":"2025-02-15T10:30:11","guid":{"rendered":"https:\/\/www.study-online-language.com\/?post_type=product&#038;p=6747"},"modified":"2025-02-15T12:39:16","modified_gmt":"2025-02-15T11:39:16","slug":"anglescina-4h-if-i-hadnt-pulled-over","status":"publish","type":"product","link":"https:\/\/www.study-online-language.com\/en\/product\/anglescina-4h-if-i-hadnt-pulled-over\/","title":{"rendered":"English 4h: If I hadn\u2019t pulled over \u2026"},"content":{"rendered":"<p><span style=\"font-weight: 400;\">Do you know the difference between <\/span><i><span style=\"font-weight: 400;\">pull up<\/span><\/i><span style=\"font-weight: 400;\">, <\/span><i><span style=\"font-weight: 400;\">pull in<\/span><\/i><span style=\"font-weight: 400;\"> and <\/span><i><span style=\"font-weight: 400;\">pull over<\/span><\/i><span style=\"font-weight: 400;\">? Learn a whole new set of phrases and phrasal verbs to talk about driving. Plan your perfect road trip and learn some useful tips and tricks along the way. Refresh your knowledge of irregular verbs and dive into changing the past with the third conditional. It\u2019s exciting to speculate about what could have happened differently, don\u2019t you think?<\/span><\/p>","protected":false},"excerpt":{"rendered":"<p>Poznate razliko med pull up, pull in in pull over? Nau\u010dite se ne\u0161teto povsem novih fraz za pogovor o vo\u017enji. Na\u010drtujte svoj popolni izlet in spoznajte nekaj koristnih nasvetov in trikov po poti. Osve\u017eite svoje znanje nepravilnih glagolov in poglobite se v spreminjanje preteklosti s tretjim pogojnikom. Zanimivo je ugibati, kako bi se stvari lahko [&hellip;]<\/p>","protected":false},"featured_media":6713,"comment_status":"open","ping_status":"closed","template":"","meta":{"content-type":"","jetpack_post_was_ever_published":false},"product_brand":[],"product_cat":[37,351],"product_tag":[168,367,369,358],"class_list":{"0":"post-6747","1":"product","2":"type-product","3":"status-publish","4":"has-post-thumbnail","6":"product_cat-anglescina","7":"product_cat-modul-15","8":"product_tag-anglescina","9":"product_tag-modul-15","10":"product_tag-poglavje-4h","11":"product_tag-stopnja-4","12":"wpbf-post","15":"instock","16":"virtual","17":"sold-individually","18":"taxable","19":"purchasable","20":"product-type-simple"},"_links":{"self":[{"href":"https:\/\/www.study-online-language.com\/en\/wp-json\/wp\/v2\/product\/6747","targetHints":{"allow":["GET"]}}],"collection":[{"href":"https:\/\/www.study-online-language.com\/en\/wp-json\/wp\/v2\/product"}],"about":[{"href":"https:\/\/www.study-online-language.com\/en\/wp-json\/wp\/v2\/types\/product"}],"replies":[{"embeddable":true,"href":"https:\/\/www.study-online-language.com\/en\/wp-json\/wp\/v2\/comments?post=6747"}],"wp:featuredmedia":[{"embeddable":true,"href":"https:\/\/www.study-online-language.com\/en\/wp-json\/wp\/v2\/media\/6713"}],"wp:attachment":[{"href":"https:\/\/www.study-online-language.com\/en\/wp-json\/wp\/v2\/media?parent=6747"}],"wp:term":[{"taxonomy":"product_brand","embeddable":true,"href":"https:\/\/www.study-online-language.com\/en\/wp-json\/wp\/v2\/product_brand?post=6747"},{"taxonomy":"product_cat","embeddable":true,"href":"https:\/\/www.study-online-language.com\/en\/wp-json\/wp\/v2\/product_cat?post=6747"},{"taxonomy":"product_tag","embeddable":true,"href":"https:\/\/www.study-online-language.com\/en\/wp-json\/wp\/v2\/product_tag?post=6747"}],"curies":[{"name":"wp","href":"https:\/\/api.w.org\/{rel}","templated":true}]}}