{"id":6744,"date":"2025-02-15T11:21:44","date_gmt":"2025-02-15T10:21:44","guid":{"rendered":"https:\/\/www.study-online-language.com\/?post_type=product&#038;p=6744"},"modified":"2025-02-15T12:37:18","modified_gmt":"2025-02-15T11:37:18","slug":"anglescina-4e-opinions-on-the-subjects-were-divided","status":"publish","type":"product","link":"https:\/\/www.study-online-language.com\/en\/product\/anglescina-4e-opinions-on-the-subjects-were-divided\/","title":{"rendered":"English 4e: Opinions on the subjects were divided"},"content":{"rendered":"<p><span style=\"font-weight: 400;\">Express your beliefs about making assumptions, but don\u2019t cast doubt on your friend\u2019s new discovery! Have you ever coloured someone\u2019s judgement? Discuss these collocations and more, then learn some fun facts about medieval beliefs: did you know, for example, that eels were used for paying rent? Used by whom? It doesn\u2019t matter! Welcome to the joys of the passive voice where actions matter above all.\u00a0<\/span><\/p>","protected":false},"excerpt":{"rendered":"<p>Izrazite svoja prepri\u010danja o postavljanju domnev, a ne dvomiti v prijateljevo novo odkritje! Ste \u017ee kdaj vplivali na presojo nekoga? Pogovorite se o teh besednih zvezah in \u0161e ve\u010d, nato pa spoznajte nekaj zabavnih dejstev o srednjeve\u0161kih prepri\u010danjih: ste vedeli, da so se jegulje uporabljale za pla\u010dilo najemnine? Ja, kdo pa je pla\u010deval z njimi? [&hellip;]<\/p>","protected":false},"featured_media":6710,"comment_status":"open","ping_status":"closed","template":"","meta":{"content-type":"","jetpack_post_was_ever_published":false},"product_brand":[],"product_cat":[37,350],"product_tag":[168,362,364,358],"class_list":{"0":"post-6744","1":"product","2":"type-product","3":"status-publish","4":"has-post-thumbnail","6":"product_cat-anglescina","7":"product_cat-modul-14","8":"product_tag-anglescina","9":"product_tag-modul-14","10":"product_tag-poglavje-4e","11":"product_tag-stopnja-4","12":"wpbf-post","15":"instock","16":"virtual","17":"sold-individually","18":"taxable","19":"purchasable","20":"product-type-simple"},"_links":{"self":[{"href":"https:\/\/www.study-online-language.com\/en\/wp-json\/wp\/v2\/product\/6744","targetHints":{"allow":["GET"]}}],"collection":[{"href":"https:\/\/www.study-online-language.com\/en\/wp-json\/wp\/v2\/product"}],"about":[{"href":"https:\/\/www.study-online-language.com\/en\/wp-json\/wp\/v2\/types\/product"}],"replies":[{"embeddable":true,"href":"https:\/\/www.study-online-language.com\/en\/wp-json\/wp\/v2\/comments?post=6744"}],"wp:featuredmedia":[{"embeddable":true,"href":"https:\/\/www.study-online-language.com\/en\/wp-json\/wp\/v2\/media\/6710"}],"wp:attachment":[{"href":"https:\/\/www.study-online-language.com\/en\/wp-json\/wp\/v2\/media?parent=6744"}],"wp:term":[{"taxonomy":"product_brand","embeddable":true,"href":"https:\/\/www.study-online-language.com\/en\/wp-json\/wp\/v2\/product_brand?post=6744"},{"taxonomy":"product_cat","embeddable":true,"href":"https:\/\/www.study-online-language.com\/en\/wp-json\/wp\/v2\/product_cat?post=6744"},{"taxonomy":"product_tag","embeddable":true,"href":"https:\/\/www.study-online-language.com\/en\/wp-json\/wp\/v2\/product_tag?post=6744"}],"curies":[{"name":"wp","href":"https:\/\/api.w.org\/{rel}","templated":true}]}}