{"id":6703,"date":"2025-02-14T21:19:23","date_gmt":"2025-02-14T20:19:23","guid":{"rendered":"https:\/\/www.study-online-language.com\/?post_type=product&#038;p=6703"},"modified":"2025-02-15T12:34:43","modified_gmt":"2025-02-15T11:34:43","slug":"anglescina-4a-how-much-is-a-little-cash","status":"publish","type":"product","link":"https:\/\/www.study-online-language.com\/en\/product\/anglescina-4a-how-much-is-a-little-cash\/","title":{"rendered":"English 4a: How much is a little cash?\u200b"},"content":{"rendered":"<p><span style=\"font-weight: 400;\">How much is a little cash? This unit takes you through idioms about financial circumstance, money metaphors and many different phrases for discussing money! Are you well off or living on the breadline? Do you remember that time you had to pay through your nose to get something fixed? Talk about lending and borrowing money with your tutor, then read Anny\u2019s story of success. Were all her dreams fulfilled, or all of her dreams fulfilled? Using quantifiers without any difficulty is an important skill! Complete this unit to learn more.<\/span><\/p>","protected":false},"excerpt":{"rendered":"<p>Koliko je malo denarja? Ta enota vas popelje skozi idome o finan\u010dnem stanju, metafore o denarju in \u0161tevilne razli\u010dne fraze za pogovor o denarju! Ste dobro situirani ali \u017eivite na robu rev\u0161\u010dine? Se spomnite tistega \u010dasa, ko ste morali pla\u010dati celo preve\u010d, da bi nekaj popravili? Pogovorite se o posojanju in izposojanju denarja s svojim [&hellip;]<\/p>","protected":false},"featured_media":6706,"comment_status":"open","ping_status":"closed","template":"","meta":{"content-type":"","jetpack_post_was_ever_published":false},"product_brand":[],"product_cat":[37,349],"product_tag":[168,356,357,358],"class_list":{"0":"post-6703","1":"product","2":"type-product","3":"status-publish","4":"has-post-thumbnail","6":"product_cat-anglescina","7":"product_cat-modul-13","8":"product_tag-anglescina","9":"product_tag-modul-13","10":"product_tag-poglavje-4a","11":"product_tag-stopnja-4","12":"wpbf-post","15":"instock","16":"virtual","17":"sold-individually","18":"taxable","19":"purchasable","20":"product-type-simple"},"_links":{"self":[{"href":"https:\/\/www.study-online-language.com\/en\/wp-json\/wp\/v2\/product\/6703","targetHints":{"allow":["GET"]}}],"collection":[{"href":"https:\/\/www.study-online-language.com\/en\/wp-json\/wp\/v2\/product"}],"about":[{"href":"https:\/\/www.study-online-language.com\/en\/wp-json\/wp\/v2\/types\/product"}],"replies":[{"embeddable":true,"href":"https:\/\/www.study-online-language.com\/en\/wp-json\/wp\/v2\/comments?post=6703"}],"wp:featuredmedia":[{"embeddable":true,"href":"https:\/\/www.study-online-language.com\/en\/wp-json\/wp\/v2\/media\/6706"}],"wp:attachment":[{"href":"https:\/\/www.study-online-language.com\/en\/wp-json\/wp\/v2\/media?parent=6703"}],"wp:term":[{"taxonomy":"product_brand","embeddable":true,"href":"https:\/\/www.study-online-language.com\/en\/wp-json\/wp\/v2\/product_brand?post=6703"},{"taxonomy":"product_cat","embeddable":true,"href":"https:\/\/www.study-online-language.com\/en\/wp-json\/wp\/v2\/product_cat?post=6703"},{"taxonomy":"product_tag","embeddable":true,"href":"https:\/\/www.study-online-language.com\/en\/wp-json\/wp\/v2\/product_tag?post=6703"}],"curies":[{"name":"wp","href":"https:\/\/api.w.org\/{rel}","templated":true}]}}