{"id":6693,"date":"2025-02-13T22:56:45","date_gmt":"2025-02-13T21:56:45","guid":{"rendered":"https:\/\/www.study-online-language.com\/?post_type=product&#038;p=6693"},"modified":"2025-02-14T21:15:20","modified_gmt":"2025-02-14T20:15:20","slug":"anglescina-2h-learning-about-animals","status":"publish","type":"product","link":"https:\/\/www.study-online-language.com\/en\/product\/anglescina-2h-learning-about-animals\/","title":{"rendered":"English 2h: Learning about animals"},"content":{"rendered":"<p><span style=\"font-weight: 400;\">Let\u2019s learn more about the animal kingdom! Do you know what the smallest animal in the world is? What about the fastest? Read all about it, then watch a video about Australian wildlife. Some pretty crazy animals live there! Talk about facts of nature with the zero conditional, then learn how to correctly talk about things you enjoy doing and things you would love to do.<\/span><\/p>","protected":false},"excerpt":{"rendered":"<p>Spoznajmo ve\u010d o \u017eivalskem kraljestvu! Veste, katera je najmanj\u0161a \u017eival na svetu? Kaj pa najhitrej\u0161a? Preberite vse o tem, nato pa si oglejte video o \u017eivalih v Avstraliji. Tam \u017eivijo res nore \u017eivali! Pogovorite se o naravnih dejstvih z ni\u010delnim pogojnikom, nato pa se nau\u010dite pravilno govoriti o stvareh, v katerih u\u017eivate, in tistih, ki [&hellip;]<\/p>","protected":false},"featured_media":6680,"comment_status":"open","ping_status":"closed","template":"","meta":{"content-type":"","jetpack_post_was_ever_published":false},"product_brand":[],"product_cat":[345],"product_tag":[168,337,347,323],"class_list":{"0":"post-6693","1":"product","2":"type-product","3":"status-publish","4":"has-post-thumbnail","6":"product_cat-modul-7","7":"product_tag-anglescina","8":"product_tag-modul-5","9":"product_tag-poglavje-2h","10":"product_tag-stopnja-2","11":"wpbf-post","14":"instock","15":"virtual","16":"sold-individually","17":"taxable","18":"purchasable","19":"product-type-simple"},"_links":{"self":[{"href":"https:\/\/www.study-online-language.com\/en\/wp-json\/wp\/v2\/product\/6693","targetHints":{"allow":["GET"]}}],"collection":[{"href":"https:\/\/www.study-online-language.com\/en\/wp-json\/wp\/v2\/product"}],"about":[{"href":"https:\/\/www.study-online-language.com\/en\/wp-json\/wp\/v2\/types\/product"}],"replies":[{"embeddable":true,"href":"https:\/\/www.study-online-language.com\/en\/wp-json\/wp\/v2\/comments?post=6693"}],"wp:featuredmedia":[{"embeddable":true,"href":"https:\/\/www.study-online-language.com\/en\/wp-json\/wp\/v2\/media\/6680"}],"wp:attachment":[{"href":"https:\/\/www.study-online-language.com\/en\/wp-json\/wp\/v2\/media?parent=6693"}],"wp:term":[{"taxonomy":"product_brand","embeddable":true,"href":"https:\/\/www.study-online-language.com\/en\/wp-json\/wp\/v2\/product_brand?post=6693"},{"taxonomy":"product_cat","embeddable":true,"href":"https:\/\/www.study-online-language.com\/en\/wp-json\/wp\/v2\/product_cat?post=6693"},{"taxonomy":"product_tag","embeddable":true,"href":"https:\/\/www.study-online-language.com\/en\/wp-json\/wp\/v2\/product_tag?post=6693"}],"curies":[{"name":"wp","href":"https:\/\/api.w.org\/{rel}","templated":true}]}}