{"id":6692,"date":"2025-02-13T22:53:12","date_gmt":"2025-02-13T21:53:12","guid":{"rendered":"https:\/\/www.study-online-language.com\/?post_type=product&#038;p=6692"},"modified":"2025-02-14T21:15:08","modified_gmt":"2025-02-14T20:15:08","slug":"anglescina-2g-personality-and-feelings","status":"publish","type":"product","link":"https:\/\/www.study-online-language.com\/en\/product\/anglescina-2g-personality-and-feelings\/","title":{"rendered":"English 2g: Personality and feelings"},"content":{"rendered":"<p><span style=\"font-weight: 400;\">Have you ever interviewed someone? Tim is looking for a new flatmate but doesn\u2019t know what to ask them! Would you prefer to live with someone talkative and outgoing or shy and quiet? Learn all about personality and feelings, talk about life experience with \u2018Have you ever?\u2019 questions (yes, that\u2019s the present perfect right there and no, it isn\u2019t scary at all!), read about how to find the perfect flatmate, and remember the best things that have ever happened to you. <\/span><i><span style=\"font-weight: 400;\">Have you ever&#8230;?<\/span><\/i><span style=\"font-weight: 400;\"> (ja, to je sedanjik perfekt, in ne, sploh ni stra\u0161en!), preberite, kako najti popolnega sostanovalca, in se spomnite najbolj\u0161ih stvari, ki so se vam zgodile v \u017eivljenju.<\/span><\/p>","protected":false},"excerpt":{"rendered":"<p>Ste \u017ee kdaj intervjuvali koga? Tim i\u0161\u010de novega sostanovalca, a ne ve, kaj naj ga vpra\u0161a! Bi raje \u017eiveli z nekom zgovornim in dru\u017eabnim ali srame\u017eljivim in tihim? Nau\u010dite se vse o osebnosti in \u010dustvih, govori o \u017eivljenjskih izku\u0161njah z vpra\u0161anji Have you ever&#8230;? (ja, to je sedanjik perfekt, in ne, sploh ni stra\u0161en!), preberite, [&hellip;]<\/p>","protected":false},"featured_media":6679,"comment_status":"open","ping_status":"closed","template":"","meta":{"content-type":"","jetpack_post_was_ever_published":false},"product_brand":[],"product_cat":[345],"product_tag":[168,337,346,323],"class_list":{"0":"post-6692","1":"product","2":"type-product","3":"status-publish","4":"has-post-thumbnail","6":"product_cat-modul-7","7":"product_tag-anglescina","8":"product_tag-modul-5","9":"product_tag-poglavje-2g","10":"product_tag-stopnja-2","11":"wpbf-post","14":"instock","15":"virtual","16":"sold-individually","17":"taxable","18":"purchasable","19":"product-type-simple"},"_links":{"self":[{"href":"https:\/\/www.study-online-language.com\/en\/wp-json\/wp\/v2\/product\/6692","targetHints":{"allow":["GET"]}}],"collection":[{"href":"https:\/\/www.study-online-language.com\/en\/wp-json\/wp\/v2\/product"}],"about":[{"href":"https:\/\/www.study-online-language.com\/en\/wp-json\/wp\/v2\/types\/product"}],"replies":[{"embeddable":true,"href":"https:\/\/www.study-online-language.com\/en\/wp-json\/wp\/v2\/comments?post=6692"}],"wp:featuredmedia":[{"embeddable":true,"href":"https:\/\/www.study-online-language.com\/en\/wp-json\/wp\/v2\/media\/6679"}],"wp:attachment":[{"href":"https:\/\/www.study-online-language.com\/en\/wp-json\/wp\/v2\/media?parent=6692"}],"wp:term":[{"taxonomy":"product_brand","embeddable":true,"href":"https:\/\/www.study-online-language.com\/en\/wp-json\/wp\/v2\/product_brand?post=6692"},{"taxonomy":"product_cat","embeddable":true,"href":"https:\/\/www.study-online-language.com\/en\/wp-json\/wp\/v2\/product_cat?post=6692"},{"taxonomy":"product_tag","embeddable":true,"href":"https:\/\/www.study-online-language.com\/en\/wp-json\/wp\/v2\/product_tag?post=6692"}],"curies":[{"name":"wp","href":"https:\/\/api.w.org\/{rel}","templated":true}]}}