{"id":6691,"date":"2025-02-13T22:46:50","date_gmt":"2025-02-13T21:46:50","guid":{"rendered":"https:\/\/www.study-online-language.com\/?post_type=product&#038;p=6691"},"modified":"2025-02-14T21:14:43","modified_gmt":"2025-02-14T20:14:43","slug":"anglescina-2f-daily-routines","status":"publish","type":"product","link":"https:\/\/www.study-online-language.com\/en\/product\/anglescina-2f-daily-routines\/","title":{"rendered":"English 2f: Daily routines"},"content":{"rendered":"<p><span style=\"font-weight: 400;\">How often do you have a lie-in? Do you know anyone who talks in their sleep? Learn all about sleeping habits, hygiene and work routines. Practice using confusing verbs like bring and take. Help Gina describe her super busy day and talk about following rules. Do you know the difference between mustn\u2019t and don\u2019t have to? Complete this unit to find out more. <\/span><i><span style=\"font-weight: 400;\">bring<\/span><\/i><span style=\"font-weight: 400;\"> and <\/span><i><span style=\"font-weight: 400;\">take<\/span><\/i><span style=\"font-weight: 400;\">. Pomagajte Gini opisati njen izjemno naporen dan in se pogovorite o sledenju pravilom. Poznate razliko med <\/span><i><span style=\"font-weight: 400;\">mustn\u2019t<\/span><\/i><span style=\"font-weight: 400;\"> and <\/span><i><span style=\"font-weight: 400;\">don\u2019t have to<\/span><\/i><span style=\"font-weight: 400;\">? Dokon\u010dajte to enoto in izvedite ve\u010d!<\/span><\/p>","protected":false},"excerpt":{"rendered":"<p>Kako pogosto si privo\u0161\u010dite jutranje pole\u017eavanje v postelji? Poznate koga, ki govori v spanju? Nau\u010dite se vse o spalnih navadah, higieni in delovnih rutinah. Vadite uporabo podobnih si glagolov, kot sta bring in take. Pomagajte Gini opisati njen izjemno naporen dan in se pogovorite o sledenju pravilom. Poznate razliko med mustn\u2019t in don\u2019t have to? [&hellip;]<\/p>","protected":false},"featured_media":6678,"comment_status":"open","ping_status":"closed","template":"","meta":{"content-type":"","jetpack_post_was_ever_published":false},"product_brand":[],"product_cat":[37,344],"product_tag":[168,337,343,323],"class_list":{"0":"post-6691","1":"product","2":"type-product","3":"status-publish","4":"has-post-thumbnail","6":"product_cat-anglescina","7":"product_cat-modul-6","8":"product_tag-anglescina","9":"product_tag-modul-5","10":"product_tag-poglavje-2f","11":"product_tag-stopnja-2","12":"wpbf-post","15":"instock","16":"virtual","17":"sold-individually","18":"taxable","19":"purchasable","20":"product-type-simple"},"_links":{"self":[{"href":"https:\/\/www.study-online-language.com\/en\/wp-json\/wp\/v2\/product\/6691","targetHints":{"allow":["GET"]}}],"collection":[{"href":"https:\/\/www.study-online-language.com\/en\/wp-json\/wp\/v2\/product"}],"about":[{"href":"https:\/\/www.study-online-language.com\/en\/wp-json\/wp\/v2\/types\/product"}],"replies":[{"embeddable":true,"href":"https:\/\/www.study-online-language.com\/en\/wp-json\/wp\/v2\/comments?post=6691"}],"wp:featuredmedia":[{"embeddable":true,"href":"https:\/\/www.study-online-language.com\/en\/wp-json\/wp\/v2\/media\/6678"}],"wp:attachment":[{"href":"https:\/\/www.study-online-language.com\/en\/wp-json\/wp\/v2\/media?parent=6691"}],"wp:term":[{"taxonomy":"product_brand","embeddable":true,"href":"https:\/\/www.study-online-language.com\/en\/wp-json\/wp\/v2\/product_brand?post=6691"},{"taxonomy":"product_cat","embeddable":true,"href":"https:\/\/www.study-online-language.com\/en\/wp-json\/wp\/v2\/product_cat?post=6691"},{"taxonomy":"product_tag","embeddable":true,"href":"https:\/\/www.study-online-language.com\/en\/wp-json\/wp\/v2\/product_tag?post=6691"}],"curies":[{"name":"wp","href":"https:\/\/api.w.org\/{rel}","templated":true}]}}