{"id":6690,"date":"2025-02-13T22:43:10","date_gmt":"2025-02-13T21:43:10","guid":{"rendered":"https:\/\/www.study-online-language.com\/?post_type=product&#038;p=6690"},"modified":"2025-02-14T21:13:56","modified_gmt":"2025-02-14T20:13:56","slug":"anglescina-2e-around-the-world","status":"publish","type":"product","link":"https:\/\/www.study-online-language.com\/en\/product\/anglescina-2e-around-the-world\/","title":{"rendered":"English 2e: Around the world"},"content":{"rendered":"<p><span style=\"font-weight: 400;\">Learn more about the world we live in, from cardinal directions to the seven continents, from famous monuments to the seas and oceans that make our planet blue. Which country is the happiest in the world? Where do the politest people live? Complete the quiz to find out, then make your own comparisons! Read about Scotland, write about your favourite country, describe where things are and discuss your future arrangements too.<\/span><\/p>","protected":false},"excerpt":{"rendered":"<p>Spoznajte ve\u010d o svetu, v katerem \u017eivimo \u2013 od smeri neba do sedmih kontinentov, od znamenitih spomenikov do morij in oceanov, zaradi katerih je na\u0161 planet moder. Katera dr\u017eava je najsre\u010dnej\u0161a na svetu? Kje \u017eivijo najbolj vljudni ljudje? Re\u0161ite kviz in odkrijte odgovore, nato pa naredite svoje primerjave! Preberite o \u0160kotski, pi\u0161ite o svoji najljub\u0161i [&hellip;]<\/p>","protected":false},"featured_media":6677,"comment_status":"open","ping_status":"closed","template":"","meta":{"content-type":"","jetpack_post_was_ever_published":false},"product_brand":[],"product_cat":[37,344],"product_tag":[168,337,342,323],"class_list":{"0":"post-6690","1":"product","2":"type-product","3":"status-publish","4":"has-post-thumbnail","6":"product_cat-anglescina","7":"product_cat-modul-6","8":"product_tag-anglescina","9":"product_tag-modul-5","10":"product_tag-poglavje-2e","11":"product_tag-stopnja-2","12":"wpbf-post","15":"instock","16":"virtual","17":"sold-individually","18":"taxable","19":"purchasable","20":"product-type-simple"},"_links":{"self":[{"href":"https:\/\/www.study-online-language.com\/en\/wp-json\/wp\/v2\/product\/6690","targetHints":{"allow":["GET"]}}],"collection":[{"href":"https:\/\/www.study-online-language.com\/en\/wp-json\/wp\/v2\/product"}],"about":[{"href":"https:\/\/www.study-online-language.com\/en\/wp-json\/wp\/v2\/types\/product"}],"replies":[{"embeddable":true,"href":"https:\/\/www.study-online-language.com\/en\/wp-json\/wp\/v2\/comments?post=6690"}],"wp:featuredmedia":[{"embeddable":true,"href":"https:\/\/www.study-online-language.com\/en\/wp-json\/wp\/v2\/media\/6677"}],"wp:attachment":[{"href":"https:\/\/www.study-online-language.com\/en\/wp-json\/wp\/v2\/media?parent=6690"}],"wp:term":[{"taxonomy":"product_brand","embeddable":true,"href":"https:\/\/www.study-online-language.com\/en\/wp-json\/wp\/v2\/product_brand?post=6690"},{"taxonomy":"product_cat","embeddable":true,"href":"https:\/\/www.study-online-language.com\/en\/wp-json\/wp\/v2\/product_cat?post=6690"},{"taxonomy":"product_tag","embeddable":true,"href":"https:\/\/www.study-online-language.com\/en\/wp-json\/wp\/v2\/product_tag?post=6690"}],"curies":[{"name":"wp","href":"https:\/\/api.w.org\/{rel}","templated":true}]}}