{"id":6689,"date":"2025-02-13T22:39:36","date_gmt":"2025-02-13T21:39:36","guid":{"rendered":"https:\/\/www.study-online-language.com\/?post_type=product&#038;p=6689"},"modified":"2025-02-14T21:12:13","modified_gmt":"2025-02-14T20:12:13","slug":"anglescina-2d-on-the-road","status":"publish","type":"product","link":"https:\/\/www.study-online-language.com\/en\/product\/anglescina-2d-on-the-road\/","title":{"rendered":"English 2d: On the road"},"content":{"rendered":"<p><span style=\"font-weight: 400;\">How good are you at making suggestions? Let\u2019s practice making them together! Shall we begin? Learn useful phrases for making travel arrangements, watch a video about public transport in London, and check out some differences between British and American English. Review the past continuous while reading stories about some accidents that happened on the road (one of them even includes a cow!).<\/span><\/p>","protected":false},"excerpt":{"rendered":"<p>Kako dobri ste v podajanju predlogov? Vadimo jih skupaj! Naj za\u010dnemo? Nau\u010dite se uporabnih fraz za na\u010drtovanje potovanj, oglej si video o javnem prevozu v Londonu in preveri nekatere razlike med britansko in ameri\u0161ko angle\u0161\u010dino. Ponovite dva preteklika med branjem zgodb o nesre\u010dah, ki so se zgodile na cesti (v eni izmed njih je vpletena [&hellip;]<\/p>","protected":false},"featured_media":6676,"comment_status":"open","ping_status":"closed","template":"","meta":{"content-type":"","jetpack_post_was_ever_published":false},"product_brand":[],"product_cat":[37,344],"product_tag":[168,337,341,323],"class_list":{"0":"post-6689","1":"product","2":"type-product","3":"status-publish","4":"has-post-thumbnail","6":"product_cat-anglescina","7":"product_cat-modul-6","8":"product_tag-anglescina","9":"product_tag-modul-5","10":"product_tag-poglavje-2d","11":"product_tag-stopnja-2","12":"wpbf-post","15":"instock","16":"virtual","17":"sold-individually","18":"taxable","19":"purchasable","20":"product-type-simple"},"_links":{"self":[{"href":"https:\/\/www.study-online-language.com\/en\/wp-json\/wp\/v2\/product\/6689","targetHints":{"allow":["GET"]}}],"collection":[{"href":"https:\/\/www.study-online-language.com\/en\/wp-json\/wp\/v2\/product"}],"about":[{"href":"https:\/\/www.study-online-language.com\/en\/wp-json\/wp\/v2\/types\/product"}],"replies":[{"embeddable":true,"href":"https:\/\/www.study-online-language.com\/en\/wp-json\/wp\/v2\/comments?post=6689"}],"wp:featuredmedia":[{"embeddable":true,"href":"https:\/\/www.study-online-language.com\/en\/wp-json\/wp\/v2\/media\/6676"}],"wp:attachment":[{"href":"https:\/\/www.study-online-language.com\/en\/wp-json\/wp\/v2\/media?parent=6689"}],"wp:term":[{"taxonomy":"product_brand","embeddable":true,"href":"https:\/\/www.study-online-language.com\/en\/wp-json\/wp\/v2\/product_brand?post=6689"},{"taxonomy":"product_cat","embeddable":true,"href":"https:\/\/www.study-online-language.com\/en\/wp-json\/wp\/v2\/product_cat?post=6689"},{"taxonomy":"product_tag","embeddable":true,"href":"https:\/\/www.study-online-language.com\/en\/wp-json\/wp\/v2\/product_tag?post=6689"}],"curies":[{"name":"wp","href":"https:\/\/api.w.org\/{rel}","templated":true}]}}