{"id":6688,"date":"2025-02-13T22:26:37","date_gmt":"2025-02-13T21:26:37","guid":{"rendered":"https:\/\/www.study-online-language.com\/?post_type=product&#038;p=6688"},"modified":"2025-02-14T21:11:34","modified_gmt":"2025-02-14T20:11:34","slug":"anglescina-2c-my-last-holiday","status":"publish","type":"product","link":"https:\/\/www.study-online-language.com\/en\/product\/anglescina-2c-my-last-holiday\/","title":{"rendered":"English 2c: My last holiday"},"content":{"rendered":"<p><span style=\"font-weight: 400;\">When was your last holiday? Where did you go? What did you do? Learn all about popular tourist activities like sunbathing on the beach and buying souvenirs! Practice your travel skills with an airport notice. Read the postcards from Thailand, Ireland and the seaside and discuss the adventures. After completing this unit you\u2019ll be able to talk about your favourite travels like a pro!<\/span><\/p>","protected":false},"excerpt":{"rendered":"<p>Kdaj ste bili nazadnje na po\u010ditnicah? Kam ste \u0161li? Kaj ste po\u010deli? Nau\u010dite se vse o priljubljenih turisti\u010dnih dejavnostih, kot so son\u010denje na pla\u017ei in nakupovanje spominkov! Vadite svoje potovalne ve\u0161\u010dine z obvestilom na letali\u0161\u010du. Preberite razglednice s Tajske, Irske in morske obale ter se pogovorite o do\u017eivetjih. Po kon\u010danem poglavju boste lahko o svojih [&hellip;]<\/p>","protected":false},"featured_media":6675,"comment_status":"open","ping_status":"closed","template":"","meta":{"content-type":"","jetpack_post_was_ever_published":false},"product_brand":[],"product_cat":[37,338],"product_tag":[168,337,340,323],"class_list":{"0":"post-6688","1":"product","2":"type-product","3":"status-publish","4":"has-post-thumbnail","6":"product_cat-anglescina","7":"product_cat-modul-5","8":"product_tag-anglescina","9":"product_tag-modul-5","10":"product_tag-poglavje-2c","11":"product_tag-stopnja-2","12":"wpbf-post","15":"instock","16":"virtual","17":"sold-individually","18":"taxable","19":"purchasable","20":"product-type-simple"},"_links":{"self":[{"href":"https:\/\/www.study-online-language.com\/en\/wp-json\/wp\/v2\/product\/6688","targetHints":{"allow":["GET"]}}],"collection":[{"href":"https:\/\/www.study-online-language.com\/en\/wp-json\/wp\/v2\/product"}],"about":[{"href":"https:\/\/www.study-online-language.com\/en\/wp-json\/wp\/v2\/types\/product"}],"replies":[{"embeddable":true,"href":"https:\/\/www.study-online-language.com\/en\/wp-json\/wp\/v2\/comments?post=6688"}],"wp:featuredmedia":[{"embeddable":true,"href":"https:\/\/www.study-online-language.com\/en\/wp-json\/wp\/v2\/media\/6675"}],"wp:attachment":[{"href":"https:\/\/www.study-online-language.com\/en\/wp-json\/wp\/v2\/media?parent=6688"}],"wp:term":[{"taxonomy":"product_brand","embeddable":true,"href":"https:\/\/www.study-online-language.com\/en\/wp-json\/wp\/v2\/product_brand?post=6688"},{"taxonomy":"product_cat","embeddable":true,"href":"https:\/\/www.study-online-language.com\/en\/wp-json\/wp\/v2\/product_cat?post=6688"},{"taxonomy":"product_tag","embeddable":true,"href":"https:\/\/www.study-online-language.com\/en\/wp-json\/wp\/v2\/product_tag?post=6688"}],"curies":[{"name":"wp","href":"https:\/\/api.w.org\/{rel}","templated":true}]}}