{"id":6673,"date":"2025-02-13T22:14:35","date_gmt":"2025-02-13T21:14:35","guid":{"rendered":"https:\/\/www.study-online-language.com\/?post_type=product&#038;p=6673"},"modified":"2025-02-14T21:10:45","modified_gmt":"2025-02-14T20:10:45","slug":"anglescina-2b-playing-sports","status":"publish","type":"product","link":"https:\/\/www.study-online-language.com\/en\/product\/anglescina-2b-playing-sports\/","title":{"rendered":"English 2b: Playing sports"},"content":{"rendered":"<p><span style=\"font-weight: 400;\">Sports \u2013 an important topic of small talk and many people\u2019s favourite hobby. How many sports do you know in English? Where is baseball played? Have you ever been to an ice hockey rink? Learn how to describe pictures, just like the athletes, help Bob the referee answer questions for an interview and watch a video about sports in the UK!<\/span><\/p>","protected":false},"excerpt":{"rendered":"<p>\u0160port \u2013 pomembna tema za \u010dvekanje in najljub\u0161i hobi mnogih ljudi. Koliko \u0161portov znate poimenovati v angle\u0161\u010dini? Kje se igra baseball? Ste \u017ee kdaj bili na drsali\u0161\u010du za hokej na ledu? Nau\u010dite se opisovati slike, tako kot so jih \u0161portniki, pomagajte sodniku Bobu odgovoriti na vpra\u0161anja za intervju in si oglejte video o \u0161portu v [&hellip;]<\/p>","protected":false},"featured_media":6674,"comment_status":"open","ping_status":"closed","template":"","meta":{"content-type":"","jetpack_post_was_ever_published":false},"product_brand":[],"product_cat":[37,338],"product_tag":[168,337,339,323],"class_list":{"0":"post-6673","1":"product","2":"type-product","3":"status-publish","4":"has-post-thumbnail","6":"product_cat-anglescina","7":"product_cat-modul-5","8":"product_tag-anglescina","9":"product_tag-modul-5","10":"product_tag-poglavje-2b","11":"product_tag-stopnja-2","12":"wpbf-post","15":"instock","16":"virtual","17":"sold-individually","18":"taxable","19":"purchasable","20":"product-type-simple"},"_links":{"self":[{"href":"https:\/\/www.study-online-language.com\/en\/wp-json\/wp\/v2\/product\/6673","targetHints":{"allow":["GET"]}}],"collection":[{"href":"https:\/\/www.study-online-language.com\/en\/wp-json\/wp\/v2\/product"}],"about":[{"href":"https:\/\/www.study-online-language.com\/en\/wp-json\/wp\/v2\/types\/product"}],"replies":[{"embeddable":true,"href":"https:\/\/www.study-online-language.com\/en\/wp-json\/wp\/v2\/comments?post=6673"}],"wp:featuredmedia":[{"embeddable":true,"href":"https:\/\/www.study-online-language.com\/en\/wp-json\/wp\/v2\/media\/6674"}],"wp:attachment":[{"href":"https:\/\/www.study-online-language.com\/en\/wp-json\/wp\/v2\/media?parent=6673"}],"wp:term":[{"taxonomy":"product_brand","embeddable":true,"href":"https:\/\/www.study-online-language.com\/en\/wp-json\/wp\/v2\/product_brand?post=6673"},{"taxonomy":"product_cat","embeddable":true,"href":"https:\/\/www.study-online-language.com\/en\/wp-json\/wp\/v2\/product_cat?post=6673"},{"taxonomy":"product_tag","embeddable":true,"href":"https:\/\/www.study-online-language.com\/en\/wp-json\/wp\/v2\/product_tag?post=6673"}],"curies":[{"name":"wp","href":"https:\/\/api.w.org\/{rel}","templated":true}]}}