{"id":5332,"date":"2023-04-16T18:36:49","date_gmt":"2023-04-16T16:36:49","guid":{"rendered":"https:\/\/www.study-online-language.com\/?post_type=product&#038;p=5332"},"modified":"2024-10-03T19:51:26","modified_gmt":"2024-10-03T17:51:26","slug":"nemscina-modul-3","status":"publish","type":"product","link":"https:\/\/www.study-online-language.com\/en\/product\/nemscina-modul-3\/","title":{"rendered":"German: Module 3"},"content":{"rendered":"<p>Module 3 covers three chapters of the first level of German:<\/p>\n<p><strong>German 1g: Meine Stadt \u2013 My city<\/strong><br \/>\nImate te\u017eave z razumevanjem navodil za orientacijo po mestu? Po kon\u010danem poglavju to sploh ne bo ve\u010d te\u017eava! Sprehodili se bomo po mestu in nau\u010dili se boste opisovati vse stavbe in kje se to\u010dno nahajajo, pa tudi poimenovati prevozna sredstva. Ponovili bomo 1. sklon in 4. sklon, nau\u010dili se bomo \u0161e 3. sklon. Vadili bomo dialog v mestu, dajati napotke in nau\u010dili se boste spregati in uporabljati glagol ITI v povezavi s prevoznimi sredstvi. Obvladali boste predloge za umestitev predmetov. Naredili bomo tudi pregled z razlago razlik med 3. in 4. sklonom.<\/p>\n<p><strong>German 1h: Mein Zuhause \u2013 My home<\/strong><br \/>\nIn Chapter 8, you will learn vocabulary related to the house: rooms in the house, objects in the house, number (one, two, three, ...) of feminine, masculine and neutral nouns. We will again practice  place prepositions and various prepositions for the 3rd and 4th cases. You will also learn about household chores. We will listen to German music again.<\/p>\n<p><strong>German 1i: Es tut mir Weh \u2013 It hurts<\/strong><br \/>\nIn this chapter you will learn more about body parts and all the vocabulary related to the doctor: senses, health problems and what can help us with our problems. You will also learn the 3rd case and the imperative. At the end, of course, you will listen to some German music.<\/p>","protected":false},"excerpt":{"rendered":"<p>Modul 3 zajema tri poglavja prve stopnje nem\u0161\u010dine: Nem\u0161\u010dina 1g: Meine Stadt &#8211; Moje mesto Imate te\u017eave z razumevanjem navodil za orientacijo po mestu? Po kon\u010danem poglavju to sploh ne bo ve\u010d te\u017eava! Sprehodili se bomo po mestu in nau\u010dili se boste opisovati vse stavbe in kje se to\u010dno nahajajo, pa tudi poimenovati prevozna sredstva. [&hellip;]<\/p>","protected":false},"featured_media":5644,"comment_status":"open","ping_status":"closed","template":"","meta":{"content-type":"","jetpack_post_was_ever_published":false},"product_brand":[],"product_cat":[330,334],"product_tag":[70,332,67,68,69,66],"class_list":{"0":"post-5332","1":"product","2":"type-product","3":"status-publish","4":"has-post-thumbnail","6":"product_cat-nemscina","7":"product_cat-modul-3-nemscina","8":"product_tag-modul-3","9":"product_tag-nemscina","10":"product_tag-poglavje-1g","11":"product_tag-poglavje-1h","12":"product_tag-poglavje-1i","13":"product_tag-stopnja-1","14":"wpbf-post","17":"instock","18":"sale","19":"virtual","20":"sold-individually","21":"taxable","22":"purchasable","23":"product-type-simple"},"_links":{"self":[{"href":"https:\/\/www.study-online-language.com\/en\/wp-json\/wp\/v2\/product\/5332","targetHints":{"allow":["GET"]}}],"collection":[{"href":"https:\/\/www.study-online-language.com\/en\/wp-json\/wp\/v2\/product"}],"about":[{"href":"https:\/\/www.study-online-language.com\/en\/wp-json\/wp\/v2\/types\/product"}],"replies":[{"embeddable":true,"href":"https:\/\/www.study-online-language.com\/en\/wp-json\/wp\/v2\/comments?post=5332"}],"wp:featuredmedia":[{"embeddable":true,"href":"https:\/\/www.study-online-language.com\/en\/wp-json\/wp\/v2\/media\/5644"}],"wp:attachment":[{"href":"https:\/\/www.study-online-language.com\/en\/wp-json\/wp\/v2\/media?parent=5332"}],"wp:term":[{"taxonomy":"product_brand","embeddable":true,"href":"https:\/\/www.study-online-language.com\/en\/wp-json\/wp\/v2\/product_brand?post=5332"},{"taxonomy":"product_cat","embeddable":true,"href":"https:\/\/www.study-online-language.com\/en\/wp-json\/wp\/v2\/product_cat?post=5332"},{"taxonomy":"product_tag","embeddable":true,"href":"https:\/\/www.study-online-language.com\/en\/wp-json\/wp\/v2\/product_tag?post=5332"}],"curies":[{"name":"wp","href":"https:\/\/api.w.org\/{rel}","templated":true}]}}