{"id":5331,"date":"2023-04-16T18:34:24","date_gmt":"2023-04-16T16:34:24","guid":{"rendered":"https:\/\/www.study-online-language.com\/?post_type=product&#038;p=5331"},"modified":"2024-10-03T19:51:26","modified_gmt":"2024-10-03T17:51:26","slug":"nemscina-modul-2","status":"publish","type":"product","link":"https:\/\/www.study-online-language.com\/en\/product\/nemscina-modul-2\/","title":{"rendered":"German: Module 2"},"content":{"rendered":"<p><strong>German 1d: Klamotten Einkaufen \u2013 Buying clothes<\/strong><br \/>\nThis time we will go to a clothing store. You will learn everything about clothes: type of clothes, accessories, size, brands, colors, materials, ... You will learn to tell what someone is wearing and the related 4th case. You will practice a dialogue in a clothing store and you will learn to conjugate verbs in -OVATI. Of course, there is no shortage of music in this chapter either. This chapter has two secret bonus contents!<\/p>\n<p><strong>German 1e: Ich bereite Geschmackvolle gerichte vor \u2013 Preparing delicious dishes<\/strong><br \/>\nIn this chapter we will enjoy culinary delights. You will learn vocabulary related to food: food and drink, packaging, utensils and verbs used to describe food preparation. We will practice a dialogue in a restaurant and you will learn to say what you like and what you don't like. We will continue to learn ways to use the 2nd and 4th case. We will learn to form the dual and plural of nouns and the verb M\u00dcSSEN.<\/p>\n<p><strong>German 1f: Wann treffen wir uns? - When do we meet?<\/strong><br \/>\nAfter this chapter, you'll never have a problem getting a date again. You will learn to tell the time and talk about time. You will master the days of the week, the months of the year and the seasons. You will be able to tell what the weather is like. You will learn to talk about the past and the future.<\/p>","protected":false},"excerpt":{"rendered":"<p>Nem\u0161\u010dina 1d: Klamotten Einkaufen &#8211; Nakupujemo obla\u010dila Tokrat se bomo podali v trgovino z obla\u010dili. Nau\u010dili se boste vse o oblekah: vrsta obleke, dodatki, velikost, znamke, barve, materiali, \u2026 Nau\u010dili se boste povedati, kaj kdo nosi in s tem povezan 3. in 4. sklon. Vadili boste dialog v trgovini z obla\u010dili in nau\u010dili se boste [&hellip;]<\/p>","protected":false},"featured_media":5643,"comment_status":"open","ping_status":"closed","template":"","meta":{"content-type":"","jetpack_post_was_ever_published":false},"product_brand":[],"product_cat":[330,333],"product_tag":[78,332,75,76,77,66],"class_list":{"0":"post-5331","1":"product","2":"type-product","3":"status-publish","4":"has-post-thumbnail","6":"product_cat-nemscina","7":"product_cat-modul-2-nemscina","8":"product_tag-modul-2","9":"product_tag-nemscina","10":"product_tag-poglavje-1d","11":"product_tag-poglavje-1e","12":"product_tag-poglavje-1f","13":"product_tag-stopnja-1","14":"wpbf-post","17":"instock","18":"sale","19":"virtual","20":"sold-individually","21":"taxable","22":"purchasable","23":"product-type-simple"},"_links":{"self":[{"href":"https:\/\/www.study-online-language.com\/en\/wp-json\/wp\/v2\/product\/5331","targetHints":{"allow":["GET"]}}],"collection":[{"href":"https:\/\/www.study-online-language.com\/en\/wp-json\/wp\/v2\/product"}],"about":[{"href":"https:\/\/www.study-online-language.com\/en\/wp-json\/wp\/v2\/types\/product"}],"replies":[{"embeddable":true,"href":"https:\/\/www.study-online-language.com\/en\/wp-json\/wp\/v2\/comments?post=5331"}],"wp:featuredmedia":[{"embeddable":true,"href":"https:\/\/www.study-online-language.com\/en\/wp-json\/wp\/v2\/media\/5643"}],"wp:attachment":[{"href":"https:\/\/www.study-online-language.com\/en\/wp-json\/wp\/v2\/media?parent=5331"}],"wp:term":[{"taxonomy":"product_brand","embeddable":true,"href":"https:\/\/www.study-online-language.com\/en\/wp-json\/wp\/v2\/product_brand?post=5331"},{"taxonomy":"product_cat","embeddable":true,"href":"https:\/\/www.study-online-language.com\/en\/wp-json\/wp\/v2\/product_cat?post=5331"},{"taxonomy":"product_tag","embeddable":true,"href":"https:\/\/www.study-online-language.com\/en\/wp-json\/wp\/v2\/product_tag?post=5331"}],"curies":[{"name":"wp","href":"https:\/\/api.w.org\/{rel}","templated":true}]}}