{"id":5328,"date":"2023-04-16T18:28:17","date_gmt":"2023-04-16T16:28:17","guid":{"rendered":"https:\/\/www.study-online-language.com\/?post_type=product&#038;p=5328"},"modified":"2024-10-03T19:51:26","modified_gmt":"2024-10-03T17:51:26","slug":"nemscina-1k-mit-dem-zug-oder-mit-dem-bus","status":"publish","type":"product","link":"https:\/\/www.study-online-language.com\/en\/product\/nemscina-1k-mit-dem-zug-oder-mit-dem-bus\/","title":{"rendered":"German 1k: Mit dem Zug oder mit dem Bus \u2013 By train or by bus?"},"content":{"rendered":"<p><strong>German 1k: Mit dem Zug oder mit dem Bus \u2013 By train or by bus?<\/strong><br \/>\nIn Chapter eleven, you will review transportation and learn vocabulary related to transportation and airport travel. You will learn the plural of the 3th case. You will practice dialogues at the bus, train station and at the airport. You will learn some verbs related to transportation.<\/p>","protected":false},"excerpt":{"rendered":"<p>Nem\u0161\u010dina 1k: Mit dem Zug oder mit dem Bus &#8211; Z vlakom ali avtobusom V predzadnjem poglavju boste ponovili prevozna sredstva in nau\u010dili se boste besedi\u0161\u010de v povezavi s potovanjem, s prevoznimi sredstvi in letali\u0161\u010dem. Nau\u010dili se boste mno\u017eino 3. sklona. Vadili boste dialoge na avtobusni in \u017eelezni\u0161ki postaji ter na letali\u0161\u010du. Spoznali boste nekaj [&hellip;]<\/p>","protected":false},"featured_media":5403,"comment_status":"open","ping_status":"closed","template":"","meta":{"content-type":"","jetpack_post_was_ever_published":false},"product_brand":[],"product_cat":[330,335],"product_tag":[92,93,95,94,96,91,74,97,332,72,90,89,66],"class_list":{"0":"post-5328","1":"product","2":"type-product","3":"status-publish","4":"has-post-thumbnail","6":"product_cat-nemscina","7":"product_cat-modul-4-nemscina","8":"product_tag-5-sklon-v-mnozini","9":"product_tag-dialog-na-avtobusni-postaji","10":"product_tag-dialog-na-letaliscu","11":"product_tag-dialog-na-zelezniski-postaji","12":"product_tag-dovrsni-glagoli","13":"product_tag-letalisce","14":"product_tag-modul-4","15":"product_tag-nedovrsni-glagoli","16":"product_tag-nemscina","17":"product_tag-poglavje-1k","18":"product_tag-potovanje","19":"product_tag-prevozna-sredstva","20":"product_tag-stopnja-1","21":"wpbf-post","24":"instock","25":"virtual","26":"sold-individually","27":"taxable","28":"purchasable","29":"product-type-simple"},"_links":{"self":[{"href":"https:\/\/www.study-online-language.com\/en\/wp-json\/wp\/v2\/product\/5328","targetHints":{"allow":["GET"]}}],"collection":[{"href":"https:\/\/www.study-online-language.com\/en\/wp-json\/wp\/v2\/product"}],"about":[{"href":"https:\/\/www.study-online-language.com\/en\/wp-json\/wp\/v2\/types\/product"}],"replies":[{"embeddable":true,"href":"https:\/\/www.study-online-language.com\/en\/wp-json\/wp\/v2\/comments?post=5328"}],"wp:featuredmedia":[{"embeddable":true,"href":"https:\/\/www.study-online-language.com\/en\/wp-json\/wp\/v2\/media\/5403"}],"wp:attachment":[{"href":"https:\/\/www.study-online-language.com\/en\/wp-json\/wp\/v2\/media?parent=5328"}],"wp:term":[{"taxonomy":"product_brand","embeddable":true,"href":"https:\/\/www.study-online-language.com\/en\/wp-json\/wp\/v2\/product_brand?post=5328"},{"taxonomy":"product_cat","embeddable":true,"href":"https:\/\/www.study-online-language.com\/en\/wp-json\/wp\/v2\/product_cat?post=5328"},{"taxonomy":"product_tag","embeddable":true,"href":"https:\/\/www.study-online-language.com\/en\/wp-json\/wp\/v2\/product_tag?post=5328"}],"curies":[{"name":"wp","href":"https:\/\/api.w.org\/{rel}","templated":true}]}}