{"id":5326,"date":"2023-04-16T18:24:41","date_gmt":"2023-04-16T16:24:41","guid":{"rendered":"https:\/\/www.study-online-language.com\/?post_type=product&#038;p=5326"},"modified":"2024-10-03T19:51:26","modified_gmt":"2024-10-03T17:51:26","slug":"nemscina-1i-es-tut-mir-weh","status":"publish","type":"product","link":"https:\/\/www.study-online-language.com\/en\/product\/nemscina-1i-es-tut-mir-weh\/","title":{"rendered":"German 1i: Es tut mir Weh \u2013 It hurts"},"content":{"rendered":"<p><strong>German 1i: Es tut mir Weh \u2013 It hurts<\/strong><br \/>\nIn this chapter you will learn more about body parts and all the vocabulary related to the doctor: senses, health problems and what can help us with our problems. You will also learn the 3rd case and the imperative. At the end, of course, you will listen to some German music.<\/p>","protected":false},"excerpt":{"rendered":"<p>Nem\u0161\u010dina 1i: Es tut mir Weh &#8211; Boli me V tem poglavju boste spoznali ob\u0161irneje dele telesa in vso besedi\u0161\u010de v povezavi z zdravnikom: \u010dutila, zdravstvene te\u017eave in kaj vam lahko pomaga pri va\u0161ih te\u017eavah. Nau\u010dili se boste \u0161e 3. sklon in velelnik. Na koncu boste seveda \u0161e poslu\u0161ali nekaj nem\u0161ke glasbe.<\/p>","protected":false},"featured_media":5396,"comment_status":"open","ping_status":"closed","template":"","meta":{"content-type":"","jetpack_post_was_ever_published":false},"product_brand":[],"product_cat":[330,334],"product_tag":[111,109,108,70,332,69,107,66,112,106,110],"class_list":{"0":"post-5326","1":"product","2":"type-product","3":"status-publish","4":"has-post-thumbnail","6":"product_cat-nemscina","7":"product_cat-modul-3-nemscina","8":"product_tag-3-sklon","9":"product_tag-cutila","10":"product_tag-deli-telesa","11":"product_tag-modul-3","12":"product_tag-nemscina","13":"product_tag-poglavje-1i","14":"product_tag-pri-zdravniku","15":"product_tag-stopnja-1","16":"product_tag-velelnik","17":"product_tag-zdravnik","18":"product_tag-zdravstvene-tezave","19":"wpbf-post","22":"instock","23":"virtual","24":"sold-individually","25":"taxable","26":"purchasable","27":"product-type-simple"},"_links":{"self":[{"href":"https:\/\/www.study-online-language.com\/en\/wp-json\/wp\/v2\/product\/5326","targetHints":{"allow":["GET"]}}],"collection":[{"href":"https:\/\/www.study-online-language.com\/en\/wp-json\/wp\/v2\/product"}],"about":[{"href":"https:\/\/www.study-online-language.com\/en\/wp-json\/wp\/v2\/types\/product"}],"replies":[{"embeddable":true,"href":"https:\/\/www.study-online-language.com\/en\/wp-json\/wp\/v2\/comments?post=5326"}],"wp:featuredmedia":[{"embeddable":true,"href":"https:\/\/www.study-online-language.com\/en\/wp-json\/wp\/v2\/media\/5396"}],"wp:attachment":[{"href":"https:\/\/www.study-online-language.com\/en\/wp-json\/wp\/v2\/media?parent=5326"}],"wp:term":[{"taxonomy":"product_brand","embeddable":true,"href":"https:\/\/www.study-online-language.com\/en\/wp-json\/wp\/v2\/product_brand?post=5326"},{"taxonomy":"product_cat","embeddable":true,"href":"https:\/\/www.study-online-language.com\/en\/wp-json\/wp\/v2\/product_cat?post=5326"},{"taxonomy":"product_tag","embeddable":true,"href":"https:\/\/www.study-online-language.com\/en\/wp-json\/wp\/v2\/product_tag?post=5326"}],"curies":[{"name":"wp","href":"https:\/\/api.w.org\/{rel}","templated":true}]}}