{"id":5325,"date":"2023-04-16T18:23:24","date_gmt":"2023-04-16T16:23:24","guid":{"rendered":"https:\/\/www.study-online-language.com\/?post_type=product&#038;p=5325"},"modified":"2024-10-03T19:51:26","modified_gmt":"2024-10-03T17:51:26","slug":"nemscina-1h-mein-zuhause","status":"publish","type":"product","link":"https:\/\/www.study-online-language.com\/en\/product\/nemscina-1h-mein-zuhause\/","title":{"rendered":"German 1h: Mein Zuhause \u2013 My home"},"content":{"rendered":"<p><strong>German 1h: Mein Zuhause \u2013 My home<\/strong><br \/>\nIn Chapter 8, you will learn vocabulary related to the house: rooms in the house, objects in the house, number (one, two, three, ...) of feminine, masculine and neutral nouns. We will again practice  place prepositions and various prepositions for the 3rd and 4th cases. You will also learn about household chores. We will listen to German music again.<\/p>","protected":false},"excerpt":{"rendered":"<p>Nem\u0161\u010dina 1h: Mein Zuhause &#8211; Moj dom V tem poglavju se boste nau\u010dili besedi\u0161\u010de v povezavi s hi\u0161o: prostori v hi\u0161i, pohi\u0161tvo in predmeti, \u0161tevilo (ena, dva, tri, \u2026) v \u017eenskem, mo\u0161kem in srednjem spolu. Ponovno bomo vadili predloge za umestitev predmetov in pohi\u0161tva in razli\u010dne predloge za 3. in 4. sklon. Spoznali boste tudi [&hellip;]<\/p>","protected":false},"featured_media":5405,"comment_status":"open","ping_status":"closed","template":"","meta":{"content-type":"","jetpack_post_was_ever_published":false},"product_brand":[],"product_cat":[330,334],"product_tag":[117,118,119,113,120,70,332,68,116,115,114,66],"class_list":{"0":"post-5325","1":"product","2":"type-product","3":"status-publish","4":"has-post-thumbnail","6":"product_cat-nemscina","7":"product_cat-modul-3-nemscina","8":"product_tag-4-sklon","9":"product_tag-5-sklon","10":"product_tag-6-sklon","11":"product_tag-hisa","12":"product_tag-hisna-opravila","13":"product_tag-modul-3","14":"product_tag-nemscina","15":"product_tag-poglavje-1h","16":"product_tag-predlogi-za-mesto-predmeta","17":"product_tag-predmeti-v-hisi","18":"product_tag-prostori-v-hisi","19":"product_tag-stopnja-1","20":"wpbf-post","23":"instock","24":"virtual","25":"sold-individually","26":"taxable","27":"purchasable","28":"product-type-simple"},"_links":{"self":[{"href":"https:\/\/www.study-online-language.com\/en\/wp-json\/wp\/v2\/product\/5325","targetHints":{"allow":["GET"]}}],"collection":[{"href":"https:\/\/www.study-online-language.com\/en\/wp-json\/wp\/v2\/product"}],"about":[{"href":"https:\/\/www.study-online-language.com\/en\/wp-json\/wp\/v2\/types\/product"}],"replies":[{"embeddable":true,"href":"https:\/\/www.study-online-language.com\/en\/wp-json\/wp\/v2\/comments?post=5325"}],"wp:featuredmedia":[{"embeddable":true,"href":"https:\/\/www.study-online-language.com\/en\/wp-json\/wp\/v2\/media\/5405"}],"wp:attachment":[{"href":"https:\/\/www.study-online-language.com\/en\/wp-json\/wp\/v2\/media?parent=5325"}],"wp:term":[{"taxonomy":"product_brand","embeddable":true,"href":"https:\/\/www.study-online-language.com\/en\/wp-json\/wp\/v2\/product_brand?post=5325"},{"taxonomy":"product_cat","embeddable":true,"href":"https:\/\/www.study-online-language.com\/en\/wp-json\/wp\/v2\/product_cat?post=5325"},{"taxonomy":"product_tag","embeddable":true,"href":"https:\/\/www.study-online-language.com\/en\/wp-json\/wp\/v2\/product_tag?post=5325"}],"curies":[{"name":"wp","href":"https:\/\/api.w.org\/{rel}","templated":true}]}}