{"id":5324,"date":"2023-04-16T18:20:51","date_gmt":"2023-04-16T16:20:51","guid":{"rendered":"https:\/\/www.study-online-language.com\/?post_type=product&#038;p=5324"},"modified":"2024-10-03T19:51:26","modified_gmt":"2024-10-03T17:51:26","slug":"nemscina-1g-meine-stadt","status":"publish","type":"product","link":"https:\/\/www.study-online-language.com\/en\/product\/nemscina-1g-meine-stadt\/","title":{"rendered":"German 1g: Meine Stadt \u2013 My city"},"content":{"rendered":"<p><strong>German 1g: Meine Stadt \u2013 My city<\/strong><br \/>\nHaving trouble understanding directions in the city? After completing the chapter, this won't be a problem at all! We will walk around the city and you will learn to describe all the buildings and where they are located, as well as the means of transportation. We will repeat the 1st case and the 4th case, we will also learn the 3rd case. We will practice a dialogue in the city, give directions and you will learn to conjugate and use the verb GEHEN. You will master place prepositions. We will also do a review explaining the differences between the 3rd and 4th cases.<\/p>","protected":false},"excerpt":{"rendered":"<p>Nem\u0161\u010dina 1g: Meine Stadt &#8211; Moje mesto Imate te\u017eave z razumevanjem navodil za orientacijo po mestu? Po kon\u010danem poglavju to sploh ne bo ve\u010d te\u017eava! Sprehodili se bomo po mestu in nau\u010dili se boste opisovati vse stavbe in kje se to\u010dno nahajajo, pa tudi poimenovati prevozna sredstva. Ponovili bomo 1. sklon in 4. sklon, nau\u010dili [&hellip;]<\/p>","protected":false},"featured_media":5406,"comment_status":"open","ping_status":"closed","template":"","meta":{"content-type":"","jetpack_post_was_ever_published":false},"product_brand":[],"product_cat":[330,334],"product_tag":[117,118,119,125,122,124,121,70,126,332,67,116,89,123,66],"class_list":{"0":"post-5324","1":"product","2":"type-product","3":"status-publish","4":"has-post-thumbnail","6":"product_cat-nemscina","7":"product_cat-modul-3-nemscina","8":"product_tag-4-sklon","9":"product_tag-5-sklon","10":"product_tag-6-sklon","11":"product_tag-dajati-napotke-v-mestu","12":"product_tag-dialog-v-mestu","13":"product_tag-kje-se-nahaja","14":"product_tag-mesto","15":"product_tag-modul-3","16":"product_tag-morati","17":"product_tag-nemscina","18":"product_tag-poglavje-1g","19":"product_tag-predlogi-za-mesto-predmeta","20":"product_tag-prevozna-sredstva","21":"product_tag-stavbe","22":"product_tag-stopnja-1","23":"wpbf-post","26":"instock","27":"virtual","28":"sold-individually","29":"taxable","30":"purchasable","31":"product-type-simple"},"_links":{"self":[{"href":"https:\/\/www.study-online-language.com\/en\/wp-json\/wp\/v2\/product\/5324","targetHints":{"allow":["GET"]}}],"collection":[{"href":"https:\/\/www.study-online-language.com\/en\/wp-json\/wp\/v2\/product"}],"about":[{"href":"https:\/\/www.study-online-language.com\/en\/wp-json\/wp\/v2\/types\/product"}],"replies":[{"embeddable":true,"href":"https:\/\/www.study-online-language.com\/en\/wp-json\/wp\/v2\/comments?post=5324"}],"wp:featuredmedia":[{"embeddable":true,"href":"https:\/\/www.study-online-language.com\/en\/wp-json\/wp\/v2\/media\/5406"}],"wp:attachment":[{"href":"https:\/\/www.study-online-language.com\/en\/wp-json\/wp\/v2\/media?parent=5324"}],"wp:term":[{"taxonomy":"product_brand","embeddable":true,"href":"https:\/\/www.study-online-language.com\/en\/wp-json\/wp\/v2\/product_brand?post=5324"},{"taxonomy":"product_cat","embeddable":true,"href":"https:\/\/www.study-online-language.com\/en\/wp-json\/wp\/v2\/product_cat?post=5324"},{"taxonomy":"product_tag","embeddable":true,"href":"https:\/\/www.study-online-language.com\/en\/wp-json\/wp\/v2\/product_tag?post=5324"}],"curies":[{"name":"wp","href":"https:\/\/api.w.org\/{rel}","templated":true}]}}