{"id":5321,"date":"2023-04-16T18:12:55","date_gmt":"2023-04-16T16:12:55","guid":{"rendered":"https:\/\/www.study-online-language.com\/?post_type=product&#038;p=5321"},"modified":"2024-10-03T19:51:26","modified_gmt":"2024-10-03T17:51:26","slug":"nemscina-1d-klamotten-einkaufen","status":"publish","type":"product","link":"https:\/\/www.study-online-language.com\/en\/product\/nemscina-1d-klamotten-einkaufen\/","title":{"rendered":"German 1d: Klamotten Einkaufen \u2013 Buying clothes"},"content":{"rendered":"<p><strong>German 1d: Klamotten Einkaufen \u2013 Buying clothes<\/strong><br \/>\nThis time we will go to a clothing store. You will learn everything about clothes: type of clothes, accessories, size, brands, colors, materials, ... You will learn to tell what someone is wearing and the related 4th case. You will practice a dialogue in a clothing store and you will learn to conjugate verbs in -OVATI. Of course, there is no shortage of music in this chapter either. This chapter has two secret bonus contents!<\/p>","protected":false},"excerpt":{"rendered":"<p>Nem\u0161\u010dina 1d: Klamotten Einkaufen &#8211; Nakupujemo obla\u010dila Tokrat se bomo podali v trgovino z obla\u010dili. Nau\u010dili se boste vse o oblekah: vrsta obleke, dodatki, velikost, znamke, barve, materiali, \u2026 Nau\u010dili se boste povedati, kaj kdo nosi in s tem povezan 3. in 4. sklon. Vadili boste dialog v trgovini z obla\u010dili in nau\u010dili se boste [&hellip;]<\/p>","protected":false},"featured_media":5410,"comment_status":"open","ping_status":"closed","template":"","meta":{"content-type":"","jetpack_post_was_ever_published":false},"product_brand":[],"product_cat":[330,333],"product_tag":[147,117,146,148,149,78,332,145,150,75,66],"class_list":{"0":"post-5321","1":"product","2":"type-product","3":"status-publish","4":"has-post-thumbnail","6":"product_cat-nemscina","7":"product_cat-modul-2-nemscina","8":"product_tag-2-sklon","9":"product_tag-4-sklon","10":"product_tag-barve","11":"product_tag-glagoli-na-ovati","12":"product_tag-materiali","13":"product_tag-modul-2","14":"product_tag-nemscina","15":"product_tag-oblacila","16":"product_tag-opis-oblek","17":"product_tag-poglavje-1d","18":"product_tag-stopnja-1","19":"wpbf-post","22":"instock","23":"virtual","24":"sold-individually","25":"taxable","26":"purchasable","27":"product-type-simple"},"_links":{"self":[{"href":"https:\/\/www.study-online-language.com\/en\/wp-json\/wp\/v2\/product\/5321","targetHints":{"allow":["GET"]}}],"collection":[{"href":"https:\/\/www.study-online-language.com\/en\/wp-json\/wp\/v2\/product"}],"about":[{"href":"https:\/\/www.study-online-language.com\/en\/wp-json\/wp\/v2\/types\/product"}],"replies":[{"embeddable":true,"href":"https:\/\/www.study-online-language.com\/en\/wp-json\/wp\/v2\/comments?post=5321"}],"wp:featuredmedia":[{"embeddable":true,"href":"https:\/\/www.study-online-language.com\/en\/wp-json\/wp\/v2\/media\/5410"}],"wp:attachment":[{"href":"https:\/\/www.study-online-language.com\/en\/wp-json\/wp\/v2\/media?parent=5321"}],"wp:term":[{"taxonomy":"product_brand","embeddable":true,"href":"https:\/\/www.study-online-language.com\/en\/wp-json\/wp\/v2\/product_brand?post=5321"},{"taxonomy":"product_cat","embeddable":true,"href":"https:\/\/www.study-online-language.com\/en\/wp-json\/wp\/v2\/product_cat?post=5321"},{"taxonomy":"product_tag","embeddable":true,"href":"https:\/\/www.study-online-language.com\/en\/wp-json\/wp\/v2\/product_tag?post=5321"}],"curies":[{"name":"wp","href":"https:\/\/api.w.org\/{rel}","templated":true}]}}