{"id":5319,"date":"2023-04-16T18:06:10","date_gmt":"2023-04-16T16:06:10","guid":{"rendered":"https:\/\/www.study-online-language.com\/?post_type=product&#038;p=5319"},"modified":"2024-10-03T19:51:26","modified_gmt":"2024-10-03T17:51:26","slug":"nemscina-1b-wer-bist-du","status":"publish","type":"product","link":"https:\/\/www.study-online-language.com\/en\/product\/nemscina-1b-wer-bist-du\/","title":{"rendered":"German 1b: Wer bist du? \u2013 Who are you?"},"content":{"rendered":"<p><strong>German 1b: Wer bist du? \u2013 Who are you?<\/strong><br \/>\nIn the second chapter, you will learn to present yourself and others in more detail. You will learn German personal pronouns, tell nationalities, professions and languages in German, you will meet German, European and world celebrities and you will know how to introduce them too! We have prepared an exercise where you will try a dialogue with an employee at the administrative unit, and arranging paperwork will never be a problem again. At the end we will listen to music.<\/p>","protected":false},"excerpt":{"rendered":"<p>Nem\u0161\u010dina 1b: Wer bist du? &#8211; Kdo si ti? V drugem poglavju se boste nau\u010dili ob\u0161irneje predstaviti sebe in druge. Nau\u010dili se boste uporabljati osebne zaimke (jaz, ti, on, &#8230;), povedati narodnosti, poklice in jezike v nem\u0161\u010dini, spoznali boste nem\u0161ke, evropske in svetovne slavne osebe ter se nau\u010dili predstaviti tudi njih! Pripravili smo vajo, kjer [&hellip;]<\/p>","protected":false},"featured_media":5412,"comment_status":"open","ping_status":"closed","template":"","meta":{"content-type":"","jetpack_post_was_ever_published":false},"product_brand":[],"product_cat":[330,331],"product_tag":[147,160,163,65,161,332,63,162,159,66],"class_list":{"0":"post-5319","1":"product","2":"type-product","3":"status-publish","4":"has-post-thumbnail","6":"product_cat-nemscina","7":"product_cat-modul-1-nemscina","8":"product_tag-2-sklon","9":"product_tag-dialog-na-upravni-enoti","10":"product_tag-jeziki","11":"product_tag-modul-1","12":"product_tag-narodnosti","13":"product_tag-nemscina","14":"product_tag-poglavje-1b","15":"product_tag-poklici","16":"product_tag-predstavitev","17":"product_tag-stopnja-1","18":"wpbf-post","21":"instock","22":"virtual","23":"sold-individually","24":"taxable","25":"purchasable","26":"product-type-simple"},"_links":{"self":[{"href":"https:\/\/www.study-online-language.com\/en\/wp-json\/wp\/v2\/product\/5319","targetHints":{"allow":["GET"]}}],"collection":[{"href":"https:\/\/www.study-online-language.com\/en\/wp-json\/wp\/v2\/product"}],"about":[{"href":"https:\/\/www.study-online-language.com\/en\/wp-json\/wp\/v2\/types\/product"}],"replies":[{"embeddable":true,"href":"https:\/\/www.study-online-language.com\/en\/wp-json\/wp\/v2\/comments?post=5319"}],"wp:featuredmedia":[{"embeddable":true,"href":"https:\/\/www.study-online-language.com\/en\/wp-json\/wp\/v2\/media\/5412"}],"wp:attachment":[{"href":"https:\/\/www.study-online-language.com\/en\/wp-json\/wp\/v2\/media?parent=5319"}],"wp:term":[{"taxonomy":"product_brand","embeddable":true,"href":"https:\/\/www.study-online-language.com\/en\/wp-json\/wp\/v2\/product_brand?post=5319"},{"taxonomy":"product_cat","embeddable":true,"href":"https:\/\/www.study-online-language.com\/en\/wp-json\/wp\/v2\/product_cat?post=5319"},{"taxonomy":"product_tag","embeddable":true,"href":"https:\/\/www.study-online-language.com\/en\/wp-json\/wp\/v2\/product_tag?post=5319"}],"curies":[{"name":"wp","href":"https:\/\/api.w.org\/{rel}","templated":true}]}}