{"id":5318,"date":"2023-04-16T18:02:04","date_gmt":"2023-04-16T16:02:04","guid":{"rendered":"https:\/\/www.study-online-language.com\/?post_type=product&#038;p=5318"},"modified":"2024-10-03T19:51:26","modified_gmt":"2024-10-03T17:51:26","slug":"nemscina-1a-guten-tag","status":"publish","type":"product","link":"https:\/\/www.study-online-language.com\/en\/product\/nemscina-1a-guten-tag\/","title":{"rendered":"German 1a: Guten Tag! \u2013 Good day!"},"content":{"rendered":"<p><strong>German 1a: Guten Tag! \u2013 Good day!<\/strong><br \/>\nIn the first chapter, you will learn some basic phrases in German and you will get to know the German alphabet and pronunciation, as well as the basics of dividing nouns into feminine, masculine and neuter genders. At the end of the chapter, you will be able to distinguish between formal and informal dialogue. You will be able to introduce yourself (name, surname, occupation, nationality and languages you speak). You will know how to communicate your feelings and you will learn to ask for a phone number or email address. You will also be able to tell others about it too. You will also master some basic phrases for easier communication and some basic verbs. Finally, you will be able to listen to one German song and solve the exercises based on what you have heard.<\/p>","protected":false},"excerpt":{"rendered":"<p>Nem\u0161\u010dina 1a: Guten Tag! &#8211; Dober dan! V prvem poglavju se boste nau\u010dili nekaj osnovnih fraz v nem\u0161\u010dini, se znali predstaviti in spoznali abecedo v nem\u0161\u010dini in izgovorjavo ter osnove lo\u010devanja samostalnikov na \u017eenski, mo\u0161ki in srednji spol. Ob koncu boste lahko lo\u010dili med formalnim in neformalnim dialogom. Znali se boste predstaviti (ime, priimek, poklic, [&hellip;]<\/p>","protected":false},"featured_media":5414,"comment_status":"open","ping_status":"closed","template":"","meta":{"content-type":"","jetpack_post_was_ever_published":false},"product_brand":[],"product_cat":[331,330],"product_tag":[164,65,332,165,167,62,159,166,66],"class_list":{"0":"post-5318","1":"product","2":"type-product","3":"status-publish","4":"has-post-thumbnail","6":"product_cat-modul-1-nemscina","7":"product_cat-nemscina","8":"product_tag-dober-dan","9":"product_tag-modul-1","10":"product_tag-nemscina","11":"product_tag-osnovne-fraze","12":"product_tag-osnovno-sporazumevanje","13":"product_tag-poglavje-1a","14":"product_tag-predstavitev","15":"product_tag-stevilke-do-10","16":"product_tag-stopnja-1","17":"wpbf-post","20":"instock","21":"virtual","22":"sold-individually","23":"taxable","24":"purchasable","25":"product-type-simple"},"_links":{"self":[{"href":"https:\/\/www.study-online-language.com\/en\/wp-json\/wp\/v2\/product\/5318","targetHints":{"allow":["GET"]}}],"collection":[{"href":"https:\/\/www.study-online-language.com\/en\/wp-json\/wp\/v2\/product"}],"about":[{"href":"https:\/\/www.study-online-language.com\/en\/wp-json\/wp\/v2\/types\/product"}],"replies":[{"embeddable":true,"href":"https:\/\/www.study-online-language.com\/en\/wp-json\/wp\/v2\/comments?post=5318"}],"wp:featuredmedia":[{"embeddable":true,"href":"https:\/\/www.study-online-language.com\/en\/wp-json\/wp\/v2\/media\/5414"}],"wp:attachment":[{"href":"https:\/\/www.study-online-language.com\/en\/wp-json\/wp\/v2\/media?parent=5318"}],"wp:term":[{"taxonomy":"product_brand","embeddable":true,"href":"https:\/\/www.study-online-language.com\/en\/wp-json\/wp\/v2\/product_brand?post=5318"},{"taxonomy":"product_cat","embeddable":true,"href":"https:\/\/www.study-online-language.com\/en\/wp-json\/wp\/v2\/product_cat?post=5318"},{"taxonomy":"product_tag","embeddable":true,"href":"https:\/\/www.study-online-language.com\/en\/wp-json\/wp\/v2\/product_tag?post=5318"}],"curies":[{"name":"wp","href":"https:\/\/api.w.org\/{rel}","templated":true}]}}