{"id":5292,"date":"2023-04-16T17:24:22","date_gmt":"2023-04-16T15:24:22","guid":{"rendered":"https:\/\/www.study-online-language.com\/?post_type=product&#038;p=5292"},"modified":"2025-02-06T12:50:31","modified_gmt":"2025-02-06T11:50:31","slug":"spanscina-tiempos-preterito-perfecto-de-indicativo","status":"publish","type":"product","link":"https:\/\/www.study-online-language.com\/en\/product\/spanscina-tiempos-preterito-perfecto-de-indicativo\/","title":{"rendered":"Spanish: TIEMPOS Pret\u00e9rito perfecto de indicativo"},"content":{"rendered":"<p>This e-classroom will be a wonderful support for your learning. In it you will find additional grammar exercises where you will conjugate verbs in the past tense (pret\u00e9rito perfecto). With a video presentation and additional audio, video and interactive exercises, you will consolidate the material even faster! You will practice both regular and irregular verbs, as well as reflexive verbs. Some exercises will be mixed to consolidate what you have learned, and there will also be music to make learning even more fun!<\/p>","protected":false},"excerpt":{"rendered":"<p>Ta e-u\u010dilnica vam bo krasna podpora u\u010denju. V njej boste na\u0161li dodatne slovni\u010dne vaje, kjer boste spregali glagole v pretekliku (pret\u00e9rito perfecto). Z video predstavitvijo in dodatnimi audio, video in interaktivnimi vajami boste snov utrdili \u0161e hitreje! Vadili boste tako pravilne kot nepravilne glagole, pa tudi povratne glagole. Nekaj vaj bo me\u0161anih, da boste utrdili [&hellip;]<\/p>","protected":false},"featured_media":5661,"comment_status":"open","ping_status":"closed","template":"","meta":{"content-type":"","jetpack_post_was_ever_published":false},"product_brand":[],"product_cat":[248],"product_tag":[137,324,250,323],"class_list":{"0":"post-5292","1":"product","2":"type-product","3":"status-publish","4":"has-post-thumbnail","6":"product_cat-spanscina","7":"product_tag-preteklik","8":"product_tag-preterito-perfecto","9":"product_tag-spanscina","10":"product_tag-stopnja-2","11":"wpbf-post","14":"instock","15":"virtual","16":"sold-individually","17":"taxable","18":"purchasable","19":"product-type-simple"},"_links":{"self":[{"href":"https:\/\/www.study-online-language.com\/en\/wp-json\/wp\/v2\/product\/5292","targetHints":{"allow":["GET"]}}],"collection":[{"href":"https:\/\/www.study-online-language.com\/en\/wp-json\/wp\/v2\/product"}],"about":[{"href":"https:\/\/www.study-online-language.com\/en\/wp-json\/wp\/v2\/types\/product"}],"replies":[{"embeddable":true,"href":"https:\/\/www.study-online-language.com\/en\/wp-json\/wp\/v2\/comments?post=5292"}],"wp:featuredmedia":[{"embeddable":true,"href":"https:\/\/www.study-online-language.com\/en\/wp-json\/wp\/v2\/media\/5661"}],"wp:attachment":[{"href":"https:\/\/www.study-online-language.com\/en\/wp-json\/wp\/v2\/media?parent=5292"}],"wp:term":[{"taxonomy":"product_brand","embeddable":true,"href":"https:\/\/www.study-online-language.com\/en\/wp-json\/wp\/v2\/product_brand?post=5292"},{"taxonomy":"product_cat","embeddable":true,"href":"https:\/\/www.study-online-language.com\/en\/wp-json\/wp\/v2\/product_cat?post=5292"},{"taxonomy":"product_tag","embeddable":true,"href":"https:\/\/www.study-online-language.com\/en\/wp-json\/wp\/v2\/product_tag?post=5292"}],"curies":[{"name":"wp","href":"https:\/\/api.w.org\/{rel}","templated":true}]}}