{"id":5290,"date":"2023-04-16T17:19:47","date_gmt":"2023-04-16T15:19:47","guid":{"rendered":"https:\/\/www.study-online-language.com\/?post_type=product&#038;p=5290"},"modified":"2024-10-03T19:51:27","modified_gmt":"2024-10-03T17:51:27","slug":"spanscina-tiempos-presente-de-indicativo","status":"publish","type":"product","link":"https:\/\/www.study-online-language.com\/en\/product\/spanscina-tiempos-presente-de-indicativo\/","title":{"rendered":"Spanish: TIEMPOS Presente de indicativo"},"content":{"rendered":"<p>This e-classroom will be a great support for modules 2, 3 and 4. In it you will find additional grammar exercises where you will conjugate verbs in the present tense. With a video presentation and additional audio, video and interactive exercises, you will consolidate the material even faster! You will practice both regular and irregular verbs, as well as reflexive verbs. Some exercises will be mixed to consolidate what you have learned, and there will also be music to make learning even more fun!<\/p>","protected":false},"excerpt":{"rendered":"<p>Ta e-u\u010dilnica vam bo krasna podpora pri modulih 2, 3 in 4. V njej boste na\u0161li dodatne slovni\u010dne vaje, kjer boste spregali glagole v sedanjiku. Z video predstavitvijo in dodatnimi audio, video in interaktivnimi vajami boste snov utrdili \u0161e hitreje! Vadili boste tako pravilne kot nepravilne glagole, pa tudi povratne glagole. Nekaj vaj bo me\u0161anih, [&hellip;]<\/p>","protected":false},"featured_media":5438,"comment_status":"open","ping_status":"closed","template":"","meta":{"content-type":"","jetpack_post_was_ever_published":false},"product_brand":[],"product_cat":[248],"product_tag":[78,70,74,77,67,68,69,71,72,210,250,66],"class_list":{"0":"post-5290","1":"product","2":"type-product","3":"status-publish","4":"has-post-thumbnail","6":"product_cat-spanscina","7":"product_tag-modul-2","8":"product_tag-modul-3","9":"product_tag-modul-4","10":"product_tag-poglavje-1f","11":"product_tag-poglavje-1g","12":"product_tag-poglavje-1h","13":"product_tag-poglavje-1i","14":"product_tag-poglavje-1j","15":"product_tag-poglavje-1k","16":"product_tag-sedanjik","17":"product_tag-spanscina","18":"product_tag-stopnja-1","19":"wpbf-post","22":"instock","23":"virtual","24":"sold-individually","25":"taxable","26":"purchasable","27":"product-type-simple"},"_links":{"self":[{"href":"https:\/\/www.study-online-language.com\/en\/wp-json\/wp\/v2\/product\/5290","targetHints":{"allow":["GET"]}}],"collection":[{"href":"https:\/\/www.study-online-language.com\/en\/wp-json\/wp\/v2\/product"}],"about":[{"href":"https:\/\/www.study-online-language.com\/en\/wp-json\/wp\/v2\/types\/product"}],"replies":[{"embeddable":true,"href":"https:\/\/www.study-online-language.com\/en\/wp-json\/wp\/v2\/comments?post=5290"}],"wp:featuredmedia":[{"embeddable":true,"href":"https:\/\/www.study-online-language.com\/en\/wp-json\/wp\/v2\/media\/5438"}],"wp:attachment":[{"href":"https:\/\/www.study-online-language.com\/en\/wp-json\/wp\/v2\/media?parent=5290"}],"wp:term":[{"taxonomy":"product_brand","embeddable":true,"href":"https:\/\/www.study-online-language.com\/en\/wp-json\/wp\/v2\/product_brand?post=5290"},{"taxonomy":"product_cat","embeddable":true,"href":"https:\/\/www.study-online-language.com\/en\/wp-json\/wp\/v2\/product_cat?post=5290"},{"taxonomy":"product_tag","embeddable":true,"href":"https:\/\/www.study-online-language.com\/en\/wp-json\/wp\/v2\/product_tag?post=5290"}],"curies":[{"name":"wp","href":"https:\/\/api.w.org\/{rel}","templated":true}]}}