{"id":5287,"date":"2023-04-16T17:16:29","date_gmt":"2023-04-16T15:16:29","guid":{"rendered":"https:\/\/www.study-online-language.com\/?post_type=product&#038;p=5287"},"modified":"2024-10-03T19:51:27","modified_gmt":"2024-10-03T17:51:27","slug":"spanscina-1l-en-el-hotel","status":"publish","type":"product","link":"https:\/\/www.study-online-language.com\/en\/product\/spanscina-1l-en-el-hotel\/","title":{"rendered":"Spanish 1L: En el hotel \u2013 At the hotel"},"content":{"rendered":"<p><strong>Spanish 1L: En el hotel \u2013 At the hotel<\/strong><br \/>\nWhen you arrive at your destination, you will check into a hostel, guesthouse or hotel. You will learn vocabulary related to luggage, accommodation, as well as the difference between the verbs SER, ESTAR and HABER. Then you will plan a day to see the sights and activities that you can do on the trip. You will repeat the use of the present tense (regular and irregular verbs) and the near future for independent creation of dialogues, spoken and written texts. To top it all off, you will listen to a charming song by a Spanish singer.<\/p>","protected":false},"excerpt":{"rendered":"<p>\u0160pan\u0161\u010dina 1L: En el hotel \u2013 V hotelu Ko prispete na svojo destinacijo, se boste nastanili v hostlu, penzionu ali hotelu. Nau\u010dili se boste besedi\u0161\u010de v povezavi s prtljago, nastanitvijo, pa tudi razlike med glagoli SER, ESTAR in HABER. Nato pa boste na\u010drtovali dan za ogled znamenitosti in aktivnosti, ki jih lahko po\u010dnete na potovanju. [&hellip;]<\/p>","protected":false},"featured_media":5421,"comment_status":"open","ping_status":"closed","template":"","meta":{"content-type":"","jetpack_post_was_ever_published":false},"product_brand":[],"product_cat":[248,294],"product_tag":[321,317,322,303,316,101,74,315,283,319,318,73,320,100,250,66,192],"class_list":{"0":"post-5287","1":"product","2":"type-product","3":"status-publish","4":"has-post-thumbnail","6":"product_cat-spanscina","7":"product_cat-modul-4-spanscina","8":"product_tag-aktivnosti-na-potovanjih","9":"product_tag-apartma","10":"product_tag-bliznji-prihodnik","11":"product_tag-glagol-biti","12":"product_tag-hostel","13":"product_tag-hotel","14":"product_tag-modul-4","15":"product_tag-nastanitve","16":"product_tag-nepravilni-glagoli","17":"product_tag-ogled-znamenitosti","18":"product_tag-penzion","19":"product_tag-poglavje-1l","20":"product_tag-pravilni-glagoli","21":"product_tag-prtljaga","22":"product_tag-spanscina","23":"product_tag-stopnja-1","24":"product_tag-znamenitosti","25":"wpbf-post","28":"instock","29":"virtual","30":"sold-individually","31":"taxable","32":"purchasable","33":"product-type-simple"},"_links":{"self":[{"href":"https:\/\/www.study-online-language.com\/en\/wp-json\/wp\/v2\/product\/5287","targetHints":{"allow":["GET"]}}],"collection":[{"href":"https:\/\/www.study-online-language.com\/en\/wp-json\/wp\/v2\/product"}],"about":[{"href":"https:\/\/www.study-online-language.com\/en\/wp-json\/wp\/v2\/types\/product"}],"replies":[{"embeddable":true,"href":"https:\/\/www.study-online-language.com\/en\/wp-json\/wp\/v2\/comments?post=5287"}],"wp:featuredmedia":[{"embeddable":true,"href":"https:\/\/www.study-online-language.com\/en\/wp-json\/wp\/v2\/media\/5421"}],"wp:attachment":[{"href":"https:\/\/www.study-online-language.com\/en\/wp-json\/wp\/v2\/media?parent=5287"}],"wp:term":[{"taxonomy":"product_brand","embeddable":true,"href":"https:\/\/www.study-online-language.com\/en\/wp-json\/wp\/v2\/product_brand?post=5287"},{"taxonomy":"product_cat","embeddable":true,"href":"https:\/\/www.study-online-language.com\/en\/wp-json\/wp\/v2\/product_cat?post=5287"},{"taxonomy":"product_tag","embeddable":true,"href":"https:\/\/www.study-online-language.com\/en\/wp-json\/wp\/v2\/product_tag?post=5287"}],"curies":[{"name":"wp","href":"https:\/\/api.w.org\/{rel}","templated":true}]}}