{"id":5276,"date":"2023-04-16T17:04:31","date_gmt":"2023-04-16T15:04:31","guid":{"rendered":"https:\/\/www.study-online-language.com\/?post_type=product&#038;p=5276"},"modified":"2024-10-03T19:51:27","modified_gmt":"2024-10-03T17:51:27","slug":"spanscina-1h-en-la-tienda-de-ropa","status":"publish","type":"product","link":"https:\/\/www.study-online-language.com\/en\/product\/spanscina-1h-en-la-tienda-de-ropa\/","title":{"rendered":"Spanish 1h: En la tienda de ropa \u2013 In the clothing store"},"content":{"rendered":"<p><strong>Spanish 1h: En la tienda de ropa \u2013 In the clothing store<\/strong><br \/>\nIn this chapter, you will go to the clothing store. You will learn vocabulary related to clothes and materials. You will learn how to dress for different occasions and seasons. Don't forget accessories either! You will repeat the colors and you will learn to conjugate irregular verbs that have changes in their root. You will learn more about the Canary Islands as you go on a trip there. On the trip, you will learn something more about geography: How do you say desert, volcano, forest or lake in Spanish?<\/p>","protected":false},"excerpt":{"rendered":"<p>\u0160pan\u0161\u010dina 1h: En la tienda de ropa &#8211; V trgovini z obla\u010dili V tem poglavju se boste odpravili v trgovino z obla\u010dili. Nau\u010dili se boste besedi\u0161\u010de v povezavi z obla\u010dili in materiali. Nau\u010dili se boste povedati, kako se obla\u010dite ob razli\u010dnih prilo\u017enostih in ob razli\u010dnih letnih \u010dasih. Tudi na dodatke ne smete pozabiti! Ponovili boste [&hellip;]<\/p>","protected":false},"featured_media":5425,"comment_status":"open","ping_status":"closed","template":"","meta":{"content-type":"","jetpack_post_was_ever_published":false},"product_brand":[],"product_cat":[248,275],"product_tag":[146,286,281,285,284,133,70,283,282,68,210,250,66],"class_list":{"0":"post-5276","1":"product","2":"type-product","3":"status-publish","4":"has-post-thumbnail","6":"product_cat-spanscina","7":"product_cat-modul-3-spanscina","8":"product_tag-barve","9":"product_tag-destinacije","10":"product_tag-dialog-v-trgovini-z-oblacili","11":"product_tag-geografija","12":"product_tag-kanarski-otoki","13":"product_tag-letni-casi","14":"product_tag-modul-3","15":"product_tag-nepravilni-glagoli","16":"product_tag-oblacina","17":"product_tag-poglavje-1h","18":"product_tag-sedanjik","19":"product_tag-spanscina","20":"product_tag-stopnja-1","21":"wpbf-post","24":"instock","25":"virtual","26":"sold-individually","27":"taxable","28":"purchasable","29":"product-type-simple"},"_links":{"self":[{"href":"https:\/\/www.study-online-language.com\/en\/wp-json\/wp\/v2\/product\/5276","targetHints":{"allow":["GET"]}}],"collection":[{"href":"https:\/\/www.study-online-language.com\/en\/wp-json\/wp\/v2\/product"}],"about":[{"href":"https:\/\/www.study-online-language.com\/en\/wp-json\/wp\/v2\/types\/product"}],"replies":[{"embeddable":true,"href":"https:\/\/www.study-online-language.com\/en\/wp-json\/wp\/v2\/comments?post=5276"}],"wp:featuredmedia":[{"embeddable":true,"href":"https:\/\/www.study-online-language.com\/en\/wp-json\/wp\/v2\/media\/5425"}],"wp:attachment":[{"href":"https:\/\/www.study-online-language.com\/en\/wp-json\/wp\/v2\/media?parent=5276"}],"wp:term":[{"taxonomy":"product_brand","embeddable":true,"href":"https:\/\/www.study-online-language.com\/en\/wp-json\/wp\/v2\/product_brand?post=5276"},{"taxonomy":"product_cat","embeddable":true,"href":"https:\/\/www.study-online-language.com\/en\/wp-json\/wp\/v2\/product_cat?post=5276"},{"taxonomy":"product_tag","embeddable":true,"href":"https:\/\/www.study-online-language.com\/en\/wp-json\/wp\/v2\/product_tag?post=5276"}],"curies":[{"name":"wp","href":"https:\/\/api.w.org\/{rel}","templated":true}]}}