{"id":5273,"date":"2023-04-16T16:14:29","date_gmt":"2023-04-16T14:14:29","guid":{"rendered":"https:\/\/www.study-online-language.com\/?post_type=product&#038;p=5273"},"modified":"2024-10-03T19:51:27","modified_gmt":"2024-10-03T17:51:27","slug":"spanscina-1g-compramos-regalos","status":"publish","type":"product","link":"https:\/\/www.study-online-language.com\/en\/product\/spanscina-1g-compramos-regalos\/","title":{"rendered":"Spanish 1g: Compramos regalos \u2013 Buying presents"},"content":{"rendered":"<p><strong>Spanish 1g: Compramos regalos \u2013 Buying presents<\/strong><br \/>\nIn this chapter you will be shopping for gifts and clothes, as well as doing some math. If this is already giving you headaches in your native language, don't worry, we promise that calculating in Spanish is quite easy. You will learn how to organize a real Spanish and Mexican fiesta (a celebration), as well as how to conjugate the regular verbs ending in -ER and -IR.<\/p>","protected":false},"excerpt":{"rendered":"<p>\u0160pan\u0161\u010dina 1g: Compramos regalos &#8211; Kupimo darila \u010caka vas nakupovanje daril in obla\u010dil, pa tudi nekaj matematike. \u010ce vam ta povzro\u010da preglavice \u017ee v maternem jeziku, bodite brez skrbi, obljubimo, da je ra\u010dunanje v \u0161pan\u0161\u010dini \u010disto enostavno. Nau\u010dili se boste organizirati pravo \u0161pansko in mehi\u0161ko fiesto (praznovanje), pa tudi spregati pravilne glagole, ki se kon\u010dajo [&hellip;]<\/p>","protected":false},"featured_media":5426,"comment_status":"open","ping_status":"closed","template":"","meta":{"content-type":"","jetpack_post_was_ever_published":false},"product_brand":[],"product_cat":[248,275],"product_tag":[279,280,277,70,276,67,278,210,250,66],"class_list":{"0":"post-5273","1":"product","2":"type-product","3":"status-publish","4":"has-post-thumbnail","6":"product_cat-spanscina","7":"product_cat-modul-3-spanscina","8":"product_tag-glagoli-na-er","9":"product_tag-glagoli-na-ir","10":"product_tag-matematika","11":"product_tag-modul-3","12":"product_tag-nakupovanje-daril","13":"product_tag-poglavje-1g","14":"product_tag-praznovanje","15":"product_tag-sedanjik","16":"product_tag-spanscina","17":"product_tag-stopnja-1","18":"wpbf-post","21":"instock","22":"virtual","23":"sold-individually","24":"taxable","25":"purchasable","26":"product-type-simple"},"_links":{"self":[{"href":"https:\/\/www.study-online-language.com\/en\/wp-json\/wp\/v2\/product\/5273","targetHints":{"allow":["GET"]}}],"collection":[{"href":"https:\/\/www.study-online-language.com\/en\/wp-json\/wp\/v2\/product"}],"about":[{"href":"https:\/\/www.study-online-language.com\/en\/wp-json\/wp\/v2\/types\/product"}],"replies":[{"embeddable":true,"href":"https:\/\/www.study-online-language.com\/en\/wp-json\/wp\/v2\/comments?post=5273"}],"wp:featuredmedia":[{"embeddable":true,"href":"https:\/\/www.study-online-language.com\/en\/wp-json\/wp\/v2\/media\/5426"}],"wp:attachment":[{"href":"https:\/\/www.study-online-language.com\/en\/wp-json\/wp\/v2\/media?parent=5273"}],"wp:term":[{"taxonomy":"product_brand","embeddable":true,"href":"https:\/\/www.study-online-language.com\/en\/wp-json\/wp\/v2\/product_brand?post=5273"},{"taxonomy":"product_cat","embeddable":true,"href":"https:\/\/www.study-online-language.com\/en\/wp-json\/wp\/v2\/product_cat?post=5273"},{"taxonomy":"product_tag","embeddable":true,"href":"https:\/\/www.study-online-language.com\/en\/wp-json\/wp\/v2\/product_tag?post=5273"}],"curies":[{"name":"wp","href":"https:\/\/api.w.org\/{rel}","templated":true}]}}