{"id":5270,"date":"2023-04-16T15:29:52","date_gmt":"2023-04-16T13:29:52","guid":{"rendered":"https:\/\/www.study-online-language.com\/?post_type=product&#038;p=5270"},"modified":"2024-10-03T19:51:27","modified_gmt":"2024-10-03T17:51:27","slug":"spanscina-1f-vamos-de-tapas","status":"publish","type":"product","link":"https:\/\/www.study-online-language.com\/en\/product\/spanscina-1f-vamos-de-tapas\/","title":{"rendered":"Spanish 1f: Vamos de tapas \u2013 Let's go for tapas"},"content":{"rendered":"<p><strong>Spanish 1f: Vamos de tapas \u2013 Let's go for tapas<\/strong><br \/>\nNadaljevali boste pohajkovanje po \u0160paniji. Nau\u010dili se boste okrep\u010dati s \u201ctapasi\u201d v baru s prigrizkom in pivom. Nau\u010dili se boste besedi\u0161\u010de v povezavi s prigrizki in pija\u010do. Znali boste poimenovati pribor in opisati okuse jedi. Preiskusili se boste v dialogu v restavraciji in nau\u010dili spregati pravilne glagole, ki se kon\u010dajo na -AR v sedanjiku. Za piko na i pa si boste lahko privo\u0161\u010dili nekaj \u0161panske glasbe.<\/p>","protected":false},"excerpt":{"rendered":"<p>\u0160pan\u0161\u010dina 1f: Vamos de tapas &#8211; Gremo na tapase Nadaljevali boste pohajkovanje po \u0160paniji. Nau\u010dili se boste okrep\u010dati s \u201ctapasi\u201d v baru s prigrizkom in pivom. Nau\u010dili se boste besedi\u0161\u010de v povezavi s prigrizki in pija\u010do. Znali boste poimenovati pribor in opisati okuse jedi. Preiskusili se boste v dialogu v restavraciji in nau\u010dili spregati pravilne [&hellip;]<\/p>","protected":false},"featured_media":5427,"comment_status":"open","ping_status":"closed","template":"","meta":{"content-type":"","jetpack_post_was_ever_published":false},"product_brand":[],"product_cat":[248,265],"product_tag":[143,274,78,270,273,271,77,272,263,210,250,66],"class_list":{"0":"post-5270","1":"product","2":"type-product","3":"status-publish","4":"has-post-thumbnail","6":"product_cat-spanscina","7":"product_cat-modul-2-spanscina","8":"product_tag-dialog-v-restavraciji","9":"product_tag-glagoli-na-ar","10":"product_tag-modul-2","11":"product_tag-narocanje-v-baru","12":"product_tag-opis-okusa-jedi","13":"product_tag-pijaca","14":"product_tag-poglavje-1f","15":"product_tag-pribor","16":"product_tag-prigrizki","17":"product_tag-sedanjik","18":"product_tag-spanscina","19":"product_tag-stopnja-1","20":"wpbf-post","23":"instock","24":"virtual","25":"sold-individually","26":"taxable","27":"purchasable","28":"product-type-simple"},"_links":{"self":[{"href":"https:\/\/www.study-online-language.com\/en\/wp-json\/wp\/v2\/product\/5270","targetHints":{"allow":["GET"]}}],"collection":[{"href":"https:\/\/www.study-online-language.com\/en\/wp-json\/wp\/v2\/product"}],"about":[{"href":"https:\/\/www.study-online-language.com\/en\/wp-json\/wp\/v2\/types\/product"}],"replies":[{"embeddable":true,"href":"https:\/\/www.study-online-language.com\/en\/wp-json\/wp\/v2\/comments?post=5270"}],"wp:featuredmedia":[{"embeddable":true,"href":"https:\/\/www.study-online-language.com\/en\/wp-json\/wp\/v2\/media\/5427"}],"wp:attachment":[{"href":"https:\/\/www.study-online-language.com\/en\/wp-json\/wp\/v2\/media?parent=5270"}],"wp:term":[{"taxonomy":"product_brand","embeddable":true,"href":"https:\/\/www.study-online-language.com\/en\/wp-json\/wp\/v2\/product_brand?post=5270"},{"taxonomy":"product_cat","embeddable":true,"href":"https:\/\/www.study-online-language.com\/en\/wp-json\/wp\/v2\/product_cat?post=5270"},{"taxonomy":"product_tag","embeddable":true,"href":"https:\/\/www.study-online-language.com\/en\/wp-json\/wp\/v2\/product_tag?post=5270"}],"curies":[{"name":"wp","href":"https:\/\/api.w.org\/{rel}","templated":true}]}}