{"id":5267,"date":"2023-04-16T15:27:03","date_gmt":"2023-04-16T13:27:03","guid":{"rendered":"https:\/\/www.study-online-language.com\/?post_type=product&#038;p=5267"},"modified":"2024-10-03T19:51:27","modified_gmt":"2024-10-03T17:51:27","slug":"spanscina-1e-te-presento-a-mi-amigo","status":"publish","type":"product","link":"https:\/\/www.study-online-language.com\/en\/product\/spanscina-1e-te-presento-a-mi-amigo\/","title":{"rendered":"Spanish 1e: Te presento a mi amigo - Meet my friend"},"content":{"rendered":"<p><strong>Spanish 1e: Te presento a mi amigo - Meet my friend<\/strong><br \/>\nIn this chapter you will hang out. You will meet a new Spanish friend, learn to spell out your basic information to avoid misunderstandings, numbers up to 100, professions, nationalities and languages. You will be able to say what you like and what you don't like, as well as conjugate the verbs SER, ESTAR, LLAMARSE and TENER in Spanish. These verbs will come in handy when introducing yourself and other (known and unknown) people. For this purpose, we will also present you with questionnaires so that you can get to know the interlocutor better.<\/p>","protected":false},"excerpt":{"rendered":"<p>\u0160pan\u0161\u010dina 1e: Te presento a mi amigo &#8211; Naj ti predstavim prijatelja V tem poglavju se boste dru\u017eili. Spoznali boste novega \u0161panskega prijatelja, nau\u010dili se boste \u010drkovati svoje osnovne podatke, da ne bo pri\u0161lo do nesporazumov pri zapisu, \u0161tevilke do 100, poklice, narodnosti in jezike. Lahko boste povedali, kaj imate radi in \u010desa ne, pa [&hellip;]<\/p>","protected":false},"featured_media":5428,"comment_status":"open","ping_status":"closed","template":"","meta":{"content-type":"","jetpack_post_was_ever_published":false},"product_brand":[],"product_cat":[248,265],"product_tag":[267,144,163,78,161,76,162,266,250,269,268,66,88],"class_list":{"0":"post-5267","1":"product","2":"type-product","3":"status-publish","4":"has-post-thumbnail","6":"product_cat-spanscina","7":"product_cat-modul-2-spanscina","8":"product_tag-crkovanje","9":"product_tag-imam-rad-a-in-nimam-rad-a","10":"product_tag-jeziki","11":"product_tag-modul-2","12":"product_tag-narodnosti","13":"product_tag-poglavje-1e","14":"product_tag-poklici","15":"product_tag-predstavitev-osebe","16":"product_tag-spanscina","17":"product_tag-spreganje-glagolov","18":"product_tag-stevilke-do-100","19":"product_tag-stopnja-1","20":"product_tag-vprasalnice","21":"wpbf-post","24":"instock","25":"virtual","26":"sold-individually","27":"taxable","28":"purchasable","29":"product-type-simple"},"_links":{"self":[{"href":"https:\/\/www.study-online-language.com\/en\/wp-json\/wp\/v2\/product\/5267","targetHints":{"allow":["GET"]}}],"collection":[{"href":"https:\/\/www.study-online-language.com\/en\/wp-json\/wp\/v2\/product"}],"about":[{"href":"https:\/\/www.study-online-language.com\/en\/wp-json\/wp\/v2\/types\/product"}],"replies":[{"embeddable":true,"href":"https:\/\/www.study-online-language.com\/en\/wp-json\/wp\/v2\/comments?post=5267"}],"wp:featuredmedia":[{"embeddable":true,"href":"https:\/\/www.study-online-language.com\/en\/wp-json\/wp\/v2\/media\/5428"}],"wp:attachment":[{"href":"https:\/\/www.study-online-language.com\/en\/wp-json\/wp\/v2\/media?parent=5267"}],"wp:term":[{"taxonomy":"product_brand","embeddable":true,"href":"https:\/\/www.study-online-language.com\/en\/wp-json\/wp\/v2\/product_brand?post=5267"},{"taxonomy":"product_cat","embeddable":true,"href":"https:\/\/www.study-online-language.com\/en\/wp-json\/wp\/v2\/product_cat?post=5267"},{"taxonomy":"product_tag","embeddable":true,"href":"https:\/\/www.study-online-language.com\/en\/wp-json\/wp\/v2\/product_tag?post=5267"}],"curies":[{"name":"wp","href":"https:\/\/api.w.org\/{rel}","templated":true}]}}