{"id":5264,"date":"2023-04-16T15:16:46","date_gmt":"2023-04-16T13:16:46","guid":{"rendered":"https:\/\/www.study-online-language.com\/?post_type=product&#038;p=5264"},"modified":"2024-10-03T19:51:27","modified_gmt":"2024-10-03T17:51:27","slug":"spanscina-1d-mi-barrio","status":"publish","type":"product","link":"https:\/\/www.study-online-language.com\/en\/product\/spanscina-1d-mi-barrio\/","title":{"rendered":"Spanish 1d: Mi barrio \u2013 My neighborhood\u00a0"},"content":{"rendered":"<p><strong>Spanish 1d: Mi barrio \u2013 My neighborhood\u00a0<\/strong><br \/>\nIn this chapter, you will walk around the city and learn how to buy a subway ticket. In the end, you will master the important difference of all three verbs TO BE in Spanish (ser, estar, haber). You will learn to describe your town and prepositions for situating. You will also be able to ask for directions, as well as give directions in the city. You will learn words for colors, find your way on the subway and numbers up to 20. There will be no shortage of Spanish music in this chapter either.<\/p>","protected":false},"excerpt":{"rendered":"<p>\u0160pan\u0161\u010dina 1d: Mi barrio &#8211; Moje naselje\u00a0 V tem poglavju se boste sprehodili po mestu in se nau\u010dili kupiti vozovnico za podzemno \u017eeleznico. Na koncu boste obvladali pomembno razliko vseh treh glagolov BITI v \u0161pan\u0161\u010dini (ser, estar, haber). Nau\u010dili se boste opisati svoj kraj in uporabljati predloge in prislove. Znali boste tudi vpra\u0161ati za smer [&hellip;]<\/p>","protected":false},"featured_media":5429,"comment_status":"open","ping_status":"closed","template":"","meta":{"content-type":"","jetpack_post_was_ever_published":false},"product_brand":[],"product_cat":[248,265],"product_tag":[146,125,303,78,302,304,300,301,75,305,250,307,66,306],"class_list":{"0":"post-5264","1":"product","2":"type-product","3":"status-publish","4":"has-post-thumbnail","6":"product_cat-spanscina","7":"product_cat-modul-2-spanscina","8":"product_tag-barve","9":"product_tag-dajati-napotke-v-mestu","10":"product_tag-glagol-biti","11":"product_tag-modul-2","12":"product_tag-nakupovanje-vozovnice","13":"product_tag-opis-kraja","14":"product_tag-podzemna","15":"product_tag-podzemna-zeleznica","16":"product_tag-poglavje-1d","17":"product_tag-predlogi-za-mesto","18":"product_tag-spanscina","19":"product_tag-stevilke-do-20","20":"product_tag-stopnja-1","21":"product_tag-vprasati-za-smer","22":"wpbf-post","25":"instock","26":"virtual","27":"sold-individually","28":"taxable","29":"purchasable","30":"product-type-simple"},"_links":{"self":[{"href":"https:\/\/www.study-online-language.com\/en\/wp-json\/wp\/v2\/product\/5264","targetHints":{"allow":["GET"]}}],"collection":[{"href":"https:\/\/www.study-online-language.com\/en\/wp-json\/wp\/v2\/product"}],"about":[{"href":"https:\/\/www.study-online-language.com\/en\/wp-json\/wp\/v2\/types\/product"}],"replies":[{"embeddable":true,"href":"https:\/\/www.study-online-language.com\/en\/wp-json\/wp\/v2\/comments?post=5264"}],"wp:featuredmedia":[{"embeddable":true,"href":"https:\/\/www.study-online-language.com\/en\/wp-json\/wp\/v2\/media\/5429"}],"wp:attachment":[{"href":"https:\/\/www.study-online-language.com\/en\/wp-json\/wp\/v2\/media?parent=5264"}],"wp:term":[{"taxonomy":"product_brand","embeddable":true,"href":"https:\/\/www.study-online-language.com\/en\/wp-json\/wp\/v2\/product_brand?post=5264"},{"taxonomy":"product_cat","embeddable":true,"href":"https:\/\/www.study-online-language.com\/en\/wp-json\/wp\/v2\/product_cat?post=5264"},{"taxonomy":"product_tag","embeddable":true,"href":"https:\/\/www.study-online-language.com\/en\/wp-json\/wp\/v2\/product_tag?post=5264"}],"curies":[{"name":"wp","href":"https:\/\/api.w.org\/{rel}","templated":true}]}}