{"id":5255,"date":"2023-04-16T15:03:01","date_gmt":"2023-04-16T13:03:01","guid":{"rendered":"https:\/\/www.study-online-language.com\/?post_type=product&#038;p=5255"},"modified":"2024-10-03T19:51:27","modified_gmt":"2024-10-03T17:51:27","slug":"spanscina-1a-empezamos","status":"publish","type":"product","link":"https:\/\/www.study-online-language.com\/en\/product\/spanscina-1a-empezamos\/","title":{"rendered":"Spanish 1a: \u00a1Empezamos! \u2013 Let's start!"},"content":{"rendered":"<p><strong>Spanish 1a \u00a1Empezamos! \u2013 Let's start!<\/strong><br \/>\nJoin us on a wander through Spain. In the first chapter, you will learn the basics: numbers, the alphabet, pronunciation, basic phrases for communication. You will learn to say why you are learning Spanish and what you like to do in your free time. At the end, Spanish music awaits you for a treat and relaxation.<\/p>","protected":false},"excerpt":{"rendered":"<p>\u0160pan\u0161\u010dina 1a \u00a1Empezamos! &#8211; Pa za\u010dnimo! Pridru\u017eite se nam na potepu po \u0160paniji. V prvem poglavju se boste nau\u010dili osnov: \u0161tevilke, abecedo, izgovorjava, osnovne fraze za sporazumevanje. Nau\u010dili se boste povedati, zakaj se u\u010dite \u0161pansko in kaj radi delate v prostem \u010dasu. Na koncu za poslastico in sprostitev vas \u010daka \u0161panska glasba.<\/p>","protected":false},"featured_media":5432,"comment_status":"open","ping_status":"closed","template":"","meta":{"content-type":"","jetpack_post_was_ever_published":false},"product_brand":[],"product_cat":[248,249],"product_tag":[251,65,165,62,244,250,252,166,66],"class_list":{"0":"post-5255","1":"product","2":"type-product","3":"status-publish","4":"has-post-thumbnail","6":"product_cat-spanscina","7":"product_cat-modul-1-spanscina","8":"product_tag-abeceda","9":"product_tag-modul-1","10":"product_tag-osnovne-fraze","11":"product_tag-poglavje-1a","12":"product_tag-prosti-cas","13":"product_tag-spanscina","14":"product_tag-sporazumevanje","15":"product_tag-stevilke-do-10","16":"product_tag-stopnja-1","17":"wpbf-post","20":"instock","21":"virtual","22":"sold-individually","23":"taxable","24":"purchasable","25":"product-type-simple"},"_links":{"self":[{"href":"https:\/\/www.study-online-language.com\/en\/wp-json\/wp\/v2\/product\/5255","targetHints":{"allow":["GET"]}}],"collection":[{"href":"https:\/\/www.study-online-language.com\/en\/wp-json\/wp\/v2\/product"}],"about":[{"href":"https:\/\/www.study-online-language.com\/en\/wp-json\/wp\/v2\/types\/product"}],"replies":[{"embeddable":true,"href":"https:\/\/www.study-online-language.com\/en\/wp-json\/wp\/v2\/comments?post=5255"}],"wp:featuredmedia":[{"embeddable":true,"href":"https:\/\/www.study-online-language.com\/en\/wp-json\/wp\/v2\/media\/5432"}],"wp:attachment":[{"href":"https:\/\/www.study-online-language.com\/en\/wp-json\/wp\/v2\/media?parent=5255"}],"wp:term":[{"taxonomy":"product_brand","embeddable":true,"href":"https:\/\/www.study-online-language.com\/en\/wp-json\/wp\/v2\/product_brand?post=5255"},{"taxonomy":"product_cat","embeddable":true,"href":"https:\/\/www.study-online-language.com\/en\/wp-json\/wp\/v2\/product_cat?post=5255"},{"taxonomy":"product_tag","embeddable":true,"href":"https:\/\/www.study-online-language.com\/en\/wp-json\/wp\/v2\/product_tag?post=5255"}],"curies":[{"name":"wp","href":"https:\/\/api.w.org\/{rel}","templated":true}]}}