{"id":5175,"date":"2023-04-10T15:32:35","date_gmt":"2023-04-10T13:32:35","guid":{"rendered":"https:\/\/www.study-online-language.com\/?post_type=product&#038;p=5175"},"modified":"2024-10-03T19:51:27","modified_gmt":"2024-10-03T17:51:27","slug":"anglescina-modul-12","status":"publish","type":"product","link":"https:\/\/www.study-online-language.com\/en\/product\/anglescina-modul-12\/","title":{"rendered":"English: Module 12"},"content":{"rendered":"<p>Module 12 covers last three chapters of the third level of English:<\/p>\n<p><strong>English 3j: What will it take to save the planet?<\/strong><br \/>\nHow often do you think about the environment? Do you think everyone should make an effort to recycle their waste? In this unit, you\u2019ll learn how to talk about the environment, pollution and other global issues together with new negative adjectives like \u201cirreparable\u201d and \u201cunrelated\u201d. A video about global warming will get you thinking about consequences and conditions, which is a natural starting point for conditional sentences. This unit reviews the first conditional and compares it to zero conditional sentences. Will we save the environment if we stop buying so many clothes? Finish this unit to find out.<\/p>\n<p><strong>English 3k: If I weren\u2019t stuck in the office\u2026<\/strong><br \/>\nHow much time do you spend talking about your travel plans or past holidays you\u2019ve been on? The vocabulary in this unit will make daydreaming about travelling even more enjoyable. After learning about the difference between the words \u201cjourney\u201d, \u201ctrip\u201d and \u201ctravel\u201d, you\u2019ll learn new words and phrases connected to flights and flying. Do you know what the opposite of a return journey is? Who tells you to fasten your seatbelt? After addressing these questions, you\u2019ll learn all about holiday accommodation and sightseeing. Oh, how nice it would be to travel during work time! With this thought in mind, our wishful thinking continues with the second conditional (if you were in China at the moment, what would you visit?), then compares it with the first conditional.<\/p>\n<p><strong>English 3L: We used to sort things out together<\/strong><br \/>\nWho do you usually talk things over with when you have a problem? How quickly do you normally come up with solutions? This unit deals with vocabulary to discuss problems as well as finding solutions with an emphasis on phrasal verbs that are very common in everyday English. The grammar part of this unit then focuses on talking about habits\u2014namely, past habits and the difference between used to and would! If it\u2019s correct to say \u201cI would cycle around the city every week.\u201d, then why can\u2019t you say \u201cI would own a pet parrot when I was a child?\u201d Complete the unit to find out why.<\/p>","protected":false},"excerpt":{"rendered":"<p>Modul 12 zajema zadnja tri poglavja tretje stopnje angle\u0161\u010dine: Angle\u0161\u010dina 3j: What will it take to save the planet? Kako pogosto razmi\u0161ljate o okolju? Ali menite, da bi si morali vsi prizadevati za recikliranje svojih odpadkov? V tem poglavju se boste nau\u010dili govoriti o okolju, onesna\u017eevanju in drugih globalnih vpra\u0161anjih skupaj z novimi negativnimi pridevniki, [&hellip;]<\/p>","protected":false},"featured_media":5675,"comment_status":"open","ping_status":"closed","template":"","meta":{"content-type":"","jetpack_post_was_ever_published":false},"product_brand":[],"product_cat":[37,60],"product_tag":[168,74,178,179,180,181],"class_list":{"0":"post-5175","1":"product","2":"type-product","3":"status-publish","4":"has-post-thumbnail","6":"product_cat-anglescina","7":"product_cat-modul-12","8":"product_tag-anglescina","9":"product_tag-modul-4","10":"product_tag-poglavje-3j","11":"product_tag-poglavje-3k","12":"product_tag-poglavje-3l","13":"product_tag-stopnja-3","14":"wpbf-post","17":"instock","18":"sale","19":"virtual","20":"sold-individually","21":"taxable","22":"purchasable","23":"product-type-simple"},"_links":{"self":[{"href":"https:\/\/www.study-online-language.com\/en\/wp-json\/wp\/v2\/product\/5175","targetHints":{"allow":["GET"]}}],"collection":[{"href":"https:\/\/www.study-online-language.com\/en\/wp-json\/wp\/v2\/product"}],"about":[{"href":"https:\/\/www.study-online-language.com\/en\/wp-json\/wp\/v2\/types\/product"}],"replies":[{"embeddable":true,"href":"https:\/\/www.study-online-language.com\/en\/wp-json\/wp\/v2\/comments?post=5175"}],"wp:featuredmedia":[{"embeddable":true,"href":"https:\/\/www.study-online-language.com\/en\/wp-json\/wp\/v2\/media\/5675"}],"wp:attachment":[{"href":"https:\/\/www.study-online-language.com\/en\/wp-json\/wp\/v2\/media?parent=5175"}],"wp:term":[{"taxonomy":"product_brand","embeddable":true,"href":"https:\/\/www.study-online-language.com\/en\/wp-json\/wp\/v2\/product_brand?post=5175"},{"taxonomy":"product_cat","embeddable":true,"href":"https:\/\/www.study-online-language.com\/en\/wp-json\/wp\/v2\/product_cat?post=5175"},{"taxonomy":"product_tag","embeddable":true,"href":"https:\/\/www.study-online-language.com\/en\/wp-json\/wp\/v2\/product_tag?post=5175"}],"curies":[{"name":"wp","href":"https:\/\/api.w.org\/{rel}","templated":true}]}}