{"id":5173,"date":"2023-04-10T15:30:12","date_gmt":"2023-04-10T13:30:12","guid":{"rendered":"https:\/\/www.study-online-language.com\/?post_type=product&#038;p=5173"},"modified":"2024-11-26T13:20:58","modified_gmt":"2024-11-26T12:20:58","slug":"anglescina-modul-11","status":"publish","type":"product","link":"https:\/\/www.study-online-language.com\/en\/product\/anglescina-modul-11\/","title":{"rendered":"English: Module 11"},"content":{"rendered":"<p>Module 11 covers three chapters of the third level of English:<\/p>\n<p><strong>English 3g: Should I see the doctor?<\/strong><br \/>\nDo you know how to talk about health? What do you reply to someone who says \u201cI\u2019m not feeling very good.\u201d? Can you describe the symptoms of common health problems? After reading about the Collins family, you\u2019ll learn how to use phrasal verbs like come down with, fight off and put your back out related to health and injuries. In addition to learning how to use the words \u201cache\u201d, \u201cpain\u201d and \u201churt\u201d correctly when talking to a doctor about health issues, you\u2019ll also learn how to give advice. Martha\u2019s got the flu! What should she do? Do you know the difference between don\u2019t have to and mustn\u2019t? What about advice in the past? You know, you really shouldn\u2019t have forgotten your tissues.<\/p>\n<p><strong>English 3h: He can\u2019t have been an upstanding citizen, then!<\/strong><br \/>\nWho is an upstanding citizen? What is a policeman\u2019s job? Do you ever bend the rules? This unit teaches you all about law and punishment vocabulary, both in formal and everyday English. After learning many new collocations, synonyms and other useful phrases, you\u2019ll read about a detective trying to solve a murder! Is it possible the victim could have been poisoned and attacked? This leads to the grammar section of the unit which concerns modal verbs \u2013 specifically for possibility and deduction, just like a true detective!<\/p>\n<p><strong>English 3i: What\u2019s on TV tonight?<\/strong><br \/>\nMost people watch quite a lot of TV, but do you know how to talk about television? This unit takes you through useful TV vocabulary\u2014everything from switching it on, to describing your favourite (or even most hated) TV shows. Reality shows are hugely popular at the moment, especially one\u2019s about survival! Could you win dangerous challenges in the wild, and would you be able to outsmart your competition? After completing this unit, you\u2019ll be able to talk about all your abilities\u2014past, present and future\u2014and you finally won\u2019t have any more problems with \u201ccould\u201d and \u201cmanage to\u201d.<\/p>","protected":false},"excerpt":{"rendered":"<p>Modul 11 zajema tri poglavja tretje stopnje angle\u0161\u010dine: Angle\u0161\u010dina 3g Should I see the doctor? Se znate pogovarjati o zdravju? Kaj odgovorite nekomu, ki re\u010de: \u201cI\u2019m not feeling very good\u201d? Ali lahko opi\u0161ete simptome pogostih zdravstvenih te\u017eav? Ko boste prebrali o dru\u017eini Collins, se boste nau\u010dili uporabljati frazne glagole \u201cphrasal verbs\u201d povezani z zdravjem in [&hellip;]<\/p>","protected":false},"featured_media":5674,"comment_status":"open","ping_status":"closed","template":"","meta":{"content-type":"","jetpack_post_was_ever_published":false},"product_brand":[],"product_cat":[37,59],"product_tag":[168,70,175,176,177,181],"class_list":{"0":"post-5173","1":"product","2":"type-product","3":"status-publish","4":"has-post-thumbnail","6":"product_cat-anglescina","7":"product_cat-modul-11","8":"product_tag-anglescina","9":"product_tag-modul-3","10":"product_tag-poglavje-3g","11":"product_tag-poglavje-3h","12":"product_tag-poglavje-3i","13":"product_tag-stopnja-3","14":"wpbf-post","17":"instock","18":"sale","19":"virtual","20":"sold-individually","21":"taxable","22":"purchasable","23":"product-type-simple"},"_links":{"self":[{"href":"https:\/\/www.study-online-language.com\/en\/wp-json\/wp\/v2\/product\/5173","targetHints":{"allow":["GET"]}}],"collection":[{"href":"https:\/\/www.study-online-language.com\/en\/wp-json\/wp\/v2\/product"}],"about":[{"href":"https:\/\/www.study-online-language.com\/en\/wp-json\/wp\/v2\/types\/product"}],"replies":[{"embeddable":true,"href":"https:\/\/www.study-online-language.com\/en\/wp-json\/wp\/v2\/comments?post=5173"}],"wp:featuredmedia":[{"embeddable":true,"href":"https:\/\/www.study-online-language.com\/en\/wp-json\/wp\/v2\/media\/5674"}],"wp:attachment":[{"href":"https:\/\/www.study-online-language.com\/en\/wp-json\/wp\/v2\/media?parent=5173"}],"wp:term":[{"taxonomy":"product_brand","embeddable":true,"href":"https:\/\/www.study-online-language.com\/en\/wp-json\/wp\/v2\/product_brand?post=5173"},{"taxonomy":"product_cat","embeddable":true,"href":"https:\/\/www.study-online-language.com\/en\/wp-json\/wp\/v2\/product_cat?post=5173"},{"taxonomy":"product_tag","embeddable":true,"href":"https:\/\/www.study-online-language.com\/en\/wp-json\/wp\/v2\/product_tag?post=5173"}],"curies":[{"name":"wp","href":"https:\/\/api.w.org\/{rel}","templated":true}]}}