{"id":5170,"date":"2023-04-10T15:26:55","date_gmt":"2023-04-10T13:26:55","guid":{"rendered":"https:\/\/www.study-online-language.com\/?post_type=product&#038;p=5170"},"modified":"2024-10-03T19:51:27","modified_gmt":"2024-10-03T17:51:27","slug":"anglescina-modul-10","status":"publish","type":"product","link":"https:\/\/www.study-online-language.com\/en\/product\/anglescina-modul-10\/","title":{"rendered":"English: Module 10"},"content":{"rendered":"<p>Module 10 covers three chapters of the third level of English:<\/p>\n<p><strong>English 3d: How has your life changed<\/strong><br \/>\nIn this unit, you\u2019re going to focus on how things have changed, starting with childhood dreams and working your way up to the present. What does getting on mean? Are you tired of or tired on your job? Learn more about the present perfect tense with Emma, Kate, Laura and Peter, four friends who get together years after finishing university. Who has taken up a new hobby? What has Peter been up to? Is work on, work in, work as or work for correct? Complete this unit to learn more.<\/p>\n<p><strong>English 3e: I\u2019ve been writing emails all day!<\/strong><br \/>\nLearn to talk more precisely about work, the career ladder and specific work tasks. How important do you think in-house training is? Do you get a salary rise or a pay rise? Would you like to be in charge of or in charge for your own department at work? Can you use \u201cresignation\u201d in a sentence? After learning new work-related vocabulary, this unit focuses on lengthy recent actions and their consequences (otherwise known as the present perfect continuous tense). Why is Simon frustrated? Because he\u2019s been dealing with difficult customers all day. And what about you\u2014what have you been doing all day?<\/p>\n<p><strong>English 3f: Childhood friends<\/strong><br \/>\nAfter completing this unit, you will be able to talk about the people around you in much more depth and detail\u2014ranging from appearance to personality traits. Who among your friends is a barrel of laughs? Is Linda middle-aged or in her middle ages? When you\u2019ve learnt how to describe people, you\u2019ll then start to compare them using comparative and superlative adjectives. Is Frank franker than you? Is Jack funner or more fun than Daniel? Who is the most reserved person you know? Is she cleverer or more clever than I am? You\u2019ll also learn to talk about big and small differences between things and people with words like considerably, slightly and marginally. What are you waiting for?<\/p>","protected":false},"excerpt":{"rendered":"<p>Modul 10 zajema tri poglavja tretje stopnje angle\u0161\u010dine: Angle\u0161\u010dina 3d How has your life changed V tem poglavju se boste osredoto\u010dili na to, kako so se stvari spremenile, za\u010den\u0161i s sanjami iz otro\u0161tva, in nadaljevali svojo pot do sedanjosti. Kaj pomeni \u201cgetting on\u201d? Ali je pravilno \u201ctired of\u201d ali \u201ctired on your job\u201d? Izvedite ve\u010d [&hellip;]<\/p>","protected":false},"featured_media":5673,"comment_status":"open","ping_status":"closed","template":"","meta":{"content-type":"","jetpack_post_was_ever_published":false},"product_brand":[],"product_cat":[37,58],"product_tag":[168,78,172,173,174,181],"class_list":{"0":"post-5170","1":"product","2":"type-product","3":"status-publish","4":"has-post-thumbnail","6":"product_cat-anglescina","7":"product_cat-modul-10","8":"product_tag-anglescina","9":"product_tag-modul-2","10":"product_tag-poglavje-3d","11":"product_tag-poglavje-3e","12":"product_tag-poglavje-3f","13":"product_tag-stopnja-3","14":"wpbf-post","17":"instock","18":"sale","19":"virtual","20":"sold-individually","21":"taxable","22":"purchasable","23":"product-type-simple"},"_links":{"self":[{"href":"https:\/\/www.study-online-language.com\/en\/wp-json\/wp\/v2\/product\/5170","targetHints":{"allow":["GET"]}}],"collection":[{"href":"https:\/\/www.study-online-language.com\/en\/wp-json\/wp\/v2\/product"}],"about":[{"href":"https:\/\/www.study-online-language.com\/en\/wp-json\/wp\/v2\/types\/product"}],"replies":[{"embeddable":true,"href":"https:\/\/www.study-online-language.com\/en\/wp-json\/wp\/v2\/comments?post=5170"}],"wp:featuredmedia":[{"embeddable":true,"href":"https:\/\/www.study-online-language.com\/en\/wp-json\/wp\/v2\/media\/5673"}],"wp:attachment":[{"href":"https:\/\/www.study-online-language.com\/en\/wp-json\/wp\/v2\/media?parent=5170"}],"wp:term":[{"taxonomy":"product_brand","embeddable":true,"href":"https:\/\/www.study-online-language.com\/en\/wp-json\/wp\/v2\/product_brand?post=5170"},{"taxonomy":"product_cat","embeddable":true,"href":"https:\/\/www.study-online-language.com\/en\/wp-json\/wp\/v2\/product_cat?post=5170"},{"taxonomy":"product_tag","embeddable":true,"href":"https:\/\/www.study-online-language.com\/en\/wp-json\/wp\/v2\/product_tag?post=5170"}],"curies":[{"name":"wp","href":"https:\/\/api.w.org\/{rel}","templated":true}]}}