{"id":5169,"date":"2023-04-10T15:19:15","date_gmt":"2023-04-10T13:19:15","guid":{"rendered":"https:\/\/www.study-online-language.com\/?post_type=product&#038;p=5169"},"modified":"2024-10-03T19:51:27","modified_gmt":"2024-10-03T17:51:27","slug":"anglescina-modul-9","status":"publish","type":"product","link":"https:\/\/www.study-online-language.com\/en\/product\/anglescina-modul-9\/","title":{"rendered":"English: Module 9"},"content":{"rendered":"<p>Module 9 covers first three chapters of the third level of English:<\/p>\n<p><strong>English 3a: How do we really spend our time<\/strong><br \/>\nHow do people spend their leisure time? How do people waste time at work? Do you cook or order takeaway? What sort of plans are you looking forward to? This introductory unit takes you through some useful, everyday vocabulary to warm you up and get you thinking in English. You\u2019ll also have the chance to review the most basic present tenses and remember why you shouldn\u2019t say \u201cI\u2019m thinking this wasn\u2019t a good idea\u201d. Don\u2019t forget: a solid foundation is the cornerstone of learning intermediate English.<\/p>\n<p><strong>English 3b: A wedding I\u2019ll never forget<\/strong><br \/>\nDo you know how to talk about weddings and special events? What is an aisle? Is \u201creserve a venue\u201d correct English? Can you use \u201ca whirl of activity\u201d in your own sentence? In this unit, you will learn vocabulary to talk about weddings before reviewing the past tenses and how to use them together to talk about past events. Had you been to Spain or did you go to Spain before the wedding? Complete this unit to learn more.<\/p>\n<p><strong>English 3c: Leading a successful life<\/strong><br \/>\nWhat does success mean to you? Do you think money is the only indicator of leading a successful life? After completing this unit, you\u2019ll be able to discuss this topic with confidence. Can you use \u201cambition\u201d and \u201cambitious\u201d correctly on your own? Are you jealous of or jealous on someone? After learning new vocabulary, you will learn multiple ways to talk about the future. Will you go to the meeting or are you going to the meeting? Or even\u2014are you going to go to the meeting? The future isn\u2019t set in stone, yet some ways to talk about the future are. Complete this unit to find out more.<\/p>","protected":false},"excerpt":{"rendered":"<p>Modul 9 zajema prva tri poglavja tretje stopnje angle\u0161\u010dine: Angle\u0161\u010dina 3a How do we really spend our time Kako ljudje pre\u017eivljamo prosti \u010das? Kako ljudje zapravljamo \u010das v slu\u017ebi? Ali kuhate ali naro\u010dite hrano na dom? Kak\u0161nih na\u010drtov se veselite? Ta uvodna enota vas popelje skozi nekaj uporabnega, vsakdanjega besedi\u0161\u010da, da vas ogreje in spodbudi [&hellip;]<\/p>","protected":false},"featured_media":5672,"comment_status":"open","ping_status":"closed","template":"","meta":{"content-type":"","jetpack_post_was_ever_published":false},"product_brand":[],"product_cat":[37,38],"product_tag":[168,65,169,170,171,181],"class_list":{"0":"post-5169","1":"product","2":"type-product","3":"status-publish","4":"has-post-thumbnail","6":"product_cat-anglescina","7":"product_cat-modul-9","8":"product_tag-anglescina","9":"product_tag-modul-1","10":"product_tag-poglavje-3a","11":"product_tag-poglavje-3b","12":"product_tag-poglavje-3c","13":"product_tag-stopnja-3","14":"wpbf-post","17":"instock","18":"sale","19":"virtual","20":"sold-individually","21":"taxable","22":"purchasable","23":"product-type-simple"},"_links":{"self":[{"href":"https:\/\/www.study-online-language.com\/en\/wp-json\/wp\/v2\/product\/5169","targetHints":{"allow":["GET"]}}],"collection":[{"href":"https:\/\/www.study-online-language.com\/en\/wp-json\/wp\/v2\/product"}],"about":[{"href":"https:\/\/www.study-online-language.com\/en\/wp-json\/wp\/v2\/types\/product"}],"replies":[{"embeddable":true,"href":"https:\/\/www.study-online-language.com\/en\/wp-json\/wp\/v2\/comments?post=5169"}],"wp:featuredmedia":[{"embeddable":true,"href":"https:\/\/www.study-online-language.com\/en\/wp-json\/wp\/v2\/media\/5672"}],"wp:attachment":[{"href":"https:\/\/www.study-online-language.com\/en\/wp-json\/wp\/v2\/media?parent=5169"}],"wp:term":[{"taxonomy":"product_brand","embeddable":true,"href":"https:\/\/www.study-online-language.com\/en\/wp-json\/wp\/v2\/product_brand?post=5169"},{"taxonomy":"product_cat","embeddable":true,"href":"https:\/\/www.study-online-language.com\/en\/wp-json\/wp\/v2\/product_cat?post=5169"},{"taxonomy":"product_tag","embeddable":true,"href":"https:\/\/www.study-online-language.com\/en\/wp-json\/wp\/v2\/product_tag?post=5169"}],"curies":[{"name":"wp","href":"https:\/\/api.w.org\/{rel}","templated":true}]}}