{"id":5159,"date":"2023-04-10T15:05:21","date_gmt":"2023-04-10T13:05:21","guid":{"rendered":"https:\/\/www.study-online-language.com\/?post_type=product&#038;p=5159"},"modified":"2024-10-03T19:51:27","modified_gmt":"2024-10-03T17:51:27","slug":"anglescina-3k-if-i-werent-stuck-in-the-office","status":"publish","type":"product","link":"https:\/\/www.study-online-language.com\/en\/product\/anglescina-3k-if-i-werent-stuck-in-the-office\/","title":{"rendered":"English 3k: If I weren\u2019t stuck in the office\u2026"},"content":{"rendered":"<p>How much time do you spend talking about your travel plans or past holidays you\u2019ve been on? The vocabulary in this unit will make daydreaming about travelling even more enjoyable. After learning about the difference between the words \u201cjourney\u201d, \u201ctrip\u201d and \u201ctravel\u201d, you\u2019ll learn new words and phrases connected to flights and flying. Do you know what the opposite of a return journey is? Who tells you to fasten your seatbelt? After addressing these questions, you\u2019ll learn all about holiday accommodation and sightseeing. Oh, how nice it would be to travel during work time! With this thought in mind, our wishful thinking continues with the second conditional (if you were in China at the moment, what would you visit?), then compares it with the first conditional.<\/p>","protected":false},"excerpt":{"rendered":"<p>Koliko \u010dasa porabite za pogovor o svojih potovalnih na\u010drtih ali preteklih po\u010ditnicah, na katerih ste bili? Zaradi besedi\u0161\u010da v tej enoti bo sanjarjenje o potovanju \u0161e prijetnej\u0161e. Ko boste spoznali razliko med besedami \u201cjourney\u201d, \u201ctrip\u201d in \u201ctravel\u201d, se boste nau\u010dili novih besed in besednih zvez, povezanih z leti in letenjem. Ali veste, kaj je nasprotje [&hellip;]<\/p>","protected":false},"featured_media":5469,"comment_status":"open","ping_status":"closed","template":"","meta":{"content-type":"","jetpack_post_was_ever_published":false},"product_brand":[],"product_cat":[37,60],"product_tag":[168,195,182,190,193,98,191,179,189,90,137,194,181,192],"class_list":{"0":"post-5159","1":"product","2":"type-product","3":"status-publish","4":"has-post-thumbnail","6":"product_cat-anglescina","7":"product_cat-modul-12","8":"product_tag-anglescina","9":"product_tag-drugi-pogojnik","10":"product_tag-modul-12","11":"product_tag-nasprotja","12":"product_tag-ogledi-znamenitosti","13":"product_tag-pocitnice","14":"product_tag-pocitniske-nastanitve","15":"product_tag-poglavje-3k","16":"product_tag-potovalni-nacrti","17":"product_tag-potovanje","18":"product_tag-preteklik","19":"product_tag-prvi-pogojnik","20":"product_tag-stopnja-3","21":"product_tag-znamenitosti","22":"wpbf-post","25":"instock","26":"virtual","27":"sold-individually","28":"taxable","29":"purchasable","30":"product-type-simple"},"_links":{"self":[{"href":"https:\/\/www.study-online-language.com\/en\/wp-json\/wp\/v2\/product\/5159","targetHints":{"allow":["GET"]}}],"collection":[{"href":"https:\/\/www.study-online-language.com\/en\/wp-json\/wp\/v2\/product"}],"about":[{"href":"https:\/\/www.study-online-language.com\/en\/wp-json\/wp\/v2\/types\/product"}],"replies":[{"embeddable":true,"href":"https:\/\/www.study-online-language.com\/en\/wp-json\/wp\/v2\/comments?post=5159"}],"wp:featuredmedia":[{"embeddable":true,"href":"https:\/\/www.study-online-language.com\/en\/wp-json\/wp\/v2\/media\/5469"}],"wp:attachment":[{"href":"https:\/\/www.study-online-language.com\/en\/wp-json\/wp\/v2\/media?parent=5159"}],"wp:term":[{"taxonomy":"product_brand","embeddable":true,"href":"https:\/\/www.study-online-language.com\/en\/wp-json\/wp\/v2\/product_brand?post=5159"},{"taxonomy":"product_cat","embeddable":true,"href":"https:\/\/www.study-online-language.com\/en\/wp-json\/wp\/v2\/product_cat?post=5159"},{"taxonomy":"product_tag","embeddable":true,"href":"https:\/\/www.study-online-language.com\/en\/wp-json\/wp\/v2\/product_tag?post=5159"}],"curies":[{"name":"wp","href":"https:\/\/api.w.org\/{rel}","templated":true}]}}