{"id":5155,"date":"2023-04-10T15:01:11","date_gmt":"2023-04-10T13:01:11","guid":{"rendered":"https:\/\/www.study-online-language.com\/?post_type=product&#038;p=5155"},"modified":"2024-10-03T19:51:27","modified_gmt":"2024-10-03T17:51:27","slug":"anglescina-3i-whats-on-tv-tonight","status":"publish","type":"product","link":"https:\/\/www.study-online-language.com\/en\/product\/anglescina-3i-whats-on-tv-tonight\/","title":{"rendered":"English 3i: What\u2019s on TV tonight?"},"content":{"rendered":"<p>Most people watch quite a lot of TV, but do you know how to talk about television? This unit takes you through useful TV vocabulary\u2014everything from switching it on, to describing your favourite (or even most hated) TV shows. Reality shows are hugely popular at the moment, especially one\u2019s about survival! Could you win dangerous challenges in the wild, and would you be able to outsmart your competition? After completing this unit, you\u2019ll be able to talk about all your abilities\u2014past, present and future\u2014and you finally won\u2019t have any more problems with \u201ccould\u201d and \u201cmanage to\u201d.<\/p>","protected":false},"excerpt":{"rendered":"<p>Ve\u010dina ljudi precej gleda televizijo, a se znate pogovarjati o televiziji? To poglavje vas popelje skozi uporaben televizijski besednjak: vse od vklopa do opisa va\u0161ih najljub\u0161ih (ali celo najbolj osovra\u017eenih) televizijskih oddaj. Resni\u010dnostni \u0161ovi so trenutno zelo popularni, sploh tisti o pre\u017eivetju! Bi lahko zmagali v nevarnih izzivih v divjini in bi lahko prelisi\u010dili svojo [&hellip;]<\/p>","protected":false},"featured_media":5470,"comment_status":"open","ping_status":"closed","template":"","meta":{"content-type":"","jetpack_post_was_ever_published":false},"product_brand":[],"product_cat":[37,59],"product_tag":[168,204,177,209,206,137,211,208,210,181,205,207],"class_list":{"0":"post-5155","1":"product","2":"type-product","3":"status-publish","4":"has-post-thumbnail","6":"product_cat-anglescina","7":"product_cat-modul-11","8":"product_tag-anglescina","9":"product_tag-moul-11","10":"product_tag-poglavje-3i","11":"product_tag-pogovor-o-sposobnostih","12":"product_tag-pogovor-o-televizijskih-oddajah","13":"product_tag-preteklik","14":"product_tag-prihodnik","15":"product_tag-resnicnosti-sovi","16":"product_tag-sedanjik","17":"product_tag-stopnja-3","18":"product_tag-televizija","19":"product_tag-televizijski-besednjak","20":"wpbf-post","23":"instock","24":"virtual","25":"sold-individually","26":"taxable","27":"purchasable","28":"product-type-simple"},"_links":{"self":[{"href":"https:\/\/www.study-online-language.com\/en\/wp-json\/wp\/v2\/product\/5155","targetHints":{"allow":["GET"]}}],"collection":[{"href":"https:\/\/www.study-online-language.com\/en\/wp-json\/wp\/v2\/product"}],"about":[{"href":"https:\/\/www.study-online-language.com\/en\/wp-json\/wp\/v2\/types\/product"}],"replies":[{"embeddable":true,"href":"https:\/\/www.study-online-language.com\/en\/wp-json\/wp\/v2\/comments?post=5155"}],"wp:featuredmedia":[{"embeddable":true,"href":"https:\/\/www.study-online-language.com\/en\/wp-json\/wp\/v2\/media\/5470"}],"wp:attachment":[{"href":"https:\/\/www.study-online-language.com\/en\/wp-json\/wp\/v2\/media?parent=5155"}],"wp:term":[{"taxonomy":"product_brand","embeddable":true,"href":"https:\/\/www.study-online-language.com\/en\/wp-json\/wp\/v2\/product_brand?post=5155"},{"taxonomy":"product_cat","embeddable":true,"href":"https:\/\/www.study-online-language.com\/en\/wp-json\/wp\/v2\/product_cat?post=5155"},{"taxonomy":"product_tag","embeddable":true,"href":"https:\/\/www.study-online-language.com\/en\/wp-json\/wp\/v2\/product_tag?post=5155"}],"curies":[{"name":"wp","href":"https:\/\/api.w.org\/{rel}","templated":true}]}}