{"id":5153,"date":"2023-04-10T14:56:21","date_gmt":"2023-04-10T12:56:21","guid":{"rendered":"https:\/\/www.study-online-language.com\/?post_type=product&#038;p=5153"},"modified":"2024-10-03T19:51:27","modified_gmt":"2024-10-03T17:51:27","slug":"anglescina-3h-he-cant-have-been-an-upstanding-citizen-then","status":"publish","type":"product","link":"https:\/\/www.study-online-language.com\/en\/product\/anglescina-3h-he-cant-have-been-an-upstanding-citizen-then\/","title":{"rendered":"English 3h: He can\u2019t have been an upstanding citizen, then!"},"content":{"rendered":"<p>Who is an upstanding citizen? What is a policeman\u2019s job? Do you ever bend the rules? This unit teaches you all about law and punishment vocabulary, both in formal and everyday English. After learning many new collocations, synonyms and other useful phrases, you\u2019ll read about a detective trying to solve a murder! Is it possible the victim could have been poisoned and attacked? This leads to the grammar section of the unit which concerns modal verbs \u2013 specifically for possibility and deduction, just like a true detective!<\/p>","protected":false},"excerpt":{"rendered":"<p>Kdo je po\u0161ten dr\u017eavljan? Kaj je delo policista? Ali kdaj prekr\u0161ite pravila? V tem poglavju se boste nau\u010dili vsega o besedi\u0161\u010du zakona in kazni, tako v uradni kot v vsakdanji angle\u0161\u010dini. Izvedeli boste veliko novih kolokacij, sinonimov in drugih uporabnih fraz. Brali boste detektivu, ki posku\u0161a re\u0161iti umor! Ali je mo\u017eno, da je bila \u017ertev [&hellip;]<\/p>","protected":false},"featured_media":5472,"comment_status":"open","ping_status":"closed","template":"","meta":{"content-type":"","jetpack_post_was_ever_published":false},"product_brand":[],"product_cat":[37,59],"product_tag":[168,215,216,218,212,176,213,181,217,214],"class_list":{"0":"post-5153","1":"product","2":"type-product","3":"status-publish","4":"has-post-thumbnail","6":"product_cat-anglescina","7":"product_cat-modul-11","8":"product_tag-anglescina","9":"product_tag-kazen","10":"product_tag-kolokacije","11":"product_tag-modalni-glagoli","12":"product_tag-modul-11","13":"product_tag-poglavje-3h","14":"product_tag-prekrsitev-pravil","15":"product_tag-stopnja-3","16":"product_tag-uporabne-fraze","17":"product_tag-zakon","18":"wpbf-post","21":"instock","22":"virtual","23":"sold-individually","24":"taxable","25":"purchasable","26":"product-type-simple"},"_links":{"self":[{"href":"https:\/\/www.study-online-language.com\/en\/wp-json\/wp\/v2\/product\/5153","targetHints":{"allow":["GET"]}}],"collection":[{"href":"https:\/\/www.study-online-language.com\/en\/wp-json\/wp\/v2\/product"}],"about":[{"href":"https:\/\/www.study-online-language.com\/en\/wp-json\/wp\/v2\/types\/product"}],"replies":[{"embeddable":true,"href":"https:\/\/www.study-online-language.com\/en\/wp-json\/wp\/v2\/comments?post=5153"}],"wp:featuredmedia":[{"embeddable":true,"href":"https:\/\/www.study-online-language.com\/en\/wp-json\/wp\/v2\/media\/5472"}],"wp:attachment":[{"href":"https:\/\/www.study-online-language.com\/en\/wp-json\/wp\/v2\/media?parent=5153"}],"wp:term":[{"taxonomy":"product_brand","embeddable":true,"href":"https:\/\/www.study-online-language.com\/en\/wp-json\/wp\/v2\/product_brand?post=5153"},{"taxonomy":"product_cat","embeddable":true,"href":"https:\/\/www.study-online-language.com\/en\/wp-json\/wp\/v2\/product_cat?post=5153"},{"taxonomy":"product_tag","embeddable":true,"href":"https:\/\/www.study-online-language.com\/en\/wp-json\/wp\/v2\/product_tag?post=5153"}],"curies":[{"name":"wp","href":"https:\/\/api.w.org\/{rel}","templated":true}]}}