{"id":5151,"date":"2023-04-10T14:54:43","date_gmt":"2023-04-10T12:54:43","guid":{"rendered":"https:\/\/www.study-online-language.com\/?post_type=product&#038;p=5151"},"modified":"2024-10-03T19:51:27","modified_gmt":"2024-10-03T17:51:27","slug":"anglescina-3g-should-i-see-the-doctor","status":"publish","type":"product","link":"https:\/\/www.study-online-language.com\/en\/product\/anglescina-3g-should-i-see-the-doctor\/","title":{"rendered":"English 3g: Should I see the doctor?"},"content":{"rendered":"<p>Do you know how to talk about health? What do you reply to someone who says \u201cI\u2019m not feeling very good.\u201d? Can you describe the symptoms of common health problems? After reading about the Collins family, you\u2019ll learn how to use phrasal verbs like come down with, fight off and put your back out related to health and injuries. In addition to learning how to use the words \u201cache\u201d, \u201cpain\u201d and \u201churt\u201d correctly when talking to a doctor about health issues, you\u2019ll also learn how to give advice. Martha\u2019s got the flu! What should she do? Do you know the difference between don\u2019t have to and mustn\u2019t? What about advice in the past? You know, you really shouldn\u2019t have forgotten your tissues.<\/p>","protected":false},"excerpt":{"rendered":"<p>Se znate pogovarjati o zdravju? Kaj odgovorite nekomu, ki re\u010de: \u201cI\u2019m not feeling very good\u201d? Ali lahko opi\u0161ete simptome pogostih zdravstvenih te\u017eav? Ko boste prebrali o dru\u017eini Collins, se boste nau\u010dili uporabljati frazne glagole \u201cphrasal verbs\u201d povezani z zdravjem in po\u0161kodbami, kot so \u201ccome down with\u201d, \u201cfight off\u201d in \u201cput your back out\u201d. Poleg tega, [&hellip;]<\/p>","protected":false},"featured_media":5473,"comment_status":"open","ping_status":"closed","template":"","meta":{"content-type":"","jetpack_post_was_ever_published":false},"product_brand":[],"product_cat":[37,59],"product_tag":[168,221,186,212,224,175,222,220,181,223,219,110],"class_list":{"0":"post-5151","1":"product","2":"type-product","3":"status-publish","4":"has-post-thumbnail","6":"product_cat-anglescina","7":"product_cat-modul-11","8":"product_tag-anglescina","9":"product_tag-dialog-pri-zdravniku","10":"product_tag-frazni-glagoli","11":"product_tag-modul-11","12":"product_tag-nasveti-v-preteklosti","13":"product_tag-poglavje-3g","14":"product_tag-poskodbe","15":"product_tag-simptomi","16":"product_tag-stopnja-3","17":"product_tag-svetovati","18":"product_tag-zdravje","19":"product_tag-zdravstvene-tezave","20":"wpbf-post","23":"instock","24":"virtual","25":"sold-individually","26":"taxable","27":"purchasable","28":"product-type-simple"},"_links":{"self":[{"href":"https:\/\/www.study-online-language.com\/en\/wp-json\/wp\/v2\/product\/5151","targetHints":{"allow":["GET"]}}],"collection":[{"href":"https:\/\/www.study-online-language.com\/en\/wp-json\/wp\/v2\/product"}],"about":[{"href":"https:\/\/www.study-online-language.com\/en\/wp-json\/wp\/v2\/types\/product"}],"replies":[{"embeddable":true,"href":"https:\/\/www.study-online-language.com\/en\/wp-json\/wp\/v2\/comments?post=5151"}],"wp:featuredmedia":[{"embeddable":true,"href":"https:\/\/www.study-online-language.com\/en\/wp-json\/wp\/v2\/media\/5473"}],"wp:attachment":[{"href":"https:\/\/www.study-online-language.com\/en\/wp-json\/wp\/v2\/media?parent=5151"}],"wp:term":[{"taxonomy":"product_brand","embeddable":true,"href":"https:\/\/www.study-online-language.com\/en\/wp-json\/wp\/v2\/product_brand?post=5151"},{"taxonomy":"product_cat","embeddable":true,"href":"https:\/\/www.study-online-language.com\/en\/wp-json\/wp\/v2\/product_cat?post=5151"},{"taxonomy":"product_tag","embeddable":true,"href":"https:\/\/www.study-online-language.com\/en\/wp-json\/wp\/v2\/product_tag?post=5151"}],"curies":[{"name":"wp","href":"https:\/\/api.w.org\/{rel}","templated":true}]}}