{"id":5145,"date":"2023-04-10T14:44:25","date_gmt":"2023-04-10T12:44:25","guid":{"rendered":"https:\/\/www.study-online-language.com\/?post_type=product&#038;p=5145"},"modified":"2024-10-03T19:51:27","modified_gmt":"2024-10-03T17:51:27","slug":"anglescina-3d-how-has-your-life-changed","status":"publish","type":"product","link":"https:\/\/www.study-online-language.com\/en\/product\/anglescina-3d-how-has-your-life-changed\/","title":{"rendered":"English 3d: How has your life changed"},"content":{"rendered":"<p>In this unit, you\u2019re going to focus on how things have changed, starting with childhood dreams and working your way up to the present. What does getting on mean? Are you tired of or tired on your job? Learn more about the present perfect tense with Emma, Kate, Laura and Peter, four friends who get together years after finishing university. Who has taken up a new hobby? What has Peter been up to? Is work on, work in, work as or work for correct? Complete this unit to learn more.<\/p>","protected":false},"excerpt":{"rendered":"<p>V tem poglavju se boste osredoto\u010dili na to, kako so se stvari spremenile, za\u010den\u0161i s sanjami iz otro\u0161tva, in nadaljevali svojo pot do sedanjosti. Kaj pomeni \u201cgetting on\u201d? Ali je pravilno \u201ctired of\u201d ali \u201ctired on your job\u201d? Izvedite ve\u010d o sedanjiku present perfect z Emmo, Kate, Lauro in Petrom, \u0161tirimi prijatelji, ki se ponovno [&hellip;]<\/p>","protected":false},"featured_media":5476,"comment_status":"open","ping_status":"closed","template":"","meta":{"content-type":"","jetpack_post_was_ever_published":false},"product_brand":[],"product_cat":[37,58],"product_tag":[168,225,172,137,210,238,181],"class_list":{"0":"post-5145","1":"product","2":"type-product","3":"status-publish","4":"has-post-thumbnail","6":"product_cat-anglescina","7":"product_cat-modul-10","8":"product_tag-anglescina","9":"product_tag-modul-10","10":"product_tag-poglavje-3d","11":"product_tag-preteklik","12":"product_tag-sedanjik","13":"product_tag-spremembe","14":"product_tag-stopnja-3","15":"wpbf-post","18":"instock","19":"virtual","20":"sold-individually","21":"taxable","22":"purchasable","23":"product-type-simple"},"_links":{"self":[{"href":"https:\/\/www.study-online-language.com\/en\/wp-json\/wp\/v2\/product\/5145","targetHints":{"allow":["GET"]}}],"collection":[{"href":"https:\/\/www.study-online-language.com\/en\/wp-json\/wp\/v2\/product"}],"about":[{"href":"https:\/\/www.study-online-language.com\/en\/wp-json\/wp\/v2\/types\/product"}],"replies":[{"embeddable":true,"href":"https:\/\/www.study-online-language.com\/en\/wp-json\/wp\/v2\/comments?post=5145"}],"wp:featuredmedia":[{"embeddable":true,"href":"https:\/\/www.study-online-language.com\/en\/wp-json\/wp\/v2\/media\/5476"}],"wp:attachment":[{"href":"https:\/\/www.study-online-language.com\/en\/wp-json\/wp\/v2\/media?parent=5145"}],"wp:term":[{"taxonomy":"product_brand","embeddable":true,"href":"https:\/\/www.study-online-language.com\/en\/wp-json\/wp\/v2\/product_brand?post=5145"},{"taxonomy":"product_cat","embeddable":true,"href":"https:\/\/www.study-online-language.com\/en\/wp-json\/wp\/v2\/product_cat?post=5145"},{"taxonomy":"product_tag","embeddable":true,"href":"https:\/\/www.study-online-language.com\/en\/wp-json\/wp\/v2\/product_tag?post=5145"}],"curies":[{"name":"wp","href":"https:\/\/api.w.org\/{rel}","templated":true}]}}