{"id":5143,"date":"2023-04-10T14:41:46","date_gmt":"2023-04-10T12:41:46","guid":{"rendered":"https:\/\/www.study-online-language.com\/?post_type=product&#038;p=5143"},"modified":"2024-10-03T19:51:27","modified_gmt":"2024-10-03T17:51:27","slug":"anglescina-3c-leading-a-successful-life","status":"publish","type":"product","link":"https:\/\/www.study-online-language.com\/en\/product\/anglescina-3c-leading-a-successful-life\/","title":{"rendered":"English 3c: Leading a successful life"},"content":{"rendered":"<p>What does success mean to you? Do you think money is the only indicator of leading a successful life? After completing this unit, you\u2019ll be able to discuss this topic with confidence. Can you use \u201cambition\u201d and \u201cambitious\u201d correctly on your own? Are you jealous of or jealous on someone? After learning new vocabulary, you will learn multiple ways to talk about the future. Will you go to the meeting or are you going to the meeting? Or even\u2014are you going to go to the meeting? The future isn\u2019t set in stone, yet some ways to talk about the future are. Complete this unit to find out more.<\/p>","protected":false},"excerpt":{"rendered":"<p>Kaj vam pomeni uspeh? Ali menite, da je denar edini pokazatelj uspe\u0161nega \u017eivljenja? Po zaklju\u010dku te enote boste lahko samozavestno razpravljali o tej temi. Ali lahko sami pravilno uporabite \u201cambition\u201d in \u201cambitious\u201d? Ali je pravilno \u201cto be jealous of\u201d ali \u201cjealous on someone\u201d? Po u\u010denju novega besedi\u0161\u010da se boste nau\u010dili ve\u010d na\u010dinov govoriti o prihodnosti. [&hellip;]<\/p>","protected":false},"featured_media":5477,"comment_status":"open","ping_status":"closed","template":"","meta":{"content-type":"","jetpack_post_was_ever_published":false},"product_brand":[],"product_cat":[37,38],"product_tag":[168,241,239,171,138,181,240],"class_list":{"0":"post-5143","1":"product","2":"type-product","3":"status-publish","4":"has-post-thumbnail","6":"product_cat-anglescina","7":"product_cat-modul-9","8":"product_tag-anglescina","9":"product_tag-denar","10":"product_tag-modul-9","11":"product_tag-poglavje-3c","12":"product_tag-prihodnjik","13":"product_tag-stopnja-3","14":"product_tag-uspeh","15":"wpbf-post","18":"instock","19":"virtual","20":"sold-individually","21":"taxable","22":"purchasable","23":"product-type-simple"},"_links":{"self":[{"href":"https:\/\/www.study-online-language.com\/en\/wp-json\/wp\/v2\/product\/5143","targetHints":{"allow":["GET"]}}],"collection":[{"href":"https:\/\/www.study-online-language.com\/en\/wp-json\/wp\/v2\/product"}],"about":[{"href":"https:\/\/www.study-online-language.com\/en\/wp-json\/wp\/v2\/types\/product"}],"replies":[{"embeddable":true,"href":"https:\/\/www.study-online-language.com\/en\/wp-json\/wp\/v2\/comments?post=5143"}],"wp:featuredmedia":[{"embeddable":true,"href":"https:\/\/www.study-online-language.com\/en\/wp-json\/wp\/v2\/media\/5477"}],"wp:attachment":[{"href":"https:\/\/www.study-online-language.com\/en\/wp-json\/wp\/v2\/media?parent=5143"}],"wp:term":[{"taxonomy":"product_brand","embeddable":true,"href":"https:\/\/www.study-online-language.com\/en\/wp-json\/wp\/v2\/product_brand?post=5143"},{"taxonomy":"product_cat","embeddable":true,"href":"https:\/\/www.study-online-language.com\/en\/wp-json\/wp\/v2\/product_cat?post=5143"},{"taxonomy":"product_tag","embeddable":true,"href":"https:\/\/www.study-online-language.com\/en\/wp-json\/wp\/v2\/product_tag?post=5143"}],"curies":[{"name":"wp","href":"https:\/\/api.w.org\/{rel}","templated":true}]}}