{"id":5141,"date":"2023-04-10T14:39:46","date_gmt":"2023-04-10T12:39:46","guid":{"rendered":"https:\/\/www.study-online-language.com\/?post_type=product&#038;p=5141"},"modified":"2024-10-03T19:51:27","modified_gmt":"2024-10-03T17:51:27","slug":"anglescina-3b-a-wedding-ill-never-forget","status":"publish","type":"product","link":"https:\/\/www.study-online-language.com\/en\/product\/anglescina-3b-a-wedding-ill-never-forget\/","title":{"rendered":"English 3b: A wedding I\u2019ll never forget"},"content":{"rendered":"<p>Do you know how to talk about weddings and special events? What is an aisle? Is \u201creserve a venue\u201d correct English? Can you use \u201ca whirl of activity\u201d in your own sentence? In this unit, you will learn vocabulary to talk about weddings before reviewing the past tenses and how to use them together to talk about past events. Had you been to Spain or did you go to Spain before the wedding? Complete this unit to learn more.<\/p>","protected":false},"excerpt":{"rendered":"<p>Se znate pogovarjati o porokah in posebnih dogodkih? Ali je \u201creserve a venue\u201d pravilno v angle\u0161\u010dini? Ali lahko uporabite frazo \u201ca whirl of activity\u201d v stavku? V tej enoti se boste nau\u010dili besedi\u0161\u010de za pogovor o porokah, po tem pa boste ponovili pretekle \u010dase in kako lahko uporabljate to dvoje skupaj za pogovor o preteklih [&hellip;]<\/p>","protected":false},"featured_media":5478,"comment_status":"open","ping_status":"closed","template":"","meta":{"content-type":"","jetpack_post_was_ever_published":false},"product_brand":[],"product_cat":[37,38],"product_tag":[168,239,170,242,243,137,181],"class_list":{"0":"post-5141","1":"product","2":"type-product","3":"status-publish","4":"has-post-thumbnail","6":"product_cat-anglescina","7":"product_cat-modul-9","8":"product_tag-anglescina","9":"product_tag-modul-9","10":"product_tag-poglavje-3b","11":"product_tag-poroka","12":"product_tag-posebne-priloznosti","13":"product_tag-preteklik","14":"product_tag-stopnja-3","15":"wpbf-post","18":"instock","19":"virtual","20":"sold-individually","21":"taxable","22":"purchasable","23":"product-type-simple"},"_links":{"self":[{"href":"https:\/\/www.study-online-language.com\/en\/wp-json\/wp\/v2\/product\/5141","targetHints":{"allow":["GET"]}}],"collection":[{"href":"https:\/\/www.study-online-language.com\/en\/wp-json\/wp\/v2\/product"}],"about":[{"href":"https:\/\/www.study-online-language.com\/en\/wp-json\/wp\/v2\/types\/product"}],"replies":[{"embeddable":true,"href":"https:\/\/www.study-online-language.com\/en\/wp-json\/wp\/v2\/comments?post=5141"}],"wp:featuredmedia":[{"embeddable":true,"href":"https:\/\/www.study-online-language.com\/en\/wp-json\/wp\/v2\/media\/5478"}],"wp:attachment":[{"href":"https:\/\/www.study-online-language.com\/en\/wp-json\/wp\/v2\/media?parent=5141"}],"wp:term":[{"taxonomy":"product_brand","embeddable":true,"href":"https:\/\/www.study-online-language.com\/en\/wp-json\/wp\/v2\/product_brand?post=5141"},{"taxonomy":"product_cat","embeddable":true,"href":"https:\/\/www.study-online-language.com\/en\/wp-json\/wp\/v2\/product_cat?post=5141"},{"taxonomy":"product_tag","embeddable":true,"href":"https:\/\/www.study-online-language.com\/en\/wp-json\/wp\/v2\/product_tag?post=5141"}],"curies":[{"name":"wp","href":"https:\/\/api.w.org\/{rel}","templated":true}]}}