{"id":5046,"date":"2023-04-08T09:24:48","date_gmt":"2023-04-08T07:24:48","guid":{"rendered":"https:\/\/www.study-online-language.com\/izdelek\/hoodie-with-logo\/"},"modified":"2024-10-03T19:51:28","modified_gmt":"2024-10-03T17:51:28","slug":"anglescina-3a-how-do-we-really-spend-our-time","status":"publish","type":"product","link":"https:\/\/www.study-online-language.com\/en\/product\/anglescina-3a-how-do-we-really-spend-our-time\/","title":{"rendered":"English\n 3a: How do we really spend our time?"},"content":{"rendered":"<p>How do people spend their leisure time? How do people waste time at work? Do you cook or order takeaway? What sort of plans are you looking forward to? This introductory unit takes you through some useful, everyday vocabulary to warm you up and get you thinking in English. You\u2019ll also have the chance to review the most basic present tenses and remember why you shouldn\u2019t say \u201cI\u2019m thinking this wasn\u2019t a good idea\u201d. Don\u2019t forget: a solid foundation is the cornerstone of learning intermediate English.<\/p>","protected":false},"excerpt":{"rendered":"<p>Kako ljudje pre\u017eivljamo prosti \u010das? Kako ljudje zapravljamo \u010das v slu\u017ebi? Ali kuhate ali naro\u010dite hrano na dom? Kak\u0161nih na\u010drtov se veselite? Ta uvodna enota vas popelje skozi nekaj uporabnega, vsakdanjega besedi\u0161\u010da, da vas ogreje in spodbudi razmi\u0161ljanje v angle\u0161\u010dini. Imeli boste tudi prilo\u017enost pregledati najosnovnej\u0161e sedanjike in se spomniti, zakaj ne bi smeli re\u010di [&hellip;]<\/p>","protected":false},"featured_media":5479,"comment_status":"open","ping_status":"closed","template":"","meta":{"content-type":"","jetpack_post_was_ever_published":false},"product_brand":[],"product_cat":[37,38],"product_tag":[168,239,169,244,210,245,181,247,246],"class_list":{"0":"post-5046","1":"product","2":"type-product","3":"status-publish","4":"has-post-thumbnail","6":"product_cat-anglescina","7":"product_cat-modul-9","8":"product_tag-anglescina","9":"product_tag-modul-9","10":"product_tag-poglavje-3a","11":"product_tag-prosti-cas","12":"product_tag-sedanjik","13":"product_tag-sluzba","14":"product_tag-stopnja-3","15":"product_tag-vsakdanje-besedisce","16":"product_tag-zapravljanje-casa","17":"wpbf-post","20":"instock","21":"virtual","22":"sold-individually","23":"taxable","24":"purchasable","25":"product-type-simple"},"_links":{"self":[{"href":"https:\/\/www.study-online-language.com\/en\/wp-json\/wp\/v2\/product\/5046","targetHints":{"allow":["GET"]}}],"collection":[{"href":"https:\/\/www.study-online-language.com\/en\/wp-json\/wp\/v2\/product"}],"about":[{"href":"https:\/\/www.study-online-language.com\/en\/wp-json\/wp\/v2\/types\/product"}],"replies":[{"embeddable":true,"href":"https:\/\/www.study-online-language.com\/en\/wp-json\/wp\/v2\/comments?post=5046"}],"wp:featuredmedia":[{"embeddable":true,"href":"https:\/\/www.study-online-language.com\/en\/wp-json\/wp\/v2\/media\/5479"}],"wp:attachment":[{"href":"https:\/\/www.study-online-language.com\/en\/wp-json\/wp\/v2\/media?parent=5046"}],"wp:term":[{"taxonomy":"product_brand","embeddable":true,"href":"https:\/\/www.study-online-language.com\/en\/wp-json\/wp\/v2\/product_brand?post=5046"},{"taxonomy":"product_cat","embeddable":true,"href":"https:\/\/www.study-online-language.com\/en\/wp-json\/wp\/v2\/product_cat?post=5046"},{"taxonomy":"product_tag","embeddable":true,"href":"https:\/\/www.study-online-language.com\/en\/wp-json\/wp\/v2\/product_tag?post=5046"}],"curies":[{"name":"wp","href":"https:\/\/api.w.org\/{rel}","templated":true}]}}