{"id":5013,"date":"2023-04-08T11:17:15","date_gmt":"2023-04-08T09:17:15","guid":{"rendered":"https:\/\/www.study-online-language.com\/?post_type=product&#038;p=5013"},"modified":"2024-10-03T19:51:28","modified_gmt":"2024-10-03T17:51:28","slug":"slovenscina-1l-praznujemo-in-se-obiskujemo","status":"publish","type":"product","link":"https:\/\/www.study-online-language.com\/en\/product\/slovenscina-1l-praznujemo-in-se-obiskujemo\/","title":{"rendered":"Slovene 1L: Praznujemo in se obiskujemo - We celebrate and visit each other"},"content":{"rendered":"<p><strong>Slovene 1L: Praznujemo in se obiskujemo - We celebrate and visit each other<\/strong><br \/>\nIn the last chapter of the last module, you will learn a lot about Slovenian culture. You will learn about Slovenian holidays and how Slovenians behave during visits. You will learn to write different messages, talk on the phone and choose gifts for different occasions. You will learn about different questions according to different Slovenian cases. Of course, there will be no shortage of Slovenian music at the end of the chapter.<\/p>","protected":false},"excerpt":{"rendered":"<p>Sloven\u0161\u010dina 1L: Praznujemo in se obiskujemo V zadnjem poglavju prvega modula se boste ogromno nau\u010dili o slovenski kulturi. Spoznali boste slovenske praznike, kako se Slovenci obna\u0161ajo na obiskih. Nau\u010dili se boste napisati razli\u010dna sporo\u010dila, se pogovarjati po telefonu in izbrati darila za razli\u010dne prilo\u017enosti. Spoznali boste razli\u010dne vpra\u0161alnice glede na razli\u010dne slovenske sklone. Seveda ne [&hellip;]<\/p>","protected":false},"featured_media":5447,"comment_status":"open","ping_status":"closed","template":"","meta":{"content-type":"","jetpack_post_was_ever_published":false},"product_brand":[],"product_cat":[29,33],"product_tag":[83,86,80,87,74,84,82,73,81,61,79,66,85,88],"class_list":{"0":"post-5013","1":"product","2":"type-product","3":"status-publish","4":"has-post-thumbnail","6":"product_cat-slovenscina","7":"product_cat-modul-4","8":"product_tag-bonton","9":"product_tag-izbiranje-daril","10":"product_tag-kultura","11":"product_tag-kupovanje-daril","12":"product_tag-modul-4","13":"product_tag-napisati-sporocila","14":"product_tag-obiski","15":"product_tag-poglavje-1l","16":"product_tag-prazniki","17":"product_tag-slovenscina","18":"product_tag-slovenska-kultura","19":"product_tag-stopnja-1","20":"product_tag-telefonski-pogovor","21":"product_tag-vprasalnice","22":"wpbf-post","25":"instock","26":"virtual","27":"sold-individually","28":"taxable","29":"purchasable","30":"product-type-simple"},"_links":{"self":[{"href":"https:\/\/www.study-online-language.com\/en\/wp-json\/wp\/v2\/product\/5013","targetHints":{"allow":["GET"]}}],"collection":[{"href":"https:\/\/www.study-online-language.com\/en\/wp-json\/wp\/v2\/product"}],"about":[{"href":"https:\/\/www.study-online-language.com\/en\/wp-json\/wp\/v2\/types\/product"}],"replies":[{"embeddable":true,"href":"https:\/\/www.study-online-language.com\/en\/wp-json\/wp\/v2\/comments?post=5013"}],"wp:featuredmedia":[{"embeddable":true,"href":"https:\/\/www.study-online-language.com\/en\/wp-json\/wp\/v2\/media\/5447"}],"wp:attachment":[{"href":"https:\/\/www.study-online-language.com\/en\/wp-json\/wp\/v2\/media?parent=5013"}],"wp:term":[{"taxonomy":"product_brand","embeddable":true,"href":"https:\/\/www.study-online-language.com\/en\/wp-json\/wp\/v2\/product_brand?post=5013"},{"taxonomy":"product_cat","embeddable":true,"href":"https:\/\/www.study-online-language.com\/en\/wp-json\/wp\/v2\/product_cat?post=5013"},{"taxonomy":"product_tag","embeddable":true,"href":"https:\/\/www.study-online-language.com\/en\/wp-json\/wp\/v2\/product_tag?post=5013"}],"curies":[{"name":"wp","href":"https:\/\/api.w.org\/{rel}","templated":true}]}}