{"id":5008,"date":"2023-04-08T11:13:01","date_gmt":"2023-04-08T09:13:01","guid":{"rendered":"https:\/\/www.study-online-language.com\/?post_type=product&#038;p=5008"},"modified":"2024-10-03T19:51:28","modified_gmt":"2024-10-03T17:51:28","slug":"slovenscina-1g-moje-mesto","status":"publish","type":"product","link":"https:\/\/www.study-online-language.com\/en\/product\/slovenscina-1g-moje-mesto\/","title":{"rendered":"Slovene 1g: Moje mesto - My city"},"content":{"rendered":"<p><strong>Slovene 1g: Moje mesto - My city<\/strong><br \/>\nHaving trouble understanding directions in the city? After completing the chapter, this won't be a problem at all! We will walk around the city and you will learn to describe all the buildings and where they are located, as well as the means of transportation. We will repeat the 2nd case and the 4th case, we will also learn the 5th and 6th cases. We will practice a dialogue in the city, give directions and you will learn to conjugate and use the verb MUST. You will master place prepositions. We will also do a review explaining the differences between the 4th, 5th and 6th cases. Finally, we added two more secret bonus content!<\/p>","protected":false},"excerpt":{"rendered":"<p>Sloven\u0161\u010dina 1g: Moje mesto Imate te\u017eave z razumevanjem napotkov v mestu? Po kon\u010danem poglavju to sploh ne bo ve\u010d te\u017eava! Sprehodili se bomo po mestu in nau\u010dili se boste opisovati vse stavbe in kje se to\u010dno nahajajo, pa tudi prevozna sredstva. Ponovili bomo 2. sklon in 4. sklon, nau\u010dili se bomo \u0161e 5. in 6. [&hellip;]<\/p>","protected":false},"featured_media":5452,"comment_status":"open","ping_status":"closed","template":"","meta":{"content-type":"","jetpack_post_was_ever_published":false},"product_brand":[],"product_cat":[29,32],"product_tag":[117,118,119,125,122,124,121,70,126,67,116,89,61,123,66],"class_list":{"0":"post-5008","1":"product","2":"type-product","3":"status-publish","4":"has-post-thumbnail","6":"product_cat-slovenscina","7":"product_cat-modul-3","8":"product_tag-4-sklon","9":"product_tag-5-sklon","10":"product_tag-6-sklon","11":"product_tag-dajati-napotke-v-mestu","12":"product_tag-dialog-v-mestu","13":"product_tag-kje-se-nahaja","14":"product_tag-mesto","15":"product_tag-modul-3","16":"product_tag-morati","17":"product_tag-poglavje-1g","18":"product_tag-predlogi-za-mesto-predmeta","19":"product_tag-prevozna-sredstva","20":"product_tag-slovenscina","21":"product_tag-stavbe","22":"product_tag-stopnja-1","23":"wpbf-post","26":"instock","27":"virtual","28":"sold-individually","29":"taxable","30":"purchasable","31":"product-type-simple"},"_links":{"self":[{"href":"https:\/\/www.study-online-language.com\/en\/wp-json\/wp\/v2\/product\/5008","targetHints":{"allow":["GET"]}}],"collection":[{"href":"https:\/\/www.study-online-language.com\/en\/wp-json\/wp\/v2\/product"}],"about":[{"href":"https:\/\/www.study-online-language.com\/en\/wp-json\/wp\/v2\/types\/product"}],"replies":[{"embeddable":true,"href":"https:\/\/www.study-online-language.com\/en\/wp-json\/wp\/v2\/comments?post=5008"}],"wp:featuredmedia":[{"embeddable":true,"href":"https:\/\/www.study-online-language.com\/en\/wp-json\/wp\/v2\/media\/5452"}],"wp:attachment":[{"href":"https:\/\/www.study-online-language.com\/en\/wp-json\/wp\/v2\/media?parent=5008"}],"wp:term":[{"taxonomy":"product_brand","embeddable":true,"href":"https:\/\/www.study-online-language.com\/en\/wp-json\/wp\/v2\/product_brand?post=5008"},{"taxonomy":"product_cat","embeddable":true,"href":"https:\/\/www.study-online-language.com\/en\/wp-json\/wp\/v2\/product_cat?post=5008"},{"taxonomy":"product_tag","embeddable":true,"href":"https:\/\/www.study-online-language.com\/en\/wp-json\/wp\/v2\/product_tag?post=5008"}],"curies":[{"name":"wp","href":"https:\/\/api.w.org\/{rel}","templated":true}]}}