{"id":5007,"date":"2023-04-08T10:35:16","date_gmt":"2023-04-08T08:35:16","guid":{"rendered":"https:\/\/www.study-online-language.com\/?post_type=product&#038;p=5007"},"modified":"2024-10-03T19:51:28","modified_gmt":"2024-10-03T17:51:28","slug":"slovenscina-1f-kdaj-se-dobimo","status":"publish","type":"product","link":"https:\/\/www.study-online-language.com\/en\/product\/slovenscina-1f-kdaj-se-dobimo\/","title":{"rendered":"Slovene 1f: Kdaj se dobimo? - When do we meet?"},"content":{"rendered":"<p><strong>Slovene 1f: Kdaj se dobimo? - When do we meet?<\/strong><br \/>\nAfter this chapter, you'll never have a problem getting a date again. You will learn to tell the time and talk about time. You will master the days of the week, the months of the year and the seasons. You will be able to tell what the weather is like. You will learn to talk about the past and the future.<\/p>","protected":false},"excerpt":{"rendered":"<p>Sloven\u0161\u010dina 1f: Kdaj se dobimo? Po tem poglavju nikoli ne boste imeli ve\u010d te\u017eav z dogovarjanjem za zmenke in sestanke. Nau\u010dili se boste povedati, koliko je ura in govoriti o \u010dasu. Obvladali boste dneve v tednu, mesece v letu in letne \u010dase. Znali boste povedati, kak\u0161no je vreme. Nau\u010dili se boste govoriti o preteklosti in [&hellip;]<\/p>","protected":false},"featured_media":5453,"comment_status":"open","ping_status":"closed","template":"","meta":{"content-type":"","jetpack_post_was_ever_published":false},"product_brand":[],"product_cat":[29,31],"product_tag":[130,129,132,133,131,78,77,137,135,138,136,61,66,128,134,127],"class_list":{"0":"post-5007","1":"product","2":"type-product","3":"status-publish","4":"has-post-thumbnail","6":"product_cat-slovenscina","7":"product_cat-modul-2","8":"product_tag-dnevi","9":"product_tag-govoriti-o-casu","10":"product_tag-leta","11":"product_tag-letni-casi","12":"product_tag-meseci","13":"product_tag-modul-2","14":"product_tag-poglavje-1f","15":"product_tag-preteklik","16":"product_tag-preteklost","17":"product_tag-prihodnjik","18":"product_tag-prihodnost","19":"product_tag-slovenscina","20":"product_tag-stopnja-1","21":"product_tag-ura","22":"product_tag-vreme","23":"product_tag-zmenki","24":"wpbf-post","27":"instock","28":"virtual","29":"sold-individually","30":"taxable","31":"purchasable","32":"product-type-simple"},"_links":{"self":[{"href":"https:\/\/www.study-online-language.com\/en\/wp-json\/wp\/v2\/product\/5007","targetHints":{"allow":["GET"]}}],"collection":[{"href":"https:\/\/www.study-online-language.com\/en\/wp-json\/wp\/v2\/product"}],"about":[{"href":"https:\/\/www.study-online-language.com\/en\/wp-json\/wp\/v2\/types\/product"}],"replies":[{"embeddable":true,"href":"https:\/\/www.study-online-language.com\/en\/wp-json\/wp\/v2\/comments?post=5007"}],"wp:featuredmedia":[{"embeddable":true,"href":"https:\/\/www.study-online-language.com\/en\/wp-json\/wp\/v2\/media\/5453"}],"wp:attachment":[{"href":"https:\/\/www.study-online-language.com\/en\/wp-json\/wp\/v2\/media?parent=5007"}],"wp:term":[{"taxonomy":"product_brand","embeddable":true,"href":"https:\/\/www.study-online-language.com\/en\/wp-json\/wp\/v2\/product_brand?post=5007"},{"taxonomy":"product_cat","embeddable":true,"href":"https:\/\/www.study-online-language.com\/en\/wp-json\/wp\/v2\/product_cat?post=5007"},{"taxonomy":"product_tag","embeddable":true,"href":"https:\/\/www.study-online-language.com\/en\/wp-json\/wp\/v2\/product_tag?post=5007"}],"curies":[{"name":"wp","href":"https:\/\/api.w.org\/{rel}","templated":true}]}}