{"id":5006,"date":"2023-04-08T10:32:56","date_gmt":"2023-04-08T08:32:56","guid":{"rendered":"https:\/\/www.study-online-language.com\/?post_type=product&#038;p=5006"},"modified":"2024-10-03T19:51:28","modified_gmt":"2024-10-03T17:51:28","slug":"slovenscina-1e-pripravim-okusne-jedi","status":"publish","type":"product","link":"https:\/\/www.study-online-language.com\/en\/product\/slovenscina-1e-pripravim-okusne-jedi\/","title":{"rendered":"Slovene 1e: Pripravim okusne jedi - I prepare delicious dishes"},"content":{"rendered":"<p><strong>Slovene 1e: Pripravim okusne jedi - I prepare delicious dishes<\/strong><br \/>\nIn this chapter we will enjoy culinary delights. You will learn vocabulary related to food: food and drink, packaging, utensils and verbs used to describe food preparation. We will practice a dialogue in a restaurant and you will learn to say what you like and what you don't like. We will continue to learn ways to use the 2nd case. We will learn to form the dual and plural of nouns. Added two secret bonus content to the chapter.<\/p>","protected":false},"excerpt":{"rendered":"<p>Sloven\u0161\u010dina 1e: Pripravim okusne jedi V tem poglavju bomo u\u017eivali v kulinari\u010dnih dobrotah. Nau\u010dili se boste besedi\u0161\u010de povezano s hrano: hrana in pija\u010da, embala\u017ea, posoda in glagole, ki jih uporabljamo za opisovanje priprave jedi. Vadili bomo dialog v restavraciji in nau\u010dili se boste povedati, kaj imate radi in \u010desa ne marate. \u0160e naprej se bomo [&hellip;]<\/p>","protected":false},"featured_media":5454,"comment_status":"open","ping_status":"closed","template":"","meta":{"content-type":"","jetpack_post_was_ever_published":false},"product_brand":[],"product_cat":[29,31],"product_tag":[143,140,139,144,78,76,141,61,66,142],"class_list":{"0":"post-5006","1":"product","2":"type-product","3":"status-publish","4":"has-post-thumbnail","6":"product_cat-slovenscina","7":"product_cat-modul-2","8":"product_tag-dialog-v-restavraciji","9":"product_tag-embalaza","10":"product_tag-hrana-in-pijaca","11":"product_tag-imam-rad-a-in-nimam-rad-a","12":"product_tag-modul-2","13":"product_tag-poglavje-1e","14":"product_tag-posoda","15":"product_tag-slovenscina","16":"product_tag-stopnja-1","17":"product_tag-zivila","18":"wpbf-post","21":"instock","22":"virtual","23":"sold-individually","24":"taxable","25":"purchasable","26":"product-type-simple"},"_links":{"self":[{"href":"https:\/\/www.study-online-language.com\/en\/wp-json\/wp\/v2\/product\/5006","targetHints":{"allow":["GET"]}}],"collection":[{"href":"https:\/\/www.study-online-language.com\/en\/wp-json\/wp\/v2\/product"}],"about":[{"href":"https:\/\/www.study-online-language.com\/en\/wp-json\/wp\/v2\/types\/product"}],"replies":[{"embeddable":true,"href":"https:\/\/www.study-online-language.com\/en\/wp-json\/wp\/v2\/comments?post=5006"}],"wp:featuredmedia":[{"embeddable":true,"href":"https:\/\/www.study-online-language.com\/en\/wp-json\/wp\/v2\/media\/5454"}],"wp:attachment":[{"href":"https:\/\/www.study-online-language.com\/en\/wp-json\/wp\/v2\/media?parent=5006"}],"wp:term":[{"taxonomy":"product_brand","embeddable":true,"href":"https:\/\/www.study-online-language.com\/en\/wp-json\/wp\/v2\/product_brand?post=5006"},{"taxonomy":"product_cat","embeddable":true,"href":"https:\/\/www.study-online-language.com\/en\/wp-json\/wp\/v2\/product_cat?post=5006"},{"taxonomy":"product_tag","embeddable":true,"href":"https:\/\/www.study-online-language.com\/en\/wp-json\/wp\/v2\/product_tag?post=5006"}],"curies":[{"name":"wp","href":"https:\/\/api.w.org\/{rel}","templated":true}]}}