{"id":5004,"date":"2023-04-08T09:00:02","date_gmt":"2023-04-08T07:00:02","guid":{"rendered":"https:\/\/www.study-online-language.com\/?post_type=product&#038;p=5004"},"modified":"2024-10-03T19:51:28","modified_gmt":"2024-10-03T17:51:28","slug":"slovenscina-1c-moja-druzina","status":"publish","type":"product","link":"https:\/\/www.study-online-language.com\/en\/product\/slovenscina-1c-moja-druzina\/","title":{"rendered":"Slovene 1c: Moja dru\u017eina - My family"},"content":{"rendered":"<p><strong>Slovene 1c: Moja dru\u017eina - My family<\/strong><br \/>\nIn the third chapter, the focus is on the family. You will learn the vocabulary of family members, words to describe people and their character and parts of the body. You will know how to make your own family tree. You will also learn the conjugation of verbs ending in -ATI and also the difference between the verbs TO BE and HAVE. You will get to know a very popular Slovenian band and one of its most famous songs. Added secret bonus content to this chapter.<\/p>","protected":false},"excerpt":{"rendered":"<p>Sloven\u0161\u010dina 1c: Moja dru\u017eina V tretjem poglavju je v ospredju dru\u017eina. Spoznali boste besedi\u0161\u010de povezano z dru\u017einskimi \u010dlani, besede za opisovanje oseb in njihovega zna\u010daja ter dele telesa. Znali boste narediti svoje dru\u017einsko drevo. Nau\u010dili se boste tudi spreganje glagolov, ki se kon\u010dajo na -ATI in tudi razliko med glagoloma BITI in IMETI. Spoznali boste [&hellip;]<\/p>","protected":false},"featured_media":5456,"comment_status":"open","ping_status":"closed","template":"","meta":{"content-type":"","jetpack_post_was_ever_published":false},"product_brand":[],"product_cat":[29,30],"product_tag":[156,151,152,158,155,157,65,154,153,64,61,66],"class_list":{"0":"post-5004","1":"product","2":"type-product","3":"status-publish","4":"has-post-thumbnail","6":"product_cat-slovenscina","7":"product_cat-modul-1","8":"product_tag-biti","9":"product_tag-druzina","10":"product_tag-druzinski-clani","11":"product_tag-druzinsko-drevo","12":"product_tag-glagoli-na-ati","13":"product_tag-imeti","14":"product_tag-modul-1","15":"product_tag-opis-karakterja","16":"product_tag-opis-oseb","17":"product_tag-poglavje-1c","18":"product_tag-slovenscina","19":"product_tag-stopnja-1","20":"wpbf-post","23":"instock","24":"virtual","25":"sold-individually","26":"taxable","27":"purchasable","28":"product-type-simple"},"_links":{"self":[{"href":"https:\/\/www.study-online-language.com\/en\/wp-json\/wp\/v2\/product\/5004","targetHints":{"allow":["GET"]}}],"collection":[{"href":"https:\/\/www.study-online-language.com\/en\/wp-json\/wp\/v2\/product"}],"about":[{"href":"https:\/\/www.study-online-language.com\/en\/wp-json\/wp\/v2\/types\/product"}],"replies":[{"embeddable":true,"href":"https:\/\/www.study-online-language.com\/en\/wp-json\/wp\/v2\/comments?post=5004"}],"wp:featuredmedia":[{"embeddable":true,"href":"https:\/\/www.study-online-language.com\/en\/wp-json\/wp\/v2\/media\/5456"}],"wp:attachment":[{"href":"https:\/\/www.study-online-language.com\/en\/wp-json\/wp\/v2\/media?parent=5004"}],"wp:term":[{"taxonomy":"product_brand","embeddable":true,"href":"https:\/\/www.study-online-language.com\/en\/wp-json\/wp\/v2\/product_brand?post=5004"},{"taxonomy":"product_cat","embeddable":true,"href":"https:\/\/www.study-online-language.com\/en\/wp-json\/wp\/v2\/product_cat?post=5004"},{"taxonomy":"product_tag","embeddable":true,"href":"https:\/\/www.study-online-language.com\/en\/wp-json\/wp\/v2\/product_tag?post=5004"}],"curies":[{"name":"wp","href":"https:\/\/api.w.org\/{rel}","templated":true}]}}