{"id":5003,"date":"2023-04-08T08:59:33","date_gmt":"2023-04-08T06:59:33","guid":{"rendered":"https:\/\/www.study-online-language.com\/?post_type=product&#038;p=5003"},"modified":"2024-11-29T10:01:49","modified_gmt":"2024-11-29T09:01:49","slug":"slovenscina-1b-kdo-si","status":"publish","type":"product","link":"https:\/\/www.study-online-language.com\/en\/product\/slovenscina-1b-kdo-si\/","title":{"rendered":"Slovene 1b: Kdo si? - Who are you?"},"content":{"rendered":"<p><strong>Slovene 1b: Kdo si? - Who are you?<\/strong><br \/>\nIn the second chapter, you will learn to present yourself and others in more detail. You will learn Slovenian personal pronouns, tell nationalities, professions and languages in Slovenian, you will meet Slovenian, European and world celebrities and you will know how to introduce them too! You will learn to use the 2nd case in some situations. We have prepared an exercise where you will try a dialogue with an employee at the administrative unit, and arranging paperwork will never be a problem again. At the end we will listen to music, and this time we have added two secret bonus contents to the chapter.<\/p>","protected":false},"excerpt":{"rendered":"<p>Sloven\u0161\u010dina 1b: Kdo si? V drugem poglavju se boste nau\u010dili ob\u0161irneje predstaviti sebe in druge. Nau\u010dili se boste slovenske osebne zaimke, povedati narodnosti, poklice in jezike v sloven\u0161\u010dini, spoznali boste slovenske, evropske in svetovne slavne osebe in znali boste predstaviti tudi njih! Nau\u010dili se boste uporabljati 2. sklon v nekaterih situacijah. Pripravili smo vajo, kjer [&hellip;]<\/p>","protected":false},"featured_media":5457,"comment_status":"open","ping_status":"closed","template":"","meta":{"content-type":"","jetpack_post_was_ever_published":false},"product_brand":[],"product_cat":[29,30],"product_tag":[147,160,163,65,161,63,162,159,61,66],"class_list":{"0":"post-5003","1":"product","2":"type-product","3":"status-publish","4":"has-post-thumbnail","6":"product_cat-slovenscina","7":"product_cat-modul-1","8":"product_tag-2-sklon","9":"product_tag-dialog-na-upravni-enoti","10":"product_tag-jeziki","11":"product_tag-modul-1","12":"product_tag-narodnosti","13":"product_tag-poglavje-1b","14":"product_tag-poklici","15":"product_tag-predstavitev","16":"product_tag-slovenscina","17":"product_tag-stopnja-1","18":"wpbf-post","21":"instock","22":"virtual","23":"sold-individually","24":"taxable","25":"purchasable","26":"product-type-simple"},"_links":{"self":[{"href":"https:\/\/www.study-online-language.com\/en\/wp-json\/wp\/v2\/product\/5003","targetHints":{"allow":["GET"]}}],"collection":[{"href":"https:\/\/www.study-online-language.com\/en\/wp-json\/wp\/v2\/product"}],"about":[{"href":"https:\/\/www.study-online-language.com\/en\/wp-json\/wp\/v2\/types\/product"}],"replies":[{"embeddable":true,"href":"https:\/\/www.study-online-language.com\/en\/wp-json\/wp\/v2\/comments?post=5003"}],"wp:featuredmedia":[{"embeddable":true,"href":"https:\/\/www.study-online-language.com\/en\/wp-json\/wp\/v2\/media\/5457"}],"wp:attachment":[{"href":"https:\/\/www.study-online-language.com\/en\/wp-json\/wp\/v2\/media?parent=5003"}],"wp:term":[{"taxonomy":"product_brand","embeddable":true,"href":"https:\/\/www.study-online-language.com\/en\/wp-json\/wp\/v2\/product_brand?post=5003"},{"taxonomy":"product_cat","embeddable":true,"href":"https:\/\/www.study-online-language.com\/en\/wp-json\/wp\/v2\/product_cat?post=5003"},{"taxonomy":"product_tag","embeddable":true,"href":"https:\/\/www.study-online-language.com\/en\/wp-json\/wp\/v2\/product_tag?post=5003"}],"curies":[{"name":"wp","href":"https:\/\/api.w.org\/{rel}","templated":true}]}}